{"id":1939,"date":"2025-12-04T11:32:43","date_gmt":"2025-12-04T10:32:43","guid":{"rendered":"https:\/\/sterneerleben.info\/new\/?page_id=1939"},"modified":"2025-12-14T10:51:29","modified_gmt":"2025-12-14T09:51:29","slug":"treff_sonntagnachmittag","status":"publish","type":"page","link":"https:\/\/sterneerleben.info\/new\/treff_sonntagnachmittag\/","title":{"rendered":"Sonntagtreff"},"content":{"rendered":"<p>[et_pb_section fb_built=&#8220;1&#8243; fullwidth=&#8220;on&#8220; _builder_version=&#8220;4.27.4&#8243; _module_preset=&#8220;default&#8220; global_colors_info=&#8220;{}&#8220;][et_pb_fullwidth_image src=&#8220;https:\/\/sterneerleben.info\/new\/wp-content\/uploads\/2025\/12\/flyer-Kopie.jpg&#8220; title_text=&#8220;Treff am Sonntag 14.12.2025-Flyer A4.indd&#8220; _builder_version=&#8220;4.27.5&#8243; _module_preset=&#8220;default&#8220; global_colors_info=&#8220;{}&#8220;][\/et_pb_fullwidth_image][\/et_pb_section][et_pb_section fb_built=&#8220;1&#8243; _builder_version=&#8220;4.18.0&#8243; _module_preset=&#8220;default&#8220; global_colors_info=&#8220;{}&#8220;][et_pb_row _builder_version=&#8220;4.18.0&#8243; _module_preset=&#8220;default&#8220; global_colors_info=&#8220;{}&#8220;][et_pb_column type=&#8220;4_4&#8243; _builder_version=&#8220;4.18.0&#8243; _module_preset=&#8220;default&#8220; global_colors_info=&#8220;{}&#8220;][et_pb_text _builder_version=&#8220;4.27.5&#8243; _module_preset=&#8220;default&#8220; hover_enabled=&#8220;0&#8243; global_colors_info=&#8220;{}&#8220; sticky_enabled=&#8220;0&#8243;]<\/p>\n<h1><strong>Ein paar Filme und Links zum Vortrag<\/strong><\/h1>\n<p>Aktualisiert am: 13.12.2025 <a href=\"mailto:heinz.hofer@quicknet.ch\">heinz.hofer@sterneerleben.info<\/a><\/p>\n<h2>Nordkap<\/h2>\n<p style=\"padding-left: 40px;\"><a href=\"https:\/\/vimeo.com\/811407573\/732ea326d5\" target=\"_blank\" rel=\"noopener\">&gt; Nordlichter verzaubern <em>Denkmal der Kinder der Welt<\/em><\/a> (Video)<\/p>\n<p style=\"padding-left: 40px;\"><a href=\"https:\/\/vimeo.com\/1064356337\/d12cc1bf62?share=copy&amp;fl=sv&amp;fe=ci\" target=\"_blank\" rel=\"noopener\">&gt; Das Sternbild <em>Rentier<\/em> der Samen <\/a>\u00a0(Animation)<\/p>\n<p style=\"padding-left: 40px;\"><a href=\"https:\/\/creainmotion.info\/download\/muri\/the_heavanly_hunt.pdf\" target=\"_blank\" rel=\"noopener\">&gt; Das Sternbild <em>Rentier<\/em> der Samen<\/a> (Skizze, PDF)<\/p>\n<p style=\"padding-left: 40px;\"><a href=\"https:\/\/vimeo.com\/1108212447\/520389e254?share=copy&amp;fl=sv&amp;fe=ci\" target=\"_blank\" rel=\"noopener\">&gt; Das Rentier als Weihnachtsuhr<\/a>\u00a0(Animation)<\/p>\n<p style=\"padding-left: 40px;\">Weiterf\u00fchrend:<\/p>\n<p style=\"padding-left: 80px;\"><a href=\"https:\/\/creainmotion.info\/download\/muri\/samischer_sternenhimmel_GESCHICHTE.pdf\">&gt; Unterlagen zur Geschichte vom Sternbild <em>Rentier<\/em><\/a> (PDF)<\/p>\n<p style=\"padding-left: 80px;\"><a href=\"https:\/\/creainmotion.info\/download\/the_heavenly_hunt\/samischer_sternenhimmel_LITERATUR.pdf\">&gt; Literatur zum Sternbild <em>Rentier<\/em><\/a><em>\u00a0<\/em> (PDF)<\/p>\n<p style=\"padding-left: 40px;\"><a href=\"https:\/\/vimeo.com\/1140200485\/e177ce5c39?share=copy&amp;fl=sv&amp;fe=ci\" target=\"_blank\" rel=\"noopener\">&gt; Der Grosse B\u00e4r als Weihnachtsuhr<\/a>\u00a0 (Animation)<\/p>\n<p style=\"padding-left: 40px;\"><a href=\"https:\/\/vimeo.com\/1144874829\/5fa09039c8?share=copy&amp;fl=sv&amp;fe=ci\" target=\"_blank\" rel=\"noopener\">&gt; Mit der Fjellheisen zum Panorama von Troms\u00f6<\/a> (Video)<\/p>\n<h2>Island<\/h2>\n<p style=\"padding-left: 40px;\"><a href=\"https:\/\/vimeo.com\/1144498249\/52878f77fb?share=copy&amp;fl=sv&amp;fe=ci\">&gt; Von Sey\u00f0isfj\u00f6r\u00f0ur zu den Nordlichtern am Walfjord<\/a> (Video)<\/p>\n<p style=\"padding-left: 40px;\"><a href=\"https:\/\/vimeo.com\/1142061709\/404d64945e?share=copy&amp;fl=sv&amp;fe=ci\u00a0\" target=\"_blank\" rel=\"noopener\">&gt; Der Gletschersee <em>J\u00f6kuls\u00e1rl\u00f3n<\/em><\/a> (Video)<\/p>\n<p style=\"padding-left: 40px;\"><a href=\"https:\/\/vimeo.com\/1143963397\/b6a45ae262?share=copy&amp;fl=sv&amp;fe=ci\" target=\"_blank\" rel=\"noopener\">&gt; Der Nordlichtsturm vom 01. M\u00e4rz 2017 am Walfjord<\/a>\u00a0(Video)<\/p>\n<h2>Spitzbergen<\/h2>\n<p style=\"padding-left: 40px;\"><a href=\"https:\/\/vimeo.com\/1144856621\/5792666ef5?share=copy&amp;fl=sv&amp;fe=ci\" target=\"_blank\" rel=\"noopener\">&gt; Von Troms\u00f6 zu den Nordlichtern in Longyearbyen<\/a> (Video)<\/p>\n<p style=\"padding-left: 40px;\"><a href=\"https:\/\/vimeo.com\/124681060?share=copy&amp;fl=sv&amp;fe=ci\" target=\"_blank\" rel=\"noopener\">&gt; Totale Sonnenfinsternis auf Spitzbergen<\/a> (Video)<\/p>\n<h2>Bern<\/h2>\n<p style=\"padding-left: 40px;\"><a href=\"https:\/\/vimeo.com\/946354674\/fb9ff8abd4?share=copy&amp;fl=sv&amp;fe=ci\">&gt;\u00a0 Die Nordlichter vom 11.05.2024 auf dem Chutze<\/a> (Video)<\/p>\n<h2>Weitere Unterlagen<\/h2>\n<p style=\"padding-left: 40px;\"><strong><a href=\"https:\/\/esamultimedia.esa.int\/multimedia\/virtual-tour-iss\/\"><\/a><\/strong><strong><\/strong><a href=\"https:\/\/rolfkoczorek.de\/project\/quarks_sonnensturm\">&gt; Der st\u00e4rkste Sonnensturm aller Zeiten<\/a> (Carringtonereignis 1859, Trickfilm)<\/p>\n<p style=\"padding-left: 40px;\"><a href=\"https:\/\/www.youtube.com\/watch?v=svZlsvG60wI\">&gt; Jagd nach dem Himmelsfeuer &#8211; Das Nordlicht<\/a> (Doku, ZDF 2011)<\/p>\n<h2>Links<\/h2>\n<p style=\"padding-left: 40px;\"><a href=\"https:\/\/www.polarlicht-vorhersage.de\/\">https:\/\/www.polarlicht-vorhersage.de\/<\/a><\/p>\n<p style=\"padding-left: 40px;\"><a href=\"https:\/\/www.spaceweather.com\">https:\/\/www.spaceweather.com<\/a>\/<\/p>\n<p style=\"padding-left: 40px;\"><a href=\"https:\/\/kho.unis.no\/\">https:\/\/kho.unis.no\/<\/a><\/p>\n<p style=\"padding-left: 40px;\"><a href=\"https:\/\/www.barnavjorden.org\/en\/\">&gt; Denkmal <em>Kinder der Welt<\/em><\/a><\/p>\n<p style=\"padding-left: 40px;\">App f\u00fcr Nordlichtvorhersage: <a href=\"https:\/\/kho.unis.no\/AuroraForecast.html\">https:\/\/kho.unis.no\/AuroraForecast.html<\/a><\/p>\n<p>[\/et_pb_text][\/et_pb_column][\/et_pb_row][\/et_pb_section]<\/p>\n","protected":false},"excerpt":{"rendered":"<p>Ein paar Filme und Links zum Vortrag Aktualisiert am: 13.12.2025 heinz.hofer@sterneerleben.info Nordkap &gt; Nordlichter verzaubern Denkmal der Kinder der Welt (Video) &gt; Das Sternbild Rentier der Samen \u00a0(Animation) &gt; Das Sternbild Rentier der Samen (Skizze, PDF) &gt; Das Rentier als Weihnachtsuhr\u00a0(Animation) Weiterf\u00fchrend: &gt; Unterlagen zur Geschichte vom Sternbild Rentier (PDF) &gt; Literatur zum Sternbild Rentier\u00a0 [&hellip;]<\/p>\n","protected":false},"author":1,"featured_media":0,"parent":0,"menu_order":0,"comment_status":"closed","ping_status":"closed","template":"","meta":{"_bbp_topic_count":0,"_bbp_reply_count":0,"_bbp_total_topic_count":0,"_bbp_total_reply_count":0,"_bbp_voice_count":0,"_bbp_anonymous_reply_count":0,"_bbp_topic_count_hidden":0,"_bbp_reply_count_hidden":0,"_bbp_forum_subforum_count":0,"_et_pb_use_builder":"on","_et_pb_old_content":"","_et_gb_content_width":"","footnotes":""},"class_list":["post-1939","page","type-page","status-publish","hentry"],"_links":{"self":[{"href":"https:\/\/sterneerleben.info\/new\/wp-json\/wp\/v2\/pages\/1939","targetHints":{"allow":["GET"]}}],"collection":[{"href":"https:\/\/sterneerleben.info\/new\/wp-json\/wp\/v2\/pages"}],"about":[{"href":"https:\/\/sterneerleben.info\/new\/wp-json\/wp\/v2\/types\/page"}],"author":[{"embeddable":true,"href":"https:\/\/sterneerleben.info\/new\/wp-json\/wp\/v2\/users\/1"}],"replies":[{"embeddable":true,"href":"https:\/\/sterneerleben.info\/new\/wp-json\/wp\/v2\/comments?post=1939"}],"version-history":[{"count":9,"href":"https:\/\/sterneerleben.info\/new\/wp-json\/wp\/v2\/pages\/1939\/revisions"}],"predecessor-version":[{"id":1995,"href":"https:\/\/sterneerleben.info\/new\/wp-json\/wp\/v2\/pages\/1939\/revisions\/1995"}],"wp:attachment":[{"href":"https:\/\/sterneerleben.info\/new\/wp-json\/wp\/v2\/media?parent=1939"}],"curies":[{"name":"wp","href":"https:\/\/api.w.org\/{rel}","templated":true}]}}