{"id":333,"date":"2026-05-02T15:35:33","date_gmt":"2026-05-02T13:35:33","guid":{"rendered":"https:\/\/sterneerleben.info\/dossier\/?page_id=333"},"modified":"2026-05-02T22:02:41","modified_gmt":"2026-05-02T20:02:41","slug":"333-2","status":"publish","type":"page","link":"https:\/\/sterneerleben.info\/dossier\/333-2\/","title":{"rendered":"Winter-6-Eck"},"content":{"rendered":"<p>[et_pb_section fb_built=&#8220;1&#8243; _builder_version=&#8220;4.27.5&#8243; _module_preset=&#8220;default&#8220; background_color=&#8220;#1e2937&#8243; custom_margin=&#8220;0px||0px||false|false&#8220; custom_padding=&#8220;0px|2%|0px|2%|false|false&#8220; global_colors_info=&#8220;{}&#8220;][et_pb_row _builder_version=&#8220;4.27.5&#8243; _module_preset=&#8220;default&#8220; background_color=&#8220;#1e2937&#8243; width=&#8220;100%&#8220; max_width=&#8220;100%&#8220; custom_margin=&#8220;|0px|0px|0px|false|false&#8220; custom_padding=&#8220;2%||2%|0px|false|false&#8220; global_colors_info=&#8220;{}&#8220;][et_pb_column type=&#8220;4_4&#8243; _builder_version=&#8220;4.16&#8243; _module_preset=&#8220;default&#8220; custom_padding=&#8220;|||&#8220; global_colors_info=&#8220;{}&#8220; custom_padding__hover=&#8220;|||&#8220;][et_pb_text admin_label=&#8220;Top Destination Sub Title&#8220; _builder_version=&#8220;4.27.6&#8243; _module_preset=&#8220;_initial&#8220; text_font=&#8220;&#8211;et_global_heading_font||||||||&#8220; text_font_size=&#8220;2rem&#8220; header_4_font=&#8220;Oswald|500|||||||&#8220; background_color=&#8220;#1e2937&#8243; custom_margin=&#8220;||0px||false|false&#8220; custom_padding=&#8220;0px|0px|0%|0px|false|false&#8220; animation_style=&#8220;zoom&#8220; animation_intensity_zoom=&#8220;4%&#8220; animation_speed_curve=&#8220;ease&#8220; locked=&#8220;off&#8220; global_colors_info=&#8220;{}&#8220;]<\/p>\n<p><span style=\"color: #ffffff;\">Das Winter-6-Eck<\/span><\/p>\n<p>[\/et_pb_text][\/et_pb_column][\/et_pb_row][\/et_pb_section][et_pb_section fb_built=&#8220;1&#8243; _builder_version=&#8220;4.27.5&#8243; _module_preset=&#8220;default&#8220; background_color=&#8220;#1e2937&#8243; custom_margin=&#8220;0px||||false|false&#8220; custom_padding=&#8220;0px|0px|0px|0px|false|false&#8220; global_colors_info=&#8220;{}&#8220;][et_pb_row _builder_version=&#8220;4.27.5&#8243; _module_preset=&#8220;default&#8220; width=&#8220;100%&#8220; custom_margin=&#8220;0px|0px||0px|false|false&#8220; custom_padding=&#8220;0px|0px|0px|0px|false|false&#8220; global_colors_info=&#8220;{}&#8220;][et_pb_column type=&#8220;4_4&#8243; _builder_version=&#8220;4.27.5&#8243; _module_preset=&#8220;default&#8220; global_colors_info=&#8220;{}&#8220;][et_pb_image src=&#8220;https:\/\/sterneerleben.info\/dossier\/wp-content\/uploads\/2026\/05\/do26_260120_DSC_0593_neuhaus_sechseck_01-scaled.jpg&#8220; alt=&#8220;sternenhimmel im zweistromland&#8220; title_text=&#8220;do26_260120_DSC_0593_neuhaus_sechseck_01&#8243; url=&#8220;https:\/\/sterneerleben.info\/dossier\/wp-content\/uploads\/2026\/05\/do26_260120_DSC_0593_neuhaus_sechseck_01-scaled.jpg&#8220; _builder_version=&#8220;4.27.6&#8243; _module_preset=&#8220;default&#8220; custom_margin=&#8220;||1%||false|false&#8220; custom_padding=&#8220;||0px|||&#8220; global_colors_info=&#8220;{}&#8220;][\/et_pb_image][\/et_pb_column][\/et_pb_row][et_pb_row _builder_version=&#8220;4.27.5&#8243; _module_preset=&#8220;default&#8220; width=&#8220;100%&#8220; max_width=&#8220;none&#8220; custom_margin=&#8220;0px|0px|0px|0px|false|false&#8220; custom_padding=&#8220;0px|0px|0px|0px|false|false&#8220; global_colors_info=&#8220;{}&#8220;][et_pb_column type=&#8220;4_4&#8243; _builder_version=&#8220;4.27.5&#8243; _module_preset=&#8220;default&#8220; global_colors_info=&#8220;{}&#8220;][et_pb_text _builder_version=&#8220;4.27.6&#8243; _module_preset=&#8220;default&#8220; text_font=&#8220;&#8211;et_global_body_font||||||||&#8220; text_font_size=&#8220;0.9rem&#8220; header_font_size=&#8220;3rem&#8220; custom_margin=&#8220;0px|0px|0px|0px|false|false&#8220; custom_padding=&#8220;1%|2%|3%|2%|false|false&#8220; global_colors_info=&#8220;{}&#8220;]<\/p>\n<p><span style=\"color: #ffffff;\">Im S\u00fcden stehen um diese Jahreszeit die lichtstarken Wintersternbilder: Fuhrmann, Zwillinge, Kleiner Hund, Grosser Hund, Orion, Stier und die Plejaden. In den Zwillingen h\u00e4lt sich gerade ein helles Objekt (Wandelobjekt) auf, das nicht zu den Zwillingen geh\u00f6rt [Bild: Neuhaus, 20.01.2026, 20:47 Uhr].<\/span><\/p>\n<p>[\/et_pb_text][\/et_pb_column][\/et_pb_row][\/et_pb_section][et_pb_section fb_built=&#8220;1&#8243; _builder_version=&#8220;4.27.5&#8243; _module_preset=&#8220;default&#8220; background_color=&#8220;#1e2937&#8243; custom_margin=&#8220;0px||||false|false&#8220; custom_padding=&#8220;0px|0px|0px|0px|false|false&#8220; global_colors_info=&#8220;{}&#8220;][et_pb_row _builder_version=&#8220;4.27.5&#8243; _module_preset=&#8220;default&#8220; width=&#8220;100%&#8220; custom_margin=&#8220;0px|0px||0px|false|false&#8220; custom_padding=&#8220;0px|0px|0px|0px|false|false&#8220; global_colors_info=&#8220;{}&#8220;][et_pb_column type=&#8220;4_4&#8243; _builder_version=&#8220;4.27.5&#8243; _module_preset=&#8220;default&#8220; global_colors_info=&#8220;{}&#8220;][et_pb_image src=&#8220;https:\/\/sterneerleben.info\/dossier\/wp-content\/uploads\/2026\/05\/do26_260120_DSC_0593_neuhaus_sechseck_02-scaled.jpg&#8220; alt=&#8220;sternenhimmel im zweistromland&#8220; title_text=&#8220;do26_260120_DSC_0593_neuhaus_sechseck_02&#8243; url=&#8220;https:\/\/sterneerleben.info\/dossier\/wp-content\/uploads\/2026\/05\/do26_260120_DSC_0593_neuhaus_sechseck_02-scaled.jpg&#8220; _builder_version=&#8220;4.27.6&#8243; _module_preset=&#8220;default&#8220; custom_margin=&#8220;||1%||false|false&#8220; custom_padding=&#8220;||0px|||&#8220; global_colors_info=&#8220;{}&#8220;][\/et_pb_image][\/et_pb_column][\/et_pb_row][et_pb_row _builder_version=&#8220;4.27.5&#8243; _module_preset=&#8220;default&#8220; width=&#8220;100%&#8220; max_width=&#8220;none&#8220; custom_margin=&#8220;0px|0px|0px|0px|false|false&#8220; custom_padding=&#8220;0px|0px|0px|0px|false|false&#8220; global_colors_info=&#8220;{}&#8220;][et_pb_column type=&#8220;4_4&#8243; _builder_version=&#8220;4.27.5&#8243; _module_preset=&#8220;default&#8220; global_colors_info=&#8220;{}&#8220;][et_pb_text _builder_version=&#8220;4.27.6&#8243; _module_preset=&#8220;default&#8220; text_font=&#8220;&#8211;et_global_body_font||||||||&#8220; text_font_size=&#8220;0.9rem&#8220; header_font_size=&#8220;3rem&#8220; custom_margin=&#8220;0px|0px|0px|0px|false|false&#8220; custom_padding=&#8220;1%|2%|3%|2%|false|false&#8220; global_colors_info=&#8220;{}&#8220;]<\/p>\n<p>Unter dem Orion ist noch das H\u00e4schen auszumachen. Nach einer Geschichte von Erika D\u00fchnfort hilft es dem Hirten Orion im Kampf gegen einen Riesen.<\/p>\n<p>[\/et_pb_text][\/et_pb_column][\/et_pb_row][\/et_pb_section][et_pb_section fb_built=&#8220;1&#8243; _builder_version=&#8220;4.27.5&#8243; _module_preset=&#8220;default&#8220; background_color=&#8220;#1e2937&#8243; custom_margin=&#8220;0px||||false|false&#8220; custom_padding=&#8220;0px|0px|0px|0px|false|false&#8220; global_colors_info=&#8220;{}&#8220;][et_pb_row _builder_version=&#8220;4.27.5&#8243; _module_preset=&#8220;default&#8220; width=&#8220;100%&#8220; custom_margin=&#8220;0px|0px||0px|false|false&#8220; custom_padding=&#8220;0px|0px|0px|0px|false|false&#8220; global_colors_info=&#8220;{}&#8220;][et_pb_column type=&#8220;4_4&#8243; _builder_version=&#8220;4.27.5&#8243; _module_preset=&#8220;default&#8220; global_colors_info=&#8220;{}&#8220;][et_pb_image src=&#8220;https:\/\/sterneerleben.info\/dossier\/wp-content\/uploads\/2026\/05\/do26_260120_DSC_0593_neuhaus_sechseck_03-scaled.jpg&#8220; alt=&#8220;sternenhimmel im zweistromland&#8220; title_text=&#8220;do26_260120_DSC_0593_neuhaus_sechseck_03&#8243; url=&#8220;https:\/\/sterneerleben.info\/dossier\/wp-content\/uploads\/2026\/05\/do26_260120_DSC_0593_neuhaus_sechseck_03-scaled.jpg&#8220; _builder_version=&#8220;4.27.6&#8243; _module_preset=&#8220;default&#8220; custom_margin=&#8220;||1%||false|false&#8220; custom_padding=&#8220;||0px|||&#8220; global_colors_info=&#8220;{}&#8220;][\/et_pb_image][\/et_pb_column][\/et_pb_row][et_pb_row _builder_version=&#8220;4.27.5&#8243; _module_preset=&#8220;default&#8220; width=&#8220;100%&#8220; max_width=&#8220;none&#8220; custom_margin=&#8220;0px|0px|0px|0px|false|false&#8220; custom_padding=&#8220;0px|0px|0px|0px|false|false&#8220; global_colors_info=&#8220;{}&#8220;][et_pb_column type=&#8220;4_4&#8243; _builder_version=&#8220;4.27.5&#8243; _module_preset=&#8220;default&#8220; global_colors_info=&#8220;{}&#8220;][et_pb_text _builder_version=&#8220;4.27.6&#8243; _module_preset=&#8220;default&#8220; text_font=&#8220;&#8211;et_global_body_font||||||||&#8220; text_font_size=&#8220;0.9rem&#8220; header_font_size=&#8220;3rem&#8220; custom_margin=&#8220;0px|0px|0px|0px|false|false&#8220; custom_padding=&#8220;1%|2%|3%|2%|false|false&#8220; global_colors_info=&#8220;{}&#8220;]<\/p>\n<p><span style=\"color: #ffffff;\">Die hellsten Sterne Capella (Fuhrmann), Castor und Pollux (Zwillinge), Procyon (Kleiner Hund), Sirius (Grosser Hund), Rigel (Orion) und Aldebaran (Stier) bilden ein Sechseck.<\/span><\/p>\n<p>[\/et_pb_text][\/et_pb_column][\/et_pb_row][\/et_pb_section][et_pb_section fb_built=&#8220;1&#8243; _builder_version=&#8220;4.27.5&#8243; _module_preset=&#8220;default&#8220; background_color=&#8220;#1e2937&#8243; custom_margin=&#8220;0px||||false|false&#8220; custom_padding=&#8220;0px|0px|0px|0px|false|false&#8220; global_colors_info=&#8220;{}&#8220;][et_pb_row _builder_version=&#8220;4.27.5&#8243; _module_preset=&#8220;default&#8220; width=&#8220;100%&#8220; custom_margin=&#8220;0px|0px||0px|false|false&#8220; custom_padding=&#8220;0px|0px|0px|0px|false|false&#8220; global_colors_info=&#8220;{}&#8220;][et_pb_column type=&#8220;4_4&#8243; _builder_version=&#8220;4.27.5&#8243; _module_preset=&#8220;default&#8220; global_colors_info=&#8220;{}&#8220;][et_pb_image src=&#8220;https:\/\/sterneerleben.info\/dossier\/wp-content\/uploads\/2026\/05\/do26_260120_DSC_0593_neuhaus_sechseck_04-scaled.jpg&#8220; alt=&#8220;sternenhimmel im zweistromland&#8220; title_text=&#8220;do26_260120_DSC_0593_neuhaus_sechseck_04&#8243; url=&#8220;https:\/\/sterneerleben.info\/dossier\/wp-content\/uploads\/2026\/05\/do26_260120_DSC_0593_neuhaus_sechseck_03-scaled.jpg&#8220; _builder_version=&#8220;4.27.6&#8243; _module_preset=&#8220;default&#8220; custom_margin=&#8220;||1%||false|false&#8220; custom_padding=&#8220;||0px|||&#8220; global_colors_info=&#8220;{}&#8220;][\/et_pb_image][et_pb_text _builder_version=&#8220;4.27.6&#8243; _module_preset=&#8220;default&#8220; text_font=&#8220;&#8211;et_global_body_font||||||||&#8220; text_font_size=&#8220;0.9rem&#8220; header_font_size=&#8220;3rem&#8220; custom_margin=&#8220;0px|0px|0px|0px|false|false&#8220; custom_padding=&#8220;1%|2%|3%|2%|false|false&#8220; global_colors_info=&#8220;{}&#8220;]<\/p>\n<p><span style=\"color: #ffffff;\">Im Vordergrund taucht gerade ein Schwan&#8230; Schaust du hinter deinen R\u00fccken, so taucht auch der Schwan vom Sommerdreieck gerade ab.<\/span><\/p>\n<p>[\/et_pb_text][et_pb_image src=&#8220;https:\/\/sterneerleben.info\/dossier\/wp-content\/uploads\/2026\/05\/do26_260120_DSC_0560_neuhaus_so_he_alles-scaled.jpg&#8220; alt=&#8220;sternenhimmel im zweistromland&#8220; title_text=&#8220;do26_260120_DSC_0560_neuhaus_so_he_alles&#8220; url=&#8220;https:\/\/sterneerleben.info\/dossier\/wp-content\/uploads\/2026\/05\/do26_260120_DSC_0560_neuhaus_so_he_alles-scaled.jpg&#8220; _builder_version=&#8220;4.27.6&#8243; _module_preset=&#8220;default&#8220; custom_margin=&#8220;||1%||false|false&#8220; custom_padding=&#8220;||0px|||&#8220; hover_enabled=&#8220;0&#8243; global_colors_info=&#8220;{}&#8220; sticky_enabled=&#8220;0&#8243;][\/et_pb_image][\/et_pb_column][\/et_pb_row][\/et_pb_section][et_pb_section fb_built=&#8220;1&#8243; _builder_version=&#8220;4.27.5&#8243; _module_preset=&#8220;default&#8220; background_color=&#8220;#1e2937&#8243; custom_margin=&#8220;0px||0px||false|false&#8220; custom_padding=&#8220;0px|1%|0px|0px|false|false&#8220; global_colors_info=&#8220;{}&#8220;][et_pb_row _builder_version=&#8220;4.27.5&#8243; _module_preset=&#8220;default&#8220; background_color=&#8220;#1e2937&#8243; width=&#8220;100%&#8220; max_width=&#8220;100%&#8220; custom_margin=&#8220;0px|0px|0px|0px|false|false&#8220; custom_padding=&#8220;0px||0px|0px|false|false&#8220; global_colors_info=&#8220;{}&#8220;][et_pb_column type=&#8220;4_4&#8243; _builder_version=&#8220;4.16&#8243; _module_preset=&#8220;default&#8220; custom_padding=&#8220;|||&#8220; global_colors_info=&#8220;{}&#8220; custom_padding__hover=&#8220;|||&#8220;][et_pb_text _builder_version=&#8220;4.27.6&#8243; _module_preset=&#8220;default&#8220; text_font=&#8220;&#8211;et_global_body_font||||||||&#8220; text_font_size=&#8220;0.9rem&#8220; header_font_size=&#8220;3rem&#8220; custom_margin=&#8220;0px|0px|0px|0px|false|false&#8220; custom_padding=&#8220;1%|2%|3%|2%|false|false&#8220; hover_enabled=&#8220;0&#8243; global_colors_info=&#8220;{}&#8220; sticky_enabled=&#8220;0&#8243;]<\/p>\n<p><span style=\"color: #ffffff;\">Die r\u00f6tliche Farbe am Horizont kommt von NORDLICHTERN. Dieses Ph\u00e4nomen ist in der Schweiz selten zu beobachten.<\/span><\/p>\n<p><span style=\"color: #ffffff;\">Cassiopeia, Cepheus und den Polarstern kennst du ja schon. Die anderen zwei Sternbilder am linken Rand wirst du gleich kennenlernen. Und wie gesagt: Der Schwan vom Sommerdreieck taucht gerade ab und verabschiedet sich vor\u00fcbergehend vom Nachthimmel.<\/span><\/p>\n<p>[\/et_pb_text][et_pb_text _builder_version=&#8220;4.27.5&#8243; _module_preset=&#8220;_initial&#8220; text_font=&#8220;&#8211;et_global_body_font||||||||&#8220; text_text_color=&#8220;#FFFFFF&#8220; text_font_size=&#8220;0.9rem&#8220; text_line_height=&#8220;1.2rem&#8220; background_color=&#8220;#1e2937&#8243; custom_margin=&#8220;0px||0px||false|false&#8220; custom_padding=&#8220;2%|2%|2%|2%|false|false&#8220; animation_style=&#8220;zoom&#8220; animation_intensity_zoom=&#8220;4%&#8220; animation_speed_curve=&#8220;ease&#8220; global_colors_info=&#8220;{}&#8220;]<\/p>\n<p><span style=\"color: #999999;\"><em>Vergiss nicht, empor zu den Sternen zu blicken, anstatt hinab auf deine F\u00fcsse<\/em> (nach Stephen Hawking).<\/span><\/p>\n<p><span style=\"color: #ffffff;\"><span style=\"color: #999999;\">Aktualisiert am 02.05.2026 \/<\/span> <a href=\"mailto:heinz.hofer@quicknet.ch\">heinz.hofer[\u00e4t]sterneerleben.info<\/a><\/span><\/p>\n<p><span style=\"color: #ffffff;\"><\/span><\/p>\n<p>[\/et_pb_text][\/et_pb_column][\/et_pb_row][\/et_pb_section]<\/p>\n","protected":false},"excerpt":{"rendered":"<p>Das Winter-6-EckIm S\u00fcden stehen um diese Jahreszeit die lichtstarken Wintersternbilder: Fuhrmann, Zwillinge, Kleiner Hund, Grosser Hund, Orion, Stier und die Plejaden. In den Zwillingen h\u00e4lt sich gerade ein helles Objekt (Wandelobjekt) auf, das nicht zu den Zwillingen geh\u00f6rt [Bild: Neuhaus, 20.01.2026, 20:47 Uhr].Unter dem Orion ist noch das H\u00e4schen auszumachen. Nach einer Geschichte von Erika [&hellip;]<\/p>\n","protected":false},"author":1,"featured_media":0,"parent":0,"menu_order":0,"comment_status":"closed","ping_status":"closed","template":"","meta":{"_et_pb_use_builder":"on","_et_pb_old_content":"","_et_gb_content_width":"","footnotes":""},"class_list":["post-333","page","type-page","status-publish","hentry"],"_links":{"self":[{"href":"https:\/\/sterneerleben.info\/dossier\/wp-json\/wp\/v2\/pages\/333","targetHints":{"allow":["GET"]}}],"collection":[{"href":"https:\/\/sterneerleben.info\/dossier\/wp-json\/wp\/v2\/pages"}],"about":[{"href":"https:\/\/sterneerleben.info\/dossier\/wp-json\/wp\/v2\/types\/page"}],"author":[{"embeddable":true,"href":"https:\/\/sterneerleben.info\/dossier\/wp-json\/wp\/v2\/users\/1"}],"replies":[{"embeddable":true,"href":"https:\/\/sterneerleben.info\/dossier\/wp-json\/wp\/v2\/comments?post=333"}],"version-history":[{"count":9,"href":"https:\/\/sterneerleben.info\/dossier\/wp-json\/wp\/v2\/pages\/333\/revisions"}],"predecessor-version":[{"id":357,"href":"https:\/\/sterneerleben.info\/dossier\/wp-json\/wp\/v2\/pages\/333\/revisions\/357"}],"wp:attachment":[{"href":"https:\/\/sterneerleben.info\/dossier\/wp-json\/wp\/v2\/media?parent=333"}],"curies":[{"name":"wp","href":"https:\/\/api.w.org\/{rel}","templated":true}]}}