{"id":974,"date":"2021-05-30T19:57:08","date_gmt":"2021-05-30T17:57:08","guid":{"rendered":"https:\/\/sterneerleben.info\/beobachtungsarchiv\/?page_id=974"},"modified":"2021-05-30T19:58:17","modified_gmt":"2021-05-30T17:58:17","slug":"18-02-13-mondparallaxe","status":"publish","type":"page","link":"https:\/\/sterneerleben.info\/beobachtungsarchiv\/18-02-13-mondparallaxe\/","title":{"rendered":"18.02.13 Mondparallax"},"content":{"rendered":"<p>[et_pb_section fb_built=&#8220;1&#8243; _builder_version=&#8220;4.9.2&#8243; _module_preset=&#8220;default&#8220; background_color=&#8220;#222222&#8243;][et_pb_row _builder_version=&#8220;4.9.2&#8243; _module_preset=&#8220;default&#8220;][et_pb_column type=&#8220;4_4&#8243; _builder_version=&#8220;4.9.2&#8243; _module_preset=&#8220;default&#8220;][et_pb_text _builder_version=&#8220;4.9.4&#8243; _module_preset=&#8220;default&#8220; text_text_color=&#8220;#DBDBDB&#8220; header_text_color=&#8220;#DBDBDB&#8220; custom_padding=&#8220;0px|||||&#8220; hover_enabled=&#8220;0&#8243; sticky_enabled=&#8220;0&#8243;]<\/p>\n<h1>18. Feb. 2013: Der Mond steht in Troms\u00f6 und in Bern nicht am gleichen Ort<\/h1>\n<p>[\/et_pb_text][et_pb_image src=&#8220;https:\/\/sterneerleben.info\/beobachtungsarchiv\/wp-content\/uploads\/2021\/05\/130218_hh_1698_1708_web_II.jpg&#8220; alt=&#8220;Monddistanz&#8220; title_text=&#8220;130218_hh_1698_1708_web_II&#8220; _builder_version=&#8220;4.9.4&#8243; _module_preset=&#8220;default&#8220; hover_enabled=&#8220;0&#8243; sticky_enabled=&#8220;0&#8243;][\/et_pb_image][et_pb_text _builder_version=&#8220;4.9.4&#8243; _module_preset=&#8220;default&#8220; text_text_color=&#8220;#DBDBDB&#8220; custom_padding=&#8220;||0px|||&#8220; hover_enabled=&#8220;0&#8243; sticky_enabled=&#8220;0&#8243;]<\/p>\n<p>18.02.2013, 20.00 Uhr, Bern und Troms\u00f6: Der Mond wurde gleichzeitig in Bern und Troms\u00f6 fotografiert. Danach wurden die Fotos \u00fcbereinander gelegt. Die Monde stehen nicht am gleichen Ort (Parallaxe)! Troms\u00f6 liegt rund 23\u00b0 n\u00f6rdlicher als Bern. Die beiden Orte sind luftlinienm\u00e4ssig ungef\u00e4hr 2&#8217;600 km von einander entfernt. Der Mond selber deckt am Himmel einen Durchmesser von 0.5\u00b0 ab. Aus diesen Angaben und der Mondverschiebung auf dem Bild kann man die Distanz zum Mond absch\u00e4tzen.<\/p>\n<p>(Foto Bern: Monika Raemy, Tobias B\u00fchlmann, Urs Wildeisen. Foto Troms\u00f6: hh).<\/p>\n<p>[\/et_pb_text][et_pb_image src=&#8220;https:\/\/sterneerleben.info\/beobachtungsarchiv\/wp-content\/uploads\/2021\/05\/130218_hh_1698_1708_nur_mond_web_II.jpg&#8220; alt=&#8220;Mond von Troms\u00f6 und von Bern aus&#8220; title_text=&#8220;130218_hh_1698_1708_nur_mond_web_II&#8220; _builder_version=&#8220;4.9.4&#8243; _module_preset=&#8220;default&#8220; hover_enabled=&#8220;0&#8243; sticky_enabled=&#8220;0&#8243;][\/et_pb_image][\/et_pb_column][\/et_pb_row][et_pb_row _builder_version=&#8220;4.9.4&#8243; _module_preset=&#8220;default&#8220;][et_pb_column type=&#8220;4_4&#8243; _builder_version=&#8220;4.9.4&#8243; _module_preset=&#8220;default&#8220;][et_pb_text _builder_version=&#8220;4.9.4&#8243; _module_preset=&#8220;default&#8220; text_font_size=&#8220;11px&#8220;]<\/p>\n<p><span style=\"color: #999999;\">Aktualisiert am 27.05.2021 \/ heinz.hofer[\u00e4t]quicknet.ch<\/span><\/p>\n<p>[\/et_pb_text][\/et_pb_column][\/et_pb_row][\/et_pb_section]<\/p>\n","protected":false},"excerpt":{"rendered":"<p>18. Feb. 2013: Der Mond steht in Troms\u00f6 und in Bern nicht am gleichen Ort18.02.2013, 20.00 Uhr, Bern und Troms\u00f6: Der Mond wurde gleichzeitig in Bern und Troms\u00f6 fotografiert. Danach wurden die Fotos \u00fcbereinander gelegt. Die Monde stehen nicht am gleichen Ort (Parallaxe)! Troms\u00f6 liegt rund 23\u00b0 n\u00f6rdlicher als Bern. Die beiden Orte sind luftlinienm\u00e4ssig [&hellip;]<\/p>\n","protected":false},"author":1,"featured_media":0,"parent":0,"menu_order":0,"comment_status":"closed","ping_status":"closed","template":"","meta":{"_et_pb_use_builder":"on","_et_pb_old_content":"","_et_gb_content_width":"","footnotes":""},"class_list":["post-974","page","type-page","status-publish","hentry"],"_links":{"self":[{"href":"https:\/\/sterneerleben.info\/beobachtungsarchiv\/wp-json\/wp\/v2\/pages\/974","targetHints":{"allow":["GET"]}}],"collection":[{"href":"https:\/\/sterneerleben.info\/beobachtungsarchiv\/wp-json\/wp\/v2\/pages"}],"about":[{"href":"https:\/\/sterneerleben.info\/beobachtungsarchiv\/wp-json\/wp\/v2\/types\/page"}],"author":[{"embeddable":true,"href":"https:\/\/sterneerleben.info\/beobachtungsarchiv\/wp-json\/wp\/v2\/users\/1"}],"replies":[{"embeddable":true,"href":"https:\/\/sterneerleben.info\/beobachtungsarchiv\/wp-json\/wp\/v2\/comments?post=974"}],"version-history":[{"count":3,"href":"https:\/\/sterneerleben.info\/beobachtungsarchiv\/wp-json\/wp\/v2\/pages\/974\/revisions"}],"predecessor-version":[{"id":979,"href":"https:\/\/sterneerleben.info\/beobachtungsarchiv\/wp-json\/wp\/v2\/pages\/974\/revisions\/979"}],"wp:attachment":[{"href":"https:\/\/sterneerleben.info\/beobachtungsarchiv\/wp-json\/wp\/v2\/media?parent=974"}],"curies":[{"name":"wp","href":"https:\/\/api.w.org\/{rel}","templated":true}]}}