{"id":932,"date":"2021-05-28T22:24:25","date_gmt":"2021-05-28T20:24:25","guid":{"rendered":"https:\/\/sterneerleben.info\/beobachtungsarchiv\/?page_id=932"},"modified":"2021-05-29T10:03:47","modified_gmt":"2021-05-29T08:03:47","slug":"14-01-13-sternenbewegung","status":"publish","type":"page","link":"https:\/\/sterneerleben.info\/beobachtungsarchiv\/14-01-13-sternenbewegung\/","title":{"rendered":"14.01.13 Sternenlauf"},"content":{"rendered":"<p>[et_pb_section fb_built=&#8220;1&#8243; _builder_version=&#8220;4.9.2&#8243; _module_preset=&#8220;default&#8220; background_color=&#8220;#222222&#8243;][et_pb_row _builder_version=&#8220;4.9.2&#8243; _module_preset=&#8220;default&#8220;][et_pb_column type=&#8220;4_4&#8243; _builder_version=&#8220;4.9.2&#8243; _module_preset=&#8220;default&#8220;][et_pb_text _builder_version=&#8220;4.9.4&#8243; _module_preset=&#8220;default&#8220; text_text_color=&#8220;#DBDBDB&#8220; header_text_color=&#8220;#DBDBDB&#8220; custom_padding=&#8220;0px|||||&#8220;]<\/p>\n<h1>14. Januar 2013: Im hohen Norden bewegen sich flacher \u00fcber den Horizont<\/h1>\n<p>[\/et_pb_text][et_pb_image src=&#8220;https:\/\/sterneerleben.info\/beobachtungsarchiv\/wp-content\/uploads\/2021\/05\/300114_360_grad_panorama_1920-scaled.jpg&#8220; alt=&#8220;Panorama Troms\u00f6&#8220; title_text=&#8220;300114_360_grad_panorama_1920&#8243; _builder_version=&#8220;4.9.4&#8243; _module_preset=&#8220;default&#8220;][\/et_pb_image][et_pb_text _builder_version=&#8220;4.9.4&#8243; _module_preset=&#8220;default&#8220; text_text_color=&#8220;#DBDBDB&#8220; custom_padding=&#8220;||0px|||&#8220;]<\/p>\n<p>360\u00b0-Panorama<\/p>\n<p>Im Bild unten ist das Panorama vergr\u00f6ssert abgebildet. Bleibt man mit dem Cursor und gleichzeitigem Bet\u00e4tigen der linken Maustaste auf dem Bild, so bleibt es stehen.<\/p>\n<p>14.01.2013, 20.47 Uhr, Kvaloyvagen (N\u00e4he Troms\u00f6, No): Troms\u00f6 liegt auf rund 69.5\u00b0 n\u00f6rdlicher Breite, also ca. 23\u00b0 n\u00f6rdlicher als die Schweiz. Der Polarstern liegt somit 23\u00b0 (ausgestreckte, gespreizte Hand) h\u00f6her \u00fcber dem Horizont als in der Schweiz. Es gibt somit mehr Circumpolarsterne &#8211; z.B. die Krone. Auch sieht man weniger weit in den S\u00fcdhimmel hinab: So ist z.B. der Grosse Hund von Troms\u00f6 aus nur noch teilweise &#8211; und dies auch nur bei ganz flachem Horizont &#8211; sichtbar. Die Sternenbahnen sind flacher: Sternenbilder gehen fr\u00fcher auf und sp\u00e4ter unter. So ist es von der Schweiz aus nicht m\u00f6glich, den L\u00f6wen und das Sommerdreieck gleichzeitig am Himmel zu sehen (wie hier auf dem Bild).<br \/>Nikon D4: zusammengesetzt aus 7 Einzelbildern: 1.3 s, f\/2.8, 12&#8217;800 ISO, 14 mm [14-24 mm] (Foto: hh).<\/p>\n<p>[\/et_pb_text][et_pb_wptools_image_carousel slidestoshow=&#8220;1&#8243; _builder_version=&#8220;4.9.4&#8243; _module_preset=&#8220;default&#8220;][et_pb_wptools_carousel_image_item src=&#8220;https:\/\/sterneerleben.info\/beobachtungsarchiv\/wp-content\/uploads\/2021\/05\/130114_01-scaled.jpg&#8220; _builder_version=&#8220;4.9.4&#8243; _module_preset=&#8220;default&#8220;][\/et_pb_wptools_carousel_image_item][et_pb_wptools_carousel_image_item src=&#8220;https:\/\/sterneerleben.info\/beobachtungsarchiv\/wp-content\/uploads\/2021\/05\/130114_02-scaled.jpg&#8220; _builder_version=&#8220;4.9.4&#8243; _module_preset=&#8220;default&#8220;][\/et_pb_wptools_carousel_image_item][et_pb_wptools_carousel_image_item src=&#8220;https:\/\/sterneerleben.info\/beobachtungsarchiv\/wp-content\/uploads\/2021\/05\/130114_03-scaled.jpg&#8220; _builder_version=&#8220;4.9.4&#8243; _module_preset=&#8220;default&#8220;][\/et_pb_wptools_carousel_image_item][et_pb_wptools_carousel_image_item src=&#8220;https:\/\/sterneerleben.info\/beobachtungsarchiv\/wp-content\/uploads\/2021\/05\/130114_04-scaled.jpg&#8220; _builder_version=&#8220;4.9.4&#8243; _module_preset=&#8220;default&#8220;][\/et_pb_wptools_carousel_image_item][et_pb_wptools_carousel_image_item src=&#8220;https:\/\/sterneerleben.info\/beobachtungsarchiv\/wp-content\/uploads\/2021\/05\/130114_05-scaled.jpg&#8220; _builder_version=&#8220;4.9.4&#8243; _module_preset=&#8220;default&#8220;][\/et_pb_wptools_carousel_image_item][\/et_pb_wptools_image_carousel][\/et_pb_column][\/et_pb_row][et_pb_row _builder_version=&#8220;4.9.4&#8243; _module_preset=&#8220;default&#8220;][et_pb_column type=&#8220;4_4&#8243; _builder_version=&#8220;4.9.4&#8243; _module_preset=&#8220;default&#8220;][et_pb_text _builder_version=&#8220;4.9.4&#8243; _module_preset=&#8220;default&#8220; text_font_size=&#8220;11px&#8220;]<\/p>\n<p><span style=\"color: #999999;\">Aktualisiert am 28.05.2021 \/ heinz.hofer[\u00e4t]quicknet.ch<\/span><\/p>\n<p>[\/et_pb_text][\/et_pb_column][\/et_pb_row][\/et_pb_section]<\/p>\n","protected":false},"excerpt":{"rendered":"<p>14. Januar 2013: Im hohen Norden bewegen sich flacher \u00fcber den Horizont360\u00b0-Panorama Im Bild unten ist das Panorama vergr\u00f6ssert abgebildet. Bleibt man mit dem Cursor und gleichzeitigem Bet\u00e4tigen der linken Maustaste auf dem Bild, so bleibt es stehen. 14.01.2013, 20.47 Uhr, Kvaloyvagen (N\u00e4he Troms\u00f6, No): Troms\u00f6 liegt auf rund 69.5\u00b0 n\u00f6rdlicher Breite, also ca. 23\u00b0 [&hellip;]<\/p>\n","protected":false},"author":1,"featured_media":0,"parent":0,"menu_order":0,"comment_status":"closed","ping_status":"closed","template":"","meta":{"_et_pb_use_builder":"on","_et_pb_old_content":"","_et_gb_content_width":"","footnotes":""},"class_list":["post-932","page","type-page","status-publish","hentry"],"_links":{"self":[{"href":"https:\/\/sterneerleben.info\/beobachtungsarchiv\/wp-json\/wp\/v2\/pages\/932","targetHints":{"allow":["GET"]}}],"collection":[{"href":"https:\/\/sterneerleben.info\/beobachtungsarchiv\/wp-json\/wp\/v2\/pages"}],"about":[{"href":"https:\/\/sterneerleben.info\/beobachtungsarchiv\/wp-json\/wp\/v2\/types\/page"}],"author":[{"embeddable":true,"href":"https:\/\/sterneerleben.info\/beobachtungsarchiv\/wp-json\/wp\/v2\/users\/1"}],"replies":[{"embeddable":true,"href":"https:\/\/sterneerleben.info\/beobachtungsarchiv\/wp-json\/wp\/v2\/comments?post=932"}],"version-history":[{"count":6,"href":"https:\/\/sterneerleben.info\/beobachtungsarchiv\/wp-json\/wp\/v2\/pages\/932\/revisions"}],"predecessor-version":[{"id":964,"href":"https:\/\/sterneerleben.info\/beobachtungsarchiv\/wp-json\/wp\/v2\/pages\/932\/revisions\/964"}],"wp:attachment":[{"href":"https:\/\/sterneerleben.info\/beobachtungsarchiv\/wp-json\/wp\/v2\/media?parent=932"}],"curies":[{"name":"wp","href":"https:\/\/api.w.org\/{rel}","templated":true}]}}