{"id":788,"date":"2021-05-27T19:37:52","date_gmt":"2021-05-27T17:37:52","guid":{"rendered":"https:\/\/sterneerleben.info\/beobachtungsarchiv\/?page_id=788"},"modified":"2021-05-27T20:56:30","modified_gmt":"2021-05-27T18:56:30","slug":"03-10-14-mondsteibock","status":"publish","type":"page","link":"https:\/\/sterneerleben.info\/beobachtungsarchiv\/03-10-14-mondsteibock\/","title":{"rendered":"03.10.14 Mondbock"},"content":{"rendered":"<p>[et_pb_section fb_built=&#8220;1&#8243; _builder_version=&#8220;4.9.2&#8243; _module_preset=&#8220;default&#8220; background_color=&#8220;#222222&#8243;][et_pb_row _builder_version=&#8220;4.9.2&#8243; _module_preset=&#8220;default&#8220;][et_pb_column type=&#8220;4_4&#8243; _builder_version=&#8220;4.9.2&#8243; _module_preset=&#8220;default&#8220;][et_pb_text _builder_version=&#8220;4.9.4&#8243; _module_preset=&#8220;default&#8220; text_text_color=&#8220;#DBDBDB&#8220; header_text_color=&#8220;#DBDBDB&#8220; custom_padding=&#8220;0px|||||&#8220; hover_enabled=&#8220;0&#8243; sticky_enabled=&#8220;0&#8243;]<\/p>\n<h1>03. Okt. 2014: Mond erreicht den Steinbock<\/h1>\n<p>[\/et_pb_text][et_pb_image src=&#8220;https:\/\/sterneerleben.info\/beobachtungsarchiv\/wp-content\/uploads\/2021\/05\/141003_DSC_0913_mond_steinbock_striche_web_II.jpg&#8220; alt=&#8220;Mond im Steinbock&#8220; title_text=&#8220;141003_DSC_0913_mond_steinbock_striche_web_II&#8220; _builder_version=&#8220;4.9.4&#8243; _module_preset=&#8220;default&#8220; hover_enabled=&#8220;0&#8243; sticky_enabled=&#8220;0&#8243;][\/et_pb_image][et_pb_text _builder_version=&#8220;4.9.4&#8243; _module_preset=&#8220;default&#8220; text_text_color=&#8220;#DBDBDB&#8220; custom_padding=&#8220;||0px|||&#8220; hover_enabled=&#8220;0&#8243; sticky_enabled=&#8220;0&#8243;]<\/p>\n<p>03.10.2014, 20.25 Uhr: Der Mond erscheint wie gestern auch heute als Vollmond, da das Bild \u00fcberbelichtet ist. Dass der Mond in den Steinbock eintritt, kann man nur anhand der Posittionsverschiebung bez\u00fcglich der orangen Linie(Verbindung von Deneb und Atair) gegen\u00fcber gestern absch\u00e4tzen. Die Sterne des Sch\u00fctzen und des Steinbocks sind wegen des starken Dunstes in Horizontn\u00e4he nicht sichtbar.<\/p>\n<p>Nikon D4s: 2 s, f\/2.8, 3&#8217;200 ISO, 24 mm [14-24 mm] (Foto: hh).<\/p>\n<p>[\/et_pb_text][\/et_pb_column][\/et_pb_row][et_pb_row _builder_version=&#8220;4.9.4&#8243; _module_preset=&#8220;default&#8220;][et_pb_column type=&#8220;4_4&#8243; _builder_version=&#8220;4.9.4&#8243; _module_preset=&#8220;default&#8220;][et_pb_text _builder_version=&#8220;4.9.4&#8243; _module_preset=&#8220;default&#8220; text_font_size=&#8220;11px&#8220;]<\/p>\n<p><span style=\"color: #999999;\">Aktualisiert am 27.05.2021 \/ heinz.hofer[\u00e4t]quicknet.ch<\/span><\/p>\n<p>[\/et_pb_text][\/et_pb_column][\/et_pb_row][\/et_pb_section]<\/p>\n","protected":false},"excerpt":{"rendered":"<p>03. Okt. 2014: Mond erreicht den Steinbock03.10.2014, 20.25 Uhr: Der Mond erscheint wie gestern auch heute als Vollmond, da das Bild \u00fcberbelichtet ist. Dass der Mond in den Steinbock eintritt, kann man nur anhand der Posittionsverschiebung bez\u00fcglich der orangen Linie(Verbindung von Deneb und Atair) gegen\u00fcber gestern absch\u00e4tzen. Die Sterne des Sch\u00fctzen und des Steinbocks sind [&hellip;]<\/p>\n","protected":false},"author":1,"featured_media":0,"parent":0,"menu_order":0,"comment_status":"closed","ping_status":"closed","template":"","meta":{"_et_pb_use_builder":"on","_et_pb_old_content":"","_et_gb_content_width":"","footnotes":""},"class_list":["post-788","page","type-page","status-publish","hentry"],"_links":{"self":[{"href":"https:\/\/sterneerleben.info\/beobachtungsarchiv\/wp-json\/wp\/v2\/pages\/788","targetHints":{"allow":["GET"]}}],"collection":[{"href":"https:\/\/sterneerleben.info\/beobachtungsarchiv\/wp-json\/wp\/v2\/pages"}],"about":[{"href":"https:\/\/sterneerleben.info\/beobachtungsarchiv\/wp-json\/wp\/v2\/types\/page"}],"author":[{"embeddable":true,"href":"https:\/\/sterneerleben.info\/beobachtungsarchiv\/wp-json\/wp\/v2\/users\/1"}],"replies":[{"embeddable":true,"href":"https:\/\/sterneerleben.info\/beobachtungsarchiv\/wp-json\/wp\/v2\/comments?post=788"}],"version-history":[{"count":7,"href":"https:\/\/sterneerleben.info\/beobachtungsarchiv\/wp-json\/wp\/v2\/pages\/788\/revisions"}],"predecessor-version":[{"id":824,"href":"https:\/\/sterneerleben.info\/beobachtungsarchiv\/wp-json\/wp\/v2\/pages\/788\/revisions\/824"}],"wp:attachment":[{"href":"https:\/\/sterneerleben.info\/beobachtungsarchiv\/wp-json\/wp\/v2\/media?parent=788"}],"curies":[{"name":"wp","href":"https:\/\/api.w.org\/{rel}","templated":true}]}}