{"id":749,"date":"2021-05-27T16:10:19","date_gmt":"2021-05-27T14:10:19","guid":{"rendered":"https:\/\/sterneerleben.info\/beobachtungsarchiv\/?page_id=749"},"modified":"2021-05-27T16:10:26","modified_gmt":"2021-05-27T14:10:26","slug":"22-09-14-sommer-i","status":"publish","type":"page","link":"https:\/\/sterneerleben.info\/beobachtungsarchiv\/22-09-14-sommer-i\/","title":{"rendered":"22.09.14 Sommer I"},"content":{"rendered":"<p>[et_pb_section fb_built=&#8220;1&#8243; _builder_version=&#8220;4.9.2&#8243; _module_preset=&#8220;default&#8220; background_color=&#8220;#222222&#8243;][et_pb_row _builder_version=&#8220;4.9.2&#8243; _module_preset=&#8220;default&#8220;][et_pb_column type=&#8220;4_4&#8243; _builder_version=&#8220;4.9.2&#8243; _module_preset=&#8220;default&#8220;][et_pb_text _builder_version=&#8220;4.9.4&#8243; _module_preset=&#8220;default&#8220; text_text_color=&#8220;#DBDBDB&#8220; header_text_color=&#8220;#DBDBDB&#8220; custom_padding=&#8220;0px|||||&#8220; hover_enabled=&#8220;0&#8243; sticky_enabled=&#8220;0&#8243;]<\/p>\n<h1>22. Sept. 2014: Die Bewegung des Sommerdreiecks<\/h1>\n<p>[\/et_pb_text][et_pb_image src=&#8220;https:\/\/sterneerleben.info\/beobachtungsarchiv\/wp-content\/uploads\/2021\/05\/140922_sommerdreieck_2252_2338_web_II.jpg&#8220; alt=&#8220;Sommerdreieck&#8220; title_text=&#8220;140922_sommerdreieck_2252_2338_web_II&#8220; _builder_version=&#8220;4.9.4&#8243; _module_preset=&#8220;default&#8220; hover_enabled=&#8220;0&#8243; sticky_enabled=&#8220;0&#8243;][\/et_pb_image][et_pb_text _builder_version=&#8220;4.9.4&#8243; _module_preset=&#8220;default&#8220; text_text_color=&#8220;#DBDBDB&#8220; custom_padding=&#8220;||0px|||&#8220; hover_enabled=&#8220;0&#8243; sticky_enabled=&#8220;0&#8243;]<\/p>\n<p>22.09.2014, 22.52 &#8211; 23.38 Uhr: Das Sommerdreieck(Schwan, Leier, Adler, Delfin, Pfeil) hat den h\u00f6chsten Punkt \u00fcber dem Horizont schon hinter sich. Es bewegt sich gegen Westen zu. Da es zeitweise stark bew\u00f6lkt war, sind die Striche der Sternenbahnen nicht gleichm\u00e4ssig hell. Besseres Bild folgt!<\/p>\n<p>Nikon D4s: Bild ist aus 93 Fotos zusammengesetzt: 4 s, f\/2.8, 6400 ISO, 24 mm [14-24 mm] (Foto: hh).<\/p>\n<p>[\/et_pb_text][\/et_pb_column][\/et_pb_row][et_pb_row _builder_version=&#8220;4.9.4&#8243; _module_preset=&#8220;default&#8220;][et_pb_column type=&#8220;4_4&#8243; _builder_version=&#8220;4.9.4&#8243; _module_preset=&#8220;default&#8220;][et_pb_text _builder_version=&#8220;4.9.4&#8243; _module_preset=&#8220;default&#8220; text_font_size=&#8220;11px&#8220;]<\/p>\n<p><span style=\"color: #999999;\">Aktualisiert am 27.05.2021 \/ heinz.hofer[\u00e4t]quicknet.ch<\/span><\/p>\n<p>[\/et_pb_text][\/et_pb_column][\/et_pb_row][\/et_pb_section]<\/p>\n","protected":false},"excerpt":{"rendered":"<p>22. Sept. 2014: Die Bewegung des Sommerdreiecks22.09.2014, 22.52 &#8211; 23.38 Uhr: Das Sommerdreieck(Schwan, Leier, Adler, Delfin, Pfeil) hat den h\u00f6chsten Punkt \u00fcber dem Horizont schon hinter sich. Es bewegt sich gegen Westen zu. Da es zeitweise stark bew\u00f6lkt war, sind die Striche der Sternenbahnen nicht gleichm\u00e4ssig hell. Besseres Bild folgt! Nikon D4s: Bild ist aus [&hellip;]<\/p>\n","protected":false},"author":1,"featured_media":0,"parent":0,"menu_order":0,"comment_status":"closed","ping_status":"closed","template":"","meta":{"_et_pb_use_builder":"on","_et_pb_old_content":"","_et_gb_content_width":"","footnotes":""},"class_list":["post-749","page","type-page","status-publish","hentry"],"_links":{"self":[{"href":"https:\/\/sterneerleben.info\/beobachtungsarchiv\/wp-json\/wp\/v2\/pages\/749","targetHints":{"allow":["GET"]}}],"collection":[{"href":"https:\/\/sterneerleben.info\/beobachtungsarchiv\/wp-json\/wp\/v2\/pages"}],"about":[{"href":"https:\/\/sterneerleben.info\/beobachtungsarchiv\/wp-json\/wp\/v2\/types\/page"}],"author":[{"embeddable":true,"href":"https:\/\/sterneerleben.info\/beobachtungsarchiv\/wp-json\/wp\/v2\/users\/1"}],"replies":[{"embeddable":true,"href":"https:\/\/sterneerleben.info\/beobachtungsarchiv\/wp-json\/wp\/v2\/comments?post=749"}],"version-history":[{"count":2,"href":"https:\/\/sterneerleben.info\/beobachtungsarchiv\/wp-json\/wp\/v2\/pages\/749\/revisions"}],"predecessor-version":[{"id":753,"href":"https:\/\/sterneerleben.info\/beobachtungsarchiv\/wp-json\/wp\/v2\/pages\/749\/revisions\/753"}],"wp:attachment":[{"href":"https:\/\/sterneerleben.info\/beobachtungsarchiv\/wp-json\/wp\/v2\/media?parent=749"}],"curies":[{"name":"wp","href":"https:\/\/api.w.org\/{rel}","templated":true}]}}