{"id":743,"date":"2021-05-27T16:02:42","date_gmt":"2021-05-27T14:02:42","guid":{"rendered":"https:\/\/sterneerleben.info\/beobachtungsarchiv\/?page_id=743"},"modified":"2021-05-27T16:02:48","modified_gmt":"2021-05-27T14:02:48","slug":"14-09-14-obsigend","status":"publish","type":"page","link":"https:\/\/sterneerleben.info\/beobachtungsarchiv\/14-09-14-obsigend\/","title":{"rendered":"14.09.14 obsigend"},"content":{"rendered":"<p>[et_pb_section fb_built=&#8220;1&#8243; _builder_version=&#8220;4.9.2&#8243; _module_preset=&#8220;default&#8220; background_color=&#8220;#222222&#8243;][et_pb_row _builder_version=&#8220;4.9.2&#8243; _module_preset=&#8220;default&#8220;][et_pb_column type=&#8220;4_4&#8243; _builder_version=&#8220;4.9.2&#8243; _module_preset=&#8220;default&#8220;][et_pb_text _builder_version=&#8220;4.9.4&#8243; _module_preset=&#8220;default&#8220; text_text_color=&#8220;#DBDBDB&#8220; header_text_color=&#8220;#DBDBDB&#8220; custom_padding=&#8220;0px|||||&#8220; hover_enabled=&#8220;0&#8243; sticky_enabled=&#8220;0&#8243;]<\/p>\n<h1>14. Sept. 2014: Der Mond ist versp\u00e4tet und h\u00f6her \u00fcber dem Horizont<\/h1>\n<p>[\/et_pb_text][et_pb_image src=&#8220;https:\/\/sterneerleben.info\/beobachtungsarchiv\/wp-content\/uploads\/2021\/05\/140913-_14_mond_web.jpg&#8220; alt=&#8220;obsigend&#8220; title_text=&#8220;140913 _14_mond_web&#8220; _builder_version=&#8220;4.9.4&#8243; _module_preset=&#8220;default&#8220; hover_enabled=&#8220;0&#8243; sticky_enabled=&#8220;0&#8243;][\/et_pb_image][et_pb_text _builder_version=&#8220;4.9.4&#8243; _module_preset=&#8220;default&#8220; text_text_color=&#8220;#DBDBDB&#8220; custom_padding=&#8220;||0px|||&#8220; hover_enabled=&#8220;0&#8243; sticky_enabled=&#8220;0&#8243;]<\/p>\n<p>Fotomontage (Foto: hh)<\/p>\n<p>Mond unten: Bild von gestern: 14.09.2014, 10.10 Uhr: Wilderswil: Mond verschwindet hinter dem Abendberg (Westen).<\/p>\n<p>Mond oben: Heute: 15.09.2014, 11.00 Uhr (50 Minuten sp\u00e4ter als gestern!). Der Mond ist obsigend.<\/p>\n<p>[\/et_pb_text][\/et_pb_column][\/et_pb_row][et_pb_row _builder_version=&#8220;4.9.4&#8243; _module_preset=&#8220;default&#8220;][et_pb_column type=&#8220;4_4&#8243; _builder_version=&#8220;4.9.4&#8243; _module_preset=&#8220;default&#8220;][et_pb_text _builder_version=&#8220;4.9.4&#8243; _module_preset=&#8220;default&#8220; text_font_size=&#8220;11px&#8220;]<\/p>\n<p><span style=\"color: #999999;\">Aktualisiert am 27.05.2021 \/ heinz.hofer[\u00e4t]quicknet.ch<\/span><\/p>\n<p>[\/et_pb_text][\/et_pb_column][\/et_pb_row][\/et_pb_section]<\/p>\n","protected":false},"excerpt":{"rendered":"<p>14. Sept. 2014: Der Mond ist versp\u00e4tet und h\u00f6her \u00fcber dem HorizontFotomontage (Foto: hh) Mond unten: Bild von gestern: 14.09.2014, 10.10 Uhr: Wilderswil: Mond verschwindet hinter dem Abendberg (Westen). Mond oben: Heute: 15.09.2014, 11.00 Uhr (50 Minuten sp\u00e4ter als gestern!). Der Mond ist obsigend.Aktualisiert am 27.05.2021 \/ heinz.hofer[\u00e4t]quicknet.ch<\/p>\n","protected":false},"author":1,"featured_media":0,"parent":0,"menu_order":0,"comment_status":"closed","ping_status":"closed","template":"","meta":{"_et_pb_use_builder":"on","_et_pb_old_content":"","_et_gb_content_width":"","footnotes":""},"class_list":["post-743","page","type-page","status-publish","hentry"],"_links":{"self":[{"href":"https:\/\/sterneerleben.info\/beobachtungsarchiv\/wp-json\/wp\/v2\/pages\/743","targetHints":{"allow":["GET"]}}],"collection":[{"href":"https:\/\/sterneerleben.info\/beobachtungsarchiv\/wp-json\/wp\/v2\/pages"}],"about":[{"href":"https:\/\/sterneerleben.info\/beobachtungsarchiv\/wp-json\/wp\/v2\/types\/page"}],"author":[{"embeddable":true,"href":"https:\/\/sterneerleben.info\/beobachtungsarchiv\/wp-json\/wp\/v2\/users\/1"}],"replies":[{"embeddable":true,"href":"https:\/\/sterneerleben.info\/beobachtungsarchiv\/wp-json\/wp\/v2\/comments?post=743"}],"version-history":[{"count":2,"href":"https:\/\/sterneerleben.info\/beobachtungsarchiv\/wp-json\/wp\/v2\/pages\/743\/revisions"}],"predecessor-version":[{"id":747,"href":"https:\/\/sterneerleben.info\/beobachtungsarchiv\/wp-json\/wp\/v2\/pages\/743\/revisions\/747"}],"wp:attachment":[{"href":"https:\/\/sterneerleben.info\/beobachtungsarchiv\/wp-json\/wp\/v2\/media?parent=743"}],"curies":[{"name":"wp","href":"https:\/\/api.w.org\/{rel}","templated":true}]}}