{"id":713,"date":"2021-05-27T14:51:43","date_gmt":"2021-05-27T12:51:43","guid":{"rendered":"https:\/\/sterneerleben.info\/beobachtungsarchiv\/?page_id=713"},"modified":"2021-05-27T14:52:59","modified_gmt":"2021-05-27T12:52:59","slug":"20-06-14-mars-iii","status":"publish","type":"page","link":"https:\/\/sterneerleben.info\/beobachtungsarchiv\/20-06-14-mars-iii\/","title":{"rendered":"20.06.14 Mars III"},"content":{"rendered":"<p>[et_pb_section fb_built=&#8220;1&#8243; _builder_version=&#8220;4.9.2&#8243; _module_preset=&#8220;default&#8220; background_color=&#8220;#222222&#8243;][et_pb_row _builder_version=&#8220;4.9.2&#8243; _module_preset=&#8220;default&#8220;][et_pb_column type=&#8220;4_4&#8243; _builder_version=&#8220;4.9.2&#8243; _module_preset=&#8220;default&#8220;][et_pb_text _builder_version=&#8220;4.9.4&#8243; _module_preset=&#8220;default&#8220; text_text_color=&#8220;#DBDBDB&#8220; header_text_color=&#8220;#DBDBDB&#8220; hover_enabled=&#8220;0&#8243; sticky_enabled=&#8220;0&#8243;]<\/p>\n<h1>20. Juni 2014: Mars ist wieder rechtl\u00e4ufig &#8211; Saturn dagegen r\u00fcckl\u00e4ufig<\/h1>\n<p>[\/et_pb_text][et_pb_image src=&#8220;https:\/\/sterneerleben.info\/beobachtungsarchiv\/wp-content\/uploads\/2021\/05\/140620_2120_mars_saturn_0012_web_II.jpg&#8220; title_text=&#8220;140620_2120_mars_saturn_0012_web_II&#8220; _builder_version=&#8220;4.9.4&#8243; _module_preset=&#8220;default&#8220; hover_enabled=&#8220;0&#8243; sticky_enabled=&#8220;0&#8243;][\/et_pb_image][et_pb_text _builder_version=&#8220;4.9.4&#8243; _module_preset=&#8220;default&#8220; text_text_color=&#8220;#DBDBDB&#8220; custom_padding=&#8220;||0px|||&#8220; hover_enabled=&#8220;0&#8243; sticky_enabled=&#8220;0&#8243;]<\/p>\n<p>20.06.2014, 23.20Uhr: Wilderswil: Mars bewegt sich in der Jungfrau seit dem 21. Mai wieder rechtl\u00e4ufig. Saturn dagegen bewegt sich in der Waage r\u00fcckl\u00e4ufig (vgl. &gt; Mars II). Unten links ist ein Teil des Skorpions mit dem r\u00f6tlichen Stern Antares auszumachen.<\/p>\n<p>Nikon D4s: 4 s, f\/2.8, 3200 ISO, 24 mm [14-24 mm] (Foto: hh).<\/p>\n<p>[\/et_pb_text][et_pb_image src=&#8220;https:\/\/sterneerleben.info\/beobachtungsarchiv\/wp-content\/uploads\/2021\/05\/140620_2120_mars_saturn_0012_striche_II.jpg&#8220; _builder_version=&#8220;4.9.4&#8243; _module_preset=&#8220;default&#8220; alt=&#8220;Mars und Saturn&#8220; title_text=&#8220;140620_2120_mars_saturn_0012_striche_II&#8220; hover_enabled=&#8220;0&#8243; sticky_enabled=&#8220;0&#8243;][\/et_pb_image][\/et_pb_column][\/et_pb_row][et_pb_row _builder_version=&#8220;4.9.4&#8243; _module_preset=&#8220;default&#8220;][et_pb_column type=&#8220;4_4&#8243; _builder_version=&#8220;4.9.4&#8243; _module_preset=&#8220;default&#8220;][et_pb_text _builder_version=&#8220;4.9.4&#8243; _module_preset=&#8220;default&#8220; text_font_size=&#8220;11px&#8220; hover_enabled=&#8220;0&#8243; sticky_enabled=&#8220;0&#8243;]<\/p>\n<p><span style=\"color: #999999;\">Aktualisiert am 27.05.2021 \/ heinz.hofer[\u00e4t]quicknet.ch<\/span><\/p>\n<p>[\/et_pb_text][\/et_pb_column][\/et_pb_row][\/et_pb_section]<\/p>\n","protected":false},"excerpt":{"rendered":"<p>20. Juni 2014: Mars ist wieder rechtl\u00e4ufig &#8211; Saturn dagegen r\u00fcckl\u00e4ufig20.06.2014, 23.20Uhr: Wilderswil: Mars bewegt sich in der Jungfrau seit dem 21. Mai wieder rechtl\u00e4ufig. Saturn dagegen bewegt sich in der Waage r\u00fcckl\u00e4ufig (vgl. &gt; Mars II). Unten links ist ein Teil des Skorpions mit dem r\u00f6tlichen Stern Antares auszumachen. Nikon D4s: 4 s, f\/2.8, [&hellip;]<\/p>\n","protected":false},"author":1,"featured_media":0,"parent":0,"menu_order":0,"comment_status":"closed","ping_status":"closed","template":"","meta":{"_et_pb_use_builder":"on","_et_pb_old_content":"","_et_gb_content_width":"","footnotes":""},"class_list":["post-713","page","type-page","status-publish","hentry"],"_links":{"self":[{"href":"https:\/\/sterneerleben.info\/beobachtungsarchiv\/wp-json\/wp\/v2\/pages\/713","targetHints":{"allow":["GET"]}}],"collection":[{"href":"https:\/\/sterneerleben.info\/beobachtungsarchiv\/wp-json\/wp\/v2\/pages"}],"about":[{"href":"https:\/\/sterneerleben.info\/beobachtungsarchiv\/wp-json\/wp\/v2\/types\/page"}],"author":[{"embeddable":true,"href":"https:\/\/sterneerleben.info\/beobachtungsarchiv\/wp-json\/wp\/v2\/users\/1"}],"replies":[{"embeddable":true,"href":"https:\/\/sterneerleben.info\/beobachtungsarchiv\/wp-json\/wp\/v2\/comments?post=713"}],"version-history":[{"count":4,"href":"https:\/\/sterneerleben.info\/beobachtungsarchiv\/wp-json\/wp\/v2\/pages\/713\/revisions"}],"predecessor-version":[{"id":720,"href":"https:\/\/sterneerleben.info\/beobachtungsarchiv\/wp-json\/wp\/v2\/pages\/713\/revisions\/720"}],"wp:attachment":[{"href":"https:\/\/sterneerleben.info\/beobachtungsarchiv\/wp-json\/wp\/v2\/media?parent=713"}],"curies":[{"name":"wp","href":"https:\/\/api.w.org\/{rel}","templated":true}]}}