{"id":619,"date":"2021-05-25T21:39:49","date_gmt":"2021-05-25T19:39:49","guid":{"rendered":"https:\/\/sterneerleben.info\/beobachtungsarchiv\/?page_id=619"},"modified":"2021-06-01T15:06:42","modified_gmt":"2021-06-01T13:06:42","slug":"2014-2","status":"publish","type":"page","link":"https:\/\/sterneerleben.info\/beobachtungsarchiv\/2014-2\/","title":{"rendered":"14[1]"},"content":{"rendered":"<p>[et_pb_section fb_built=&#8220;1&#8243; _builder_version=&#8220;4.9.2&#8243; _module_preset=&#8220;default&#8220; background_color=&#8220;#222222&#8243;][et_pb_row _builder_version=&#8220;4.9.2&#8243; _module_preset=&#8220;default&#8220;][et_pb_column type=&#8220;4_4&#8243; _builder_version=&#8220;4.9.2&#8243; _module_preset=&#8220;default&#8220;][et_pb_text _builder_version=&#8220;4.9.4&#8243; _module_preset=&#8220;default&#8220; text_text_color=&#8220;#DBDBDB&#8220; header_text_color=&#8220;#DBDBDB&#8220; hover_enabled=&#8220;0&#8243; sticky_enabled=&#8220;0&#8243;]<\/p>\n<h1>Beobachtungsarchiv der Sterne-erleben-Veranstaltungen 2014\/1<\/h1>\n<p>[\/et_pb_text][et_pb_text _builder_version=&#8220;4.9.4&#8243; _module_preset=&#8220;default&#8220; text_text_color=&#8220;#DBDBDB&#8220; text_font_size=&#8220;18px&#8220;]<\/p>\n<p>Ausgewaehlte Fotos zu den Beobachtungsaufgaben der Sterne-erleben-Kurse werden hier archiviert.<br \/>Will man den zeitlichen Ablauf der Phaenomene studieren, ist es sinnvoll, sich jeweils von unten nach oben durch das Men\u00fc zu navigieren. Viel Vergn\u00fcgen!<\/p>\n<p>[\/et_pb_text][et_pb_image src=&#8220;https:\/\/sterneerleben.info\/beobachtungsarchiv\/wp-content\/uploads\/2021\/05\/140128_DSC_3243_DxO_mond_venus_web.jpg&#8220; alt=&#8220;Mond und Venus&#8220; title_text=&#8220;140128_DSC_3243_DxO_mond_venus_web&#8220; _builder_version=&#8220;4.9.4&#8243; _module_preset=&#8220;default&#8220;][\/et_pb_image][et_pb_text _builder_version=&#8220;4.9.4&#8243; _module_preset=&#8220;default&#8220; text_text_color=&#8220;#DBDBDB&#8220; custom_padding=&#8220;||0px|||&#8220;]<\/p>\n<p>29.01.2014, 07.06 Uhr, Autobahnparkplatz Thun S\u00fcd: 39 Stunden vor Neumond.<\/p>\n<p>Bild oben: Nikon D800: 1\/5 s, f\/5, 1&#8217;600 ISO, 200 mm [200-400 mm] (Foto: hh).<\/p>\n<p>[\/et_pb_text][\/et_pb_column][\/et_pb_row][et_pb_row _builder_version=&#8220;4.9.4&#8243; _module_preset=&#8220;default&#8220;][et_pb_column type=&#8220;4_4&#8243; _builder_version=&#8220;4.9.4&#8243; _module_preset=&#8220;default&#8220;][et_pb_text _builder_version=&#8220;4.9.4&#8243; _module_preset=&#8220;default&#8220; text_font_size=&#8220;11px&#8220;]<\/p>\n<p><span style=\"color: #999999;\">Aktualisiert am 25.05.2021 \/ heinz.hofer[\u00e4t]quicknet.ch<\/span><\/p>\n<p>[\/et_pb_text][\/et_pb_column][\/et_pb_row][\/et_pb_section]<\/p>\n","protected":false},"excerpt":{"rendered":"<p>Beobachtungsarchiv der Sterne-erleben-Veranstaltungen 2014\/1Ausgewaehlte Fotos zu den Beobachtungsaufgaben der Sterne-erleben-Kurse werden hier archiviert.Will man den zeitlichen Ablauf der Phaenomene studieren, ist es sinnvoll, sich jeweils von unten nach oben durch das Men\u00fc zu navigieren. Viel Vergn\u00fcgen!29.01.2014, 07.06 Uhr, Autobahnparkplatz Thun S\u00fcd: 39 Stunden vor Neumond. Bild oben: Nikon D800: 1\/5 s, f\/5, 1&#8217;600 ISO, 200 [&hellip;]<\/p>\n","protected":false},"author":1,"featured_media":0,"parent":0,"menu_order":0,"comment_status":"closed","ping_status":"closed","template":"","meta":{"_et_pb_use_builder":"on","_et_pb_old_content":"","_et_gb_content_width":"","footnotes":""},"class_list":["post-619","page","type-page","status-publish","hentry"],"_links":{"self":[{"href":"https:\/\/sterneerleben.info\/beobachtungsarchiv\/wp-json\/wp\/v2\/pages\/619","targetHints":{"allow":["GET"]}}],"collection":[{"href":"https:\/\/sterneerleben.info\/beobachtungsarchiv\/wp-json\/wp\/v2\/pages"}],"about":[{"href":"https:\/\/sterneerleben.info\/beobachtungsarchiv\/wp-json\/wp\/v2\/types\/page"}],"author":[{"embeddable":true,"href":"https:\/\/sterneerleben.info\/beobachtungsarchiv\/wp-json\/wp\/v2\/users\/1"}],"replies":[{"embeddable":true,"href":"https:\/\/sterneerleben.info\/beobachtungsarchiv\/wp-json\/wp\/v2\/comments?post=619"}],"version-history":[{"count":7,"href":"https:\/\/sterneerleben.info\/beobachtungsarchiv\/wp-json\/wp\/v2\/pages\/619\/revisions"}],"predecessor-version":[{"id":1143,"href":"https:\/\/sterneerleben.info\/beobachtungsarchiv\/wp-json\/wp\/v2\/pages\/619\/revisions\/1143"}],"wp:attachment":[{"href":"https:\/\/sterneerleben.info\/beobachtungsarchiv\/wp-json\/wp\/v2\/media?parent=619"}],"curies":[{"name":"wp","href":"https:\/\/api.w.org\/{rel}","templated":true}]}}