{"id":606,"date":"2021-05-25T21:18:07","date_gmt":"2021-05-25T19:18:07","guid":{"rendered":"https:\/\/sterneerleben.info\/beobachtungsarchiv\/?page_id=606"},"modified":"2021-05-25T21:22:33","modified_gmt":"2021-05-25T19:22:33","slug":"28-01-14-venus-i","status":"publish","type":"page","link":"https:\/\/sterneerleben.info\/beobachtungsarchiv\/28-01-14-venus-i\/","title":{"rendered":"28.01.14 Venus I"},"content":{"rendered":"<p>[et_pb_section fb_built=&#8220;1&#8243; _builder_version=&#8220;4.9.2&#8243; _module_preset=&#8220;default&#8220; background_color=&#8220;#222222&#8243;][et_pb_row _builder_version=&#8220;4.9.2&#8243; _module_preset=&#8220;default&#8220;][et_pb_column type=&#8220;4_4&#8243; _builder_version=&#8220;4.9.2&#8243; _module_preset=&#8220;default&#8220;][et_pb_text _builder_version=&#8220;4.9.4&#8243; _module_preset=&#8220;default&#8220; text_text_color=&#8220;#DBDBDB&#8220; header_text_color=&#8220;#DBDBDB&#8220; custom_padding=&#8220;0px|||||&#8220;]<\/p>\n<h1>28. Januar 2014: Der Mond n\u00e4hert sich in raschen Schritten der Venus<\/h1>\n<p>[\/et_pb_text][et_pb_image src=&#8220;https:\/\/sterneerleben.info\/beobachtungsarchiv\/wp-content\/uploads\/2021\/05\/140128_mond_venus_DSC_3210_DxO_web.jpg&#8220; title_text=&#8220;140128_mond_venus_DSC_3210_DxO_web&#8220; _builder_version=&#8220;4.9.4&#8243; _module_preset=&#8220;default&#8220;][\/et_pb_image][et_pb_text _builder_version=&#8220;4.9.4&#8243; _module_preset=&#8220;default&#8220; text_text_color=&#8220;#DBDBDB&#8220; custom_padding=&#8220;||0px|||&#8220; hover_enabled=&#8220;0&#8243; sticky_enabled=&#8220;0&#8243;]<\/p>\n<p>28.01.2014, 07.09 Uhr, Autobahnparkplatz Thun S\u00fcd: Mondsichel in der N\u00e4he der Venus. Siehe auch 29.01.2014 Venus II!<\/p>\n<p>Nikon D800: 1\/15 s, f\/5, 3&#8217;200 ISO, 70 mm [24-70 mm] (Foto: hh).<\/p>\n<p>[\/et_pb_text][\/et_pb_column][\/et_pb_row][et_pb_row _builder_version=&#8220;4.9.4&#8243; _module_preset=&#8220;default&#8220;][et_pb_column type=&#8220;4_4&#8243; _builder_version=&#8220;4.9.4&#8243; _module_preset=&#8220;default&#8220;][et_pb_text _builder_version=&#8220;4.9.4&#8243; _module_preset=&#8220;default&#8220; text_font_size=&#8220;11px&#8220;]<\/p>\n<p><span style=\"color: #999999;\">Aktualisiert am 25.05.2021 \/ heinz.hofer[\u00e4t]quicknet.ch<\/span><\/p>\n<p>[\/et_pb_text][\/et_pb_column][\/et_pb_row][\/et_pb_section]<\/p>\n","protected":false},"excerpt":{"rendered":"<p>28. Januar 2014: Der Mond n\u00e4hert sich in raschen Schritten der Venus28.01.2014, 07.09 Uhr, Autobahnparkplatz Thun S\u00fcd: Mondsichel in der N\u00e4he der Venus. Siehe auch 29.01.2014 Venus II! Nikon D800: 1\/15 s, f\/5, 3&#8217;200 ISO, 70 mm [24-70 mm] (Foto: hh).Aktualisiert am 25.05.2021 \/ heinz.hofer[\u00e4t]quicknet.ch<\/p>\n","protected":false},"author":1,"featured_media":0,"parent":0,"menu_order":0,"comment_status":"closed","ping_status":"closed","template":"","meta":{"_et_pb_use_builder":"on","_et_pb_old_content":"","_et_gb_content_width":"","footnotes":""},"class_list":["post-606","page","type-page","status-publish","hentry"],"_links":{"self":[{"href":"https:\/\/sterneerleben.info\/beobachtungsarchiv\/wp-json\/wp\/v2\/pages\/606","targetHints":{"allow":["GET"]}}],"collection":[{"href":"https:\/\/sterneerleben.info\/beobachtungsarchiv\/wp-json\/wp\/v2\/pages"}],"about":[{"href":"https:\/\/sterneerleben.info\/beobachtungsarchiv\/wp-json\/wp\/v2\/types\/page"}],"author":[{"embeddable":true,"href":"https:\/\/sterneerleben.info\/beobachtungsarchiv\/wp-json\/wp\/v2\/users\/1"}],"replies":[{"embeddable":true,"href":"https:\/\/sterneerleben.info\/beobachtungsarchiv\/wp-json\/wp\/v2\/comments?post=606"}],"version-history":[{"count":3,"href":"https:\/\/sterneerleben.info\/beobachtungsarchiv\/wp-json\/wp\/v2\/pages\/606\/revisions"}],"predecessor-version":[{"id":618,"href":"https:\/\/sterneerleben.info\/beobachtungsarchiv\/wp-json\/wp\/v2\/pages\/606\/revisions\/618"}],"wp:attachment":[{"href":"https:\/\/sterneerleben.info\/beobachtungsarchiv\/wp-json\/wp\/v2\/media?parent=606"}],"curies":[{"name":"wp","href":"https:\/\/api.w.org\/{rel}","templated":true}]}}