{"id":520,"date":"2021-05-21T19:37:55","date_gmt":"2021-05-21T17:37:55","guid":{"rendered":"https:\/\/sterneerleben.info\/beobachtungsarchiv\/?page_id=520"},"modified":"2021-05-21T19:38:02","modified_gmt":"2021-05-21T17:38:02","slug":"15-05-15-jupiter","status":"publish","type":"page","link":"https:\/\/sterneerleben.info\/beobachtungsarchiv\/15-05-15-jupiter\/","title":{"rendered":"15.05.15 Jupiter"},"content":{"rendered":"<p>[et_pb_section fb_built=&#8220;1&#8243; _builder_version=&#8220;4.9.2&#8243; _module_preset=&#8220;default&#8220; background_color=&#8220;#222222&#8243;][et_pb_row _builder_version=&#8220;4.9.2&#8243; _module_preset=&#8220;default&#8220;][et_pb_column type=&#8220;4_4&#8243; _builder_version=&#8220;4.9.2&#8243; _module_preset=&#8220;default&#8220;][et_pb_text _builder_version=&#8220;4.9.4&#8243; _module_preset=&#8220;default&#8220; text_text_color=&#8220;#DBDBDB&#8220; header_text_color=&#8220;#DBDBDB&#8220; custom_padding=&#8220;0px|||||&#8220; hover_enabled=&#8220;0&#8243; sticky_enabled=&#8220;0&#8243;]<\/p>\n<h1>15. April 2015: Jupiter ist rechtl\u00e4ufig (r\u00fcckl\u00e4ufig)<\/h1>\n<p>[\/et_pb_text][et_pb_image src=&#8220;https:\/\/sterneerleben.info\/beobachtungsarchiv\/wp-content\/uploads\/2021\/05\/150415_jupiter_2234_4064_web.jpg&#8220; title_text=&#8220;150415_jupiter_2234_4064_web&#8220; _builder_version=&#8220;4.9.4&#8243; _module_preset=&#8220;default&#8220; hover_enabled=&#8220;0&#8243; sticky_enabled=&#8220;0&#8243;][\/et_pb_image][et_pb_text _builder_version=&#8220;4.9.4&#8243; _module_preset=&#8220;default&#8220; text_text_color=&#8220;#DBDBDB&#8220; custom_padding=&#8220;||0px|||&#8220; hover_enabled=&#8220;0&#8243; sticky_enabled=&#8220;0&#8243;]<\/p>\n<p>15.04.2015, 22.34 Uhr: Wilderswil: Blick gegen S\u00fcdwesten. Vergleiche die Lage des Jupiters zwischen L\u00f6we und Krebs gegen\u00fcber derjenigen vom 22.11.2014. Er bewegt sich in den Tierkreissternbildern r\u00fcckw\u00e4rts.<\/p>\n<p>Bild: Nikon D4s: 6 s, f\/2.8, 3&#8217;200 ISO, 24 mm [14-24 mm] (Foto: hh).<\/p>\n<p>[\/et_pb_text][\/et_pb_column][\/et_pb_row][et_pb_row _builder_version=&#8220;4.9.4&#8243; _module_preset=&#8220;default&#8220;][et_pb_column type=&#8220;4_4&#8243; _builder_version=&#8220;4.9.4&#8243; _module_preset=&#8220;default&#8220;][et_pb_text _builder_version=&#8220;4.9.4&#8243; _module_preset=&#8220;default&#8220; text_font_size=&#8220;11px&#8220;]<\/p>\n<p><span style=\"color: #999999;\">Aktualisiert am 21.05.2021 \/ heinz.hofer[\u00e4t]quicknet.ch<\/span><\/p>\n<p>[\/et_pb_text][\/et_pb_column][\/et_pb_row][\/et_pb_section]<\/p>\n","protected":false},"excerpt":{"rendered":"<p>15. April 2015: Jupiter ist rechtl\u00e4ufig (r\u00fcckl\u00e4ufig)15.04.2015, 22.34 Uhr: Wilderswil: Blick gegen S\u00fcdwesten. Vergleiche die Lage des Jupiters zwischen L\u00f6we und Krebs gegen\u00fcber derjenigen vom 22.11.2014. Er bewegt sich in den Tierkreissternbildern r\u00fcckw\u00e4rts. Bild: Nikon D4s: 6 s, f\/2.8, 3&#8217;200 ISO, 24 mm [14-24 mm] (Foto: hh).Aktualisiert am 21.05.2021 \/ heinz.hofer[\u00e4t]quicknet.ch<\/p>\n","protected":false},"author":1,"featured_media":0,"parent":0,"menu_order":0,"comment_status":"closed","ping_status":"closed","template":"","meta":{"_et_pb_use_builder":"on","_et_pb_old_content":"","_et_gb_content_width":"","footnotes":""},"class_list":["post-520","page","type-page","status-publish","hentry"],"_links":{"self":[{"href":"https:\/\/sterneerleben.info\/beobachtungsarchiv\/wp-json\/wp\/v2\/pages\/520","targetHints":{"allow":["GET"]}}],"collection":[{"href":"https:\/\/sterneerleben.info\/beobachtungsarchiv\/wp-json\/wp\/v2\/pages"}],"about":[{"href":"https:\/\/sterneerleben.info\/beobachtungsarchiv\/wp-json\/wp\/v2\/types\/page"}],"author":[{"embeddable":true,"href":"https:\/\/sterneerleben.info\/beobachtungsarchiv\/wp-json\/wp\/v2\/users\/1"}],"replies":[{"embeddable":true,"href":"https:\/\/sterneerleben.info\/beobachtungsarchiv\/wp-json\/wp\/v2\/comments?post=520"}],"version-history":[{"count":3,"href":"https:\/\/sterneerleben.info\/beobachtungsarchiv\/wp-json\/wp\/v2\/pages\/520\/revisions"}],"predecessor-version":[{"id":525,"href":"https:\/\/sterneerleben.info\/beobachtungsarchiv\/wp-json\/wp\/v2\/pages\/520\/revisions\/525"}],"wp:attachment":[{"href":"https:\/\/sterneerleben.info\/beobachtungsarchiv\/wp-json\/wp\/v2\/media?parent=520"}],"curies":[{"name":"wp","href":"https:\/\/api.w.org\/{rel}","templated":true}]}}