{"id":456,"date":"2021-05-21T14:17:21","date_gmt":"2021-05-21T12:17:21","guid":{"rendered":"https:\/\/sterneerleben.info\/beobachtungsarchiv\/?page_id=456"},"modified":"2021-05-21T17:18:15","modified_gmt":"2021-05-21T15:18:15","slug":"10-10-2015","status":"publish","type":"page","link":"https:\/\/sterneerleben.info\/beobachtungsarchiv\/10-10-2015\/","title":{"rendered":"10.10.15 Mondlauf"},"content":{"rendered":"<p>[et_pb_section fb_built=&#8220;1&#8243; _builder_version=&#8220;4.9.2&#8243; _module_preset=&#8220;default&#8220; background_color=&#8220;#222222&#8243;][et_pb_row _builder_version=&#8220;4.9.2&#8243; _module_preset=&#8220;default&#8220;][et_pb_column type=&#8220;4_4&#8243; _builder_version=&#8220;4.9.2&#8243; _module_preset=&#8220;default&#8220;][et_pb_text _builder_version=&#8220;4.9.4&#8243; _module_preset=&#8220;default&#8220; text_text_color=&#8220;#DBDBDB&#8220; header_text_color=&#8220;#DBDBDB&#8220; custom_padding=&#8220;11px|||||&#8220; hover_enabled=&#8220;0&#8243; sticky_enabled=&#8220;0&#8243;]<\/p>\n<h1>10. Okt. 2015: Der Mond hinkt bereits hinterher<\/h1>\n<p>[\/et_pb_text][et_pb_image src=&#8220;https:\/\/sterneerleben.info\/beobachtungsarchiv\/wp-content\/uploads\/2021\/05\/151010_plantenparade_DSC_5007_web.jpg&#8220; title_text=&#8220;151010_plantenparade_DSC_5007_web&#8220; _builder_version=&#8220;4.9.4&#8243; _module_preset=&#8220;default&#8220;][\/et_pb_image][et_pb_text _builder_version=&#8220;4.9.4&#8243; _module_preset=&#8220;default&#8220; text_text_color=&#8220;#DBDBDB&#8220; custom_padding=&#8220;||0px|||&#8220;]<\/p>\n<p>10.10.2015, 06.17 Uhr: Brienz: Blick gegen Osten: Venus, Mars und Jupiter befinden sich nach wie vor im L\u00f6wen. Der Mond hat sich auch noch zu ihnen gesellt. Damit die Sterne auf dem Bild sichtbar sind, ist der Mond \u00fcberbelichtet, weshalb seine Sichelform nicht ersichtlich ist. Siehe n\u00e4chsten Eintrag.<\/p>\n<p>Nikon D4s, 3 s, f\/2.8, 3&#8217;200 ISO, 24 mm [14-24 mm\/f2.8] (Foto:hh).<\/p>\n<p>[\/et_pb_text][et_pb_image src=&#8220;https:\/\/sterneerleben.info\/beobachtungsarchiv\/wp-content\/uploads\/2021\/05\/151010_plantenparade_DSC_5007_striche_web.jpg&#8220; title_text=&#8220;151010_plantenparade_DSC_5007_striche_web&#8220; _builder_version=&#8220;4.9.4&#8243; _module_preset=&#8220;default&#8220;][\/et_pb_image][\/et_pb_column][\/et_pb_row][et_pb_row _builder_version=&#8220;4.9.4&#8243; _module_preset=&#8220;default&#8220;][et_pb_column type=&#8220;4_4&#8243; _builder_version=&#8220;4.9.4&#8243; _module_preset=&#8220;default&#8220;][et_pb_text _builder_version=&#8220;4.9.4&#8243; _module_preset=&#8220;default&#8220; text_font_size=&#8220;11px&#8220;]<\/p>\n<p><span style=\"color: #999999;\">Aktualisiert am 21.05.2021 \/ heinz.hofer[\u00e4t]quicknet.ch<\/span><\/p>\n<p>[\/et_pb_text][\/et_pb_column][\/et_pb_row][\/et_pb_section]<\/p>\n","protected":false},"excerpt":{"rendered":"<p>10. Okt. 2015: Der Mond hinkt bereits hinterher10.10.2015, 06.17 Uhr: Brienz: Blick gegen Osten: Venus, Mars und Jupiter befinden sich nach wie vor im L\u00f6wen. Der Mond hat sich auch noch zu ihnen gesellt. Damit die Sterne auf dem Bild sichtbar sind, ist der Mond \u00fcberbelichtet, weshalb seine Sichelform nicht ersichtlich ist. Siehe n\u00e4chsten Eintrag. [&hellip;]<\/p>\n","protected":false},"author":1,"featured_media":0,"parent":0,"menu_order":0,"comment_status":"closed","ping_status":"closed","template":"","meta":{"_et_pb_use_builder":"on","_et_pb_old_content":"","_et_gb_content_width":"","footnotes":""},"class_list":["post-456","page","type-page","status-publish","hentry"],"_links":{"self":[{"href":"https:\/\/sterneerleben.info\/beobachtungsarchiv\/wp-json\/wp\/v2\/pages\/456","targetHints":{"allow":["GET"]}}],"collection":[{"href":"https:\/\/sterneerleben.info\/beobachtungsarchiv\/wp-json\/wp\/v2\/pages"}],"about":[{"href":"https:\/\/sterneerleben.info\/beobachtungsarchiv\/wp-json\/wp\/v2\/types\/page"}],"author":[{"embeddable":true,"href":"https:\/\/sterneerleben.info\/beobachtungsarchiv\/wp-json\/wp\/v2\/users\/1"}],"replies":[{"embeddable":true,"href":"https:\/\/sterneerleben.info\/beobachtungsarchiv\/wp-json\/wp\/v2\/comments?post=456"}],"version-history":[{"count":6,"href":"https:\/\/sterneerleben.info\/beobachtungsarchiv\/wp-json\/wp\/v2\/pages\/456\/revisions"}],"predecessor-version":[{"id":470,"href":"https:\/\/sterneerleben.info\/beobachtungsarchiv\/wp-json\/wp\/v2\/pages\/456\/revisions\/470"}],"wp:attachment":[{"href":"https:\/\/sterneerleben.info\/beobachtungsarchiv\/wp-json\/wp\/v2\/media?parent=456"}],"curies":[{"name":"wp","href":"https:\/\/api.w.org\/{rel}","templated":true}]}}