{"id":236,"date":"2021-05-19T21:25:00","date_gmt":"2021-05-19T19:25:00","guid":{"rendered":"https:\/\/sterneerleben.info\/beobachtungsarchiv\/?page_id=236"},"modified":"2021-05-19T21:43:48","modified_gmt":"2021-05-19T19:43:48","slug":"27-september-2018-mars-vor-dem-steinbock","status":"publish","type":"page","link":"https:\/\/sterneerleben.info\/beobachtungsarchiv\/27-september-2018-mars-vor-dem-steinbock\/","title":{"rendered":"27.09.18 Mars I"},"content":{"rendered":"<p>[et_pb_section fb_built=&#8220;1&#8243; _builder_version=&#8220;4.9.2&#8243; _module_preset=&#8220;default&#8220; background_color=&#8220;#222222&#8243;][et_pb_row _builder_version=&#8220;4.9.2&#8243; _module_preset=&#8220;default&#8220;][et_pb_column type=&#8220;4_4&#8243; _builder_version=&#8220;4.9.2&#8243; _module_preset=&#8220;default&#8220;][et_pb_text _builder_version=&#8220;4.9.4&#8243; _module_preset=&#8220;default&#8220; text_text_color=&#8220;#DBDBDB&#8220; header_text_color=&#8220;#DBDBDB&#8220;]<\/p>\n<h1>27. Sept. 2018: Mars vor dem Steinbock<\/h1>\n<p>[\/et_pb_text][et_pb_image src=&#8220;https:\/\/sterneerleben.info\/beobachtungsarchiv\/wp-content\/uploads\/2021\/05\/180927_mars_1920_DSC_0009.jpg&#8220; title_text=&#8220;180927_mars_1920_DSC_0009&#8243; _builder_version=&#8220;4.9.4&#8243; _module_preset=&#8220;default&#8220; hover_enabled=&#8220;0&#8243; sticky_enabled=&#8220;0&#8243;][\/et_pb_image][et_pb_text _builder_version=&#8220;4.9.4&#8243; _module_preset=&#8220;default&#8220; text_text_color=&#8220;#DBDBDB&#8220; custom_padding=&#8220;||0px|||&#8220;]<\/p>\n<p>27.09.2018, 20.51 Uhr: Wilderswil: Blick Richtung B\u00e4lle (S\u00fcden). Der r\u00f6tliche (kommt bei der Digitalfotografie nicht richtig zum Ausdruck) Mars beim Sternbild Steinbock.<\/p>\n<p>Nikon D5, 1\/6 s, f\/2.8, 12&#8217;800 ISO, 50 mm [24-70 mm] (Foto: hh).<\/p>\n<p>[\/et_pb_text][\/et_pb_column][\/et_pb_row][et_pb_row _builder_version=&#8220;4.9.4&#8243; _module_preset=&#8220;default&#8220;][et_pb_column type=&#8220;4_4&#8243; _builder_version=&#8220;4.9.4&#8243; _module_preset=&#8220;default&#8220;][et_pb_text _builder_version=&#8220;4.9.4&#8243; _module_preset=&#8220;default&#8220; text_font_size=&#8220;11px&#8220;]<\/p>\n<p><span style=\"color: #999999;\">Aktualisiert am 19.05.2021 \/ heinz.hofer[\u00e4t]quicknet.ch<\/span><\/p>\n<p>[\/et_pb_text][\/et_pb_column][\/et_pb_row][\/et_pb_section]<\/p>\n","protected":false},"excerpt":{"rendered":"<p>27. Sept. 2018: Mars vor dem Steinbock27.09.2018, 20.51 Uhr: Wilderswil: Blick Richtung B\u00e4lle (S\u00fcden). Der r\u00f6tliche (kommt bei der Digitalfotografie nicht richtig zum Ausdruck) Mars beim Sternbild Steinbock. Nikon D5, 1\/6 s, f\/2.8, 12&#8217;800 ISO, 50 mm [24-70 mm] (Foto: hh).Aktualisiert am 19.05.2021 \/ heinz.hofer[\u00e4t]quicknet.ch<\/p>\n","protected":false},"author":1,"featured_media":0,"parent":0,"menu_order":0,"comment_status":"closed","ping_status":"closed","template":"","meta":{"_et_pb_use_builder":"on","_et_pb_old_content":"","_et_gb_content_width":"","footnotes":""},"class_list":["post-236","page","type-page","status-publish","hentry"],"_links":{"self":[{"href":"https:\/\/sterneerleben.info\/beobachtungsarchiv\/wp-json\/wp\/v2\/pages\/236","targetHints":{"allow":["GET"]}}],"collection":[{"href":"https:\/\/sterneerleben.info\/beobachtungsarchiv\/wp-json\/wp\/v2\/pages"}],"about":[{"href":"https:\/\/sterneerleben.info\/beobachtungsarchiv\/wp-json\/wp\/v2\/types\/page"}],"author":[{"embeddable":true,"href":"https:\/\/sterneerleben.info\/beobachtungsarchiv\/wp-json\/wp\/v2\/users\/1"}],"replies":[{"embeddable":true,"href":"https:\/\/sterneerleben.info\/beobachtungsarchiv\/wp-json\/wp\/v2\/comments?post=236"}],"version-history":[{"count":7,"href":"https:\/\/sterneerleben.info\/beobachtungsarchiv\/wp-json\/wp\/v2\/pages\/236\/revisions"}],"predecessor-version":[{"id":251,"href":"https:\/\/sterneerleben.info\/beobachtungsarchiv\/wp-json\/wp\/v2\/pages\/236\/revisions\/251"}],"wp:attachment":[{"href":"https:\/\/sterneerleben.info\/beobachtungsarchiv\/wp-json\/wp\/v2\/media?parent=236"}],"curies":[{"name":"wp","href":"https:\/\/api.w.org\/{rel}","templated":true}]}}