{"id":2001,"date":"2022-11-17T12:17:16","date_gmt":"2022-11-17T11:17:16","guid":{"rendered":"https:\/\/sterneerleben.info\/beobachtungsarchiv\/?page_id=2001"},"modified":"2022-11-17T13:30:28","modified_gmt":"2022-11-17T12:30:28","slug":"16-11-22-faulensee","status":"publish","type":"page","link":"https:\/\/sterneerleben.info\/beobachtungsarchiv\/16-11-22-faulensee\/","title":{"rendered":"16.11.22 Faulensee"},"content":{"rendered":"<p>[et_pb_section fb_built=&#8220;1&#8243; _builder_version=&#8220;4.19.0&#8243; _module_preset=&#8220;default&#8220; global_colors_info=&#8220;{}&#8220;][\/et_pb_section][et_pb_section fb_built=&#8220;1&#8243; _builder_version=&#8220;4.16&#8243; _module_preset=&#8220;default&#8220; background_color=&#8220;#222222&#8243; global_colors_info=&#8220;{}&#8220;][et_pb_row _builder_version=&#8220;4.16&#8243; _module_preset=&#8220;default&#8220; global_colors_info=&#8220;{}&#8220;][et_pb_column type=&#8220;4_4&#8243; _builder_version=&#8220;4.16&#8243; _module_preset=&#8220;default&#8220; global_colors_info=&#8220;{}&#8220;][et_pb_text _builder_version=&#8220;4.19.0&#8243; _module_preset=&#8220;default&#8220; text_text_color=&#8220;#DBDBDB&#8220; header_text_color=&#8220;#DBDBDB&#8220; global_colors_info=&#8220;{}&#8220;]<\/p>\n<h1>16. November 2022: Saturn, Jupiter und Mars bei Faulensee<\/h1>\n<p>[\/et_pb_text][\/et_pb_column][\/et_pb_row][et_pb_row _builder_version=&#8220;4.16&#8243; _module_preset=&#8220;default&#8220; global_colors_info=&#8220;{}&#8220;][et_pb_column type=&#8220;4_4&#8243; _builder_version=&#8220;4.16&#8243; _module_preset=&#8220;default&#8220; global_colors_info=&#8220;{}&#8220;][et_pb_text _builder_version=&#8220;4.19.0&#8243; _module_preset=&#8220;default&#8220; custom_padding=&#8220;0px|||||&#8220; hover_enabled=&#8220;0&#8243; global_colors_info=&#8220;{}&#8220; sticky_enabled=&#8220;0&#8243;]<span style=\"color: #ffffff;\">Diese Bilder zeigen den Sternenhimmel vom 16. November 2022 um 20:20 Uhr wie er vom Tourismusb\u00fcro Faulensee aus zu sehen war.<\/span><\/p>\n<p><span style=\"color: #ffff00;\">Den gleichen Himmelsausschnitt kannst du nun jeden Tag 4 Minuten fr\u00fcher erleben.<\/span><span style=\"color: #ff0000;\"><\/span><\/p>\n<p><span style=\"color: #ffffff;\">So wirst du zum Beispiel am 16. Dezember bereits um 18:20 Uhr (30 mal 4 Minuten ergibt 2 Stunden) die gleichen Sternbilder auffinden. Nur die Planeten Mars, Jupiter und Saturn werden sich etwas verschoben haben. Wie werden sie sich wohl bewegen? Alle drei in gleicher Richtung?<\/span><span style=\"color: #ff0000;\"><\/span><\/p>\n<p><span style=\"color: #ffff00;\">Versuche es herauszufinden!<\/span><span style=\"color: #ff0000;\"><\/span>[\/et_pb_text][et_pb_image src=&#8220;https:\/\/sterneerleben.info\/beobachtungsarchiv\/wp-content\/uploads\/2022\/11\/221116_01_norden_3333_spiez-scaled.jpg&#8220; alt=&#8220;Grosser Baer&#8220; title_text=&#8220;221116_01_norden_3333_spiez&#8220; _builder_version=&#8220;4.19.0&#8243; _module_preset=&#8220;default&#8220; global_colors_info=&#8220;{}&#8220;][\/et_pb_image][et_pb_text _builder_version=&#8220;4.19.0&#8243; _module_preset=&#8220;default&#8220; custom_padding=&#8220;0px|||||&#8220; global_colors_info=&#8220;{}&#8220;]<span style=\"color: #ffffff;\">Im Norden steigt der <strong>Grosse B\u00e4r<\/strong> vom Horizont empor. Er dreht sich so nahe um den<strong> Polarstern<\/strong>, dass er nie untergeht. Durch die Verl\u00e4ngerung der hinteren Wagenwand findest du den Polarstern, an dem der <strong>Kleine B\u00e4r<\/strong> angebunden ist.<\/span>[\/et_pb_text][et_pb_image src=&#8220;https:\/\/sterneerleben.info\/beobachtungsarchiv\/wp-content\/uploads\/2022\/11\/221116_02_nnw_3334_spiez-scaled.jpg&#8220; alt=&#8220;NW&#8220; title_text=&#8220;221116_02_nnw_3334_spiez&#8220; _builder_version=&#8220;4.19.0&#8243; _module_preset=&#8220;default&#8220; global_colors_info=&#8220;{}&#8220;][\/et_pb_image][et_pb_text _builder_version=&#8220;4.19.0&#8243; _module_preset=&#8220;default&#8220; custom_padding=&#8220;0px|||||&#8220; hover_enabled=&#8220;0&#8243; global_colors_info=&#8220;{}&#8220; sticky_enabled=&#8220;0&#8243;]<\/p>\n<p><span style=\"color: #ffffff;\">Schaust du etwas weiter nach rechts Richtung Niederhorn, so taucht bereits das erste Wintersternbild <strong>der Fuhrmann<\/strong> mit dem Hauptstern <strong>Capella<\/strong> auf. Der Fuhrmann h\u00e4lt die zwei kleinen Zicklein unter seinem Mantel warm.<\/span><\/p>\n<p>[\/et_pb_text][et_pb_image src=&#8220;https:\/\/sterneerleben.info\/beobachtungsarchiv\/wp-content\/uploads\/2022\/11\/221116_03_osten_3335_spiez-scaled.jpg&#8220; alt=&#8220;osten&#8220; title_text=&#8220;221116_03_osten_3335_spiez&#8220; _builder_version=&#8220;4.19.0&#8243; _module_preset=&#8220;default&#8220; global_colors_info=&#8220;{}&#8220;][\/et_pb_image][et_pb_text _builder_version=&#8220;4.19.0&#8243; _module_preset=&#8220;default&#8220; custom_padding=&#8220;0px|||||&#8220; hover_enabled=&#8220;0&#8243; global_colors_info=&#8220;{}&#8220; sticky_enabled=&#8220;0&#8243;]<span style=\"color: #ffffff;\">Drehst du dich noch weiter gegen rechts (Osten) kommt der ganze Fuhrmann zum Vorschein. Nun ist auch der <strong>Stier<\/strong> mit dem Hauptstern <strong>Antares<\/strong> auszumachen oder besser gesagt: der Kopf des Stiers mit seinen H\u00f6rnern. Vielleicht f\u00e4llt dir auf, dass sich der Fuhrmann und der Stier einen Stern teilen. Was aber sicher noch mehr auff\u00e4llt, ist das r\u00f6tliche, helle Objekt zwischen den H\u00f6rnern des Stiers: Es ist der<strong> Planet Mars<\/strong>, der sich zur Zeit im Stier herumtummelt. In welche Richtung wird er sich wohl bewegen? Und wie schnell?<\/span><\/p>\n<p><span style=\"color: #ffffff;\">Oberhalb des Stiers hast du sicher schon das feine Sternenh\u00e4ufchen entdeckt. Man nennt diese Sternenansammlung die <strong>Plejaden<\/strong> oder das <strong>Siebengestirn<\/strong>.<\/span>[\/et_pb_text][\/et_pb_column][\/et_pb_row][et_pb_row _builder_version=&#8220;4.16&#8243; _module_preset=&#8220;default&#8220; global_colors_info=&#8220;{}&#8220;][et_pb_column type=&#8220;4_4&#8243; _builder_version=&#8220;4.16&#8243; _module_preset=&#8220;default&#8220; global_colors_info=&#8220;{}&#8220;][et_pb_image src=&#8220;https:\/\/sterneerleben.info\/beobachtungsarchiv\/wp-content\/uploads\/2022\/11\/221116_04_sueden_jupi_tief_3338_spiez-scaled.jpg&#8220; alt=&#8220;sueden&#8220; title_text=&#8220;221116_04_sueden_jupi_tief_3338_spiez&#8220; _builder_version=&#8220;4.19.0&#8243; _module_preset=&#8220;default&#8220; global_colors_info=&#8220;{}&#8220;][\/et_pb_image][et_pb_text _builder_version=&#8220;4.19.0&#8243; _module_preset=&#8220;default&#8220; custom_padding=&#8220;0px|||||&#8220; hover_enabled=&#8220;0&#8243; global_colors_info=&#8220;{}&#8220; sticky_enabled=&#8220;0&#8243;]<span style=\"color: #ffffff;\">Drehst du dich noch weiter gegen rechts, ziemlich genau gegen S\u00fcden, so taucht das zur Zeit mit Abstand hellste Objekt am Himmel auf: Der<strong> Planet Jupiter<\/strong>. Bereits mit einem Feldstecher kannst du seine 4 hellsten Monde (die Galileischen Monde) erkennen. Rechts unten siehst du noch einen Teil des untergehenden Steinbocks und den dritten Planeten den<strong> Saturn<\/strong>.<\/span>[\/et_pb_text][et_pb_image src=&#8220;https:\/\/sterneerleben.info\/beobachtungsarchiv\/wp-content\/uploads\/2022\/11\/221116_05_sueden_jupi_hoch_3345_spiez-scaled.jpg&#8220; alt=&#8220;sueden hoch&#8220; title_text=&#8220;221116_05_sueden_jupi_hoch_3345_spiez&#8220; _builder_version=&#8220;4.19.0&#8243; _module_preset=&#8220;default&#8220; global_colors_info=&#8220;{}&#8220;][\/et_pb_image][et_pb_text _builder_version=&#8220;4.19.0&#8243; _module_preset=&#8220;default&#8220; custom_padding=&#8220;0px|||||&#8220; hover_enabled=&#8220;0&#8243; global_colors_info=&#8220;{}&#8220; sticky_enabled=&#8220;0&#8243;]<\/p>\n<p><span style=\"color: #ffffff;\">Damit du erkennen kannst, in welchem Sternbild sich der Jupiter gerade aufh\u00e4lt, musst du etwas weiter nach oben schauen, dann siehst du den einen <strong>Fisch<\/strong>, der mit einem langen Band mit dem zweiten Fisch verbunden ist. Der zweite Fisch ist hier nicht sichtbar. <\/span><\/p>\n<p><span style=\"color: #ffffff;\">Oberhalb des Fisches befinden sich noch die zwei unteren Sterne des Herbstvierecks (<strong>Pegasus<\/strong>).<\/span><\/p>\n<p><span style=\"color: #ffffff;\">Rechts von den Fischen ist der <strong>Wassermann<\/strong> angedeutet. Typisch f\u00fcr ihn ist n\u00e4mlich dieses Dreieck mit dem eingeschlossenen vierten Stern.<\/span><\/p>\n<p><span style=\"color: #ffffff;\">Unten rechts ist immer noch der untergehende <strong>Steinbock<\/strong> mit dem <strong>Saturn<\/strong> (Pfeil) zu sehen.<\/span><\/p>\n<p>[\/et_pb_text][et_pb_image src=&#8220;https:\/\/sterneerleben.info\/beobachtungsarchiv\/wp-content\/uploads\/2022\/11\/221116_06_sw_saturn_3348_spiez-scaled.jpg&#8220; alt=&#8220;sw saturn&#8220; title_text=&#8220;221116_06_sw_saturn_3348_spiez&#8220; _builder_version=&#8220;4.19.0&#8243; _module_preset=&#8220;default&#8220; global_colors_info=&#8220;{}&#8220;][\/et_pb_image][et_pb_text _builder_version=&#8220;4.19.0&#8243; _module_preset=&#8220;default&#8220; custom_padding=&#8220;0px|||||&#8220; global_colors_info=&#8220;{}&#8220;]<\/p>\n<p><span style=\"color: #ffffff;\">Der <strong>Steinbock<\/strong> versteckt sich hinter dem Niesen.<\/span><\/p>\n<p>[\/et_pb_text][et_pb_image src=&#8220;https:\/\/sterneerleben.info\/beobachtungsarchiv\/wp-content\/uploads\/2022\/11\/221116_07_sommer_tief_3341_spiez-scaled.jpg&#8220; alt=&#8220;sw saturn&#8220; title_text=&#8220;221116_07_sommer_tief_3341_spiez&#8220; _builder_version=&#8220;4.19.0&#8243; _module_preset=&#8220;default&#8220; global_colors_info=&#8220;{}&#8220;][\/et_pb_image][et_pb_text _builder_version=&#8220;4.19.0&#8243; _module_preset=&#8220;default&#8220; custom_padding=&#8220;0px|||||&#8220; hover_enabled=&#8220;0&#8243; global_colors_info=&#8220;{}&#8220; sticky_enabled=&#8220;0&#8243;]<\/p>\n<p><span style=\"color: #ffffff;\">Schaust du nun ganz gegen Westen, so tauchen Teile des <strong>Sommerdreiecks<\/strong> auf: Oben links der <strong>Delfin<\/strong>, rechts daneben der <strong>Pfeil<\/strong> und noch weiter rechts die <strong>Leier<\/strong> mit dem Hauptstern <strong>Wega<\/strong>. Unten links fliegt noch der <strong>Adler<\/strong> mit dem Hauptstern <strong>Atair<\/strong>.<\/span><\/p>\n<p>[\/et_pb_text][et_pb_image src=&#8220;https:\/\/sterneerleben.info\/beobachtungsarchiv\/wp-content\/uploads\/2022\/11\/221116_08_sommer_hoch_3350_spiez-scaled.jpg&#8220; alt=&#8220;sommer hoch&#8220; title_text=&#8220;221116_08_sommer_hoch_3350_spiez&#8220; _builder_version=&#8220;4.19.0&#8243; _module_preset=&#8220;default&#8220; global_colors_info=&#8220;{}&#8220;][\/et_pb_image][et_pb_text _builder_version=&#8220;4.19.0&#8243; _module_preset=&#8220;default&#8220; custom_padding=&#8220;0px|||||&#8220; hover_enabled=&#8220;0&#8243; global_colors_info=&#8220;{}&#8220; sticky_enabled=&#8220;0&#8243;]<\/p>\n<p><span style=\"color: #ffffff;\">Damit du das ganze <strong>Sommerdreieck<\/strong> mit den Hauptsternen erkennen kannst, musst du etwas weiter nach oben schauen. Nun ist auch noch der <strong>Schwan<\/strong> mit dem Hauptstern <strong>Deneb<\/strong> zu sehen. Das Sommerdreieck ist nach rechts gekippt, da es am Untergehen ist. Durch das Sommerdreieck geht \u00fcbrigens die Milchstrasse, was hier jedoch nur knapp zu erkennen ist.<\/span><\/p>\n<p>[\/et_pb_text][et_pb_text _builder_version=&#8220;4.19.0&#8243; _module_preset=&#8220;default&#8220; custom_padding=&#8220;0px|||||&#8220; global_colors_info=&#8220;{}&#8220;]<span style=\"color: #ffffff;\"> Nikon D850, 4 s (letztes Bild: 8 s), f\/2.8, 3&#8217;200 ISO, 24 mm [24 \u2013 70 mm, Sigma] (Foto: hh).<\/span>[\/et_pb_text][et_pb_text _builder_version=&#8220;4.19.0&#8243; _module_preset=&#8220;default&#8220; text_font_size=&#8220;11px&#8220; global_colors_info=&#8220;{}&#8220;]<\/p>\n<p><span style=\"color: #999999;\">Aktualisiert am 17.11.2022 \/ heinz.hofer[\u00e4t]quicknet.ch<\/span><\/p>\n<p>[\/et_pb_text][\/et_pb_column][\/et_pb_row][\/et_pb_section]<\/p>\n","protected":false},"excerpt":{"rendered":"<p>16. November 2022: Saturn, Jupiter und Mars bei FaulenseeDiese Bilder zeigen den Sternenhimmel vom 16. November 2022 um 20:20 Uhr wie er vom Tourismusb\u00fcro Faulensee aus zu sehen war. Den gleichen Himmelsausschnitt kannst du nun jeden Tag 4 Minuten fr\u00fcher erleben. So wirst du zum Beispiel am 16. Dezember bereits um 18:20 Uhr (30 mal [&hellip;]<\/p>\n","protected":false},"author":1,"featured_media":0,"parent":0,"menu_order":0,"comment_status":"closed","ping_status":"closed","template":"","meta":{"_et_pb_use_builder":"on","_et_pb_old_content":"","_et_gb_content_width":"","footnotes":""},"class_list":["post-2001","page","type-page","status-publish","hentry"],"_links":{"self":[{"href":"https:\/\/sterneerleben.info\/beobachtungsarchiv\/wp-json\/wp\/v2\/pages\/2001","targetHints":{"allow":["GET"]}}],"collection":[{"href":"https:\/\/sterneerleben.info\/beobachtungsarchiv\/wp-json\/wp\/v2\/pages"}],"about":[{"href":"https:\/\/sterneerleben.info\/beobachtungsarchiv\/wp-json\/wp\/v2\/types\/page"}],"author":[{"embeddable":true,"href":"https:\/\/sterneerleben.info\/beobachtungsarchiv\/wp-json\/wp\/v2\/users\/1"}],"replies":[{"embeddable":true,"href":"https:\/\/sterneerleben.info\/beobachtungsarchiv\/wp-json\/wp\/v2\/comments?post=2001"}],"version-history":[{"count":9,"href":"https:\/\/sterneerleben.info\/beobachtungsarchiv\/wp-json\/wp\/v2\/pages\/2001\/revisions"}],"predecessor-version":[{"id":2021,"href":"https:\/\/sterneerleben.info\/beobachtungsarchiv\/wp-json\/wp\/v2\/pages\/2001\/revisions\/2021"}],"wp:attachment":[{"href":"https:\/\/sterneerleben.info\/beobachtungsarchiv\/wp-json\/wp\/v2\/media?parent=2001"}],"curies":[{"name":"wp","href":"https:\/\/api.w.org\/{rel}","templated":true}]}}