{"id":1970,"date":"2022-10-11T12:01:48","date_gmt":"2022-10-11T10:01:48","guid":{"rendered":"https:\/\/sterneerleben.info\/beobachtungsarchiv\/?page_id=1970"},"modified":"2022-10-11T13:37:51","modified_gmt":"2022-10-11T11:37:51","slug":"10-10-22-mond3planeten","status":"publish","type":"page","link":"https:\/\/sterneerleben.info\/beobachtungsarchiv\/10-10-22-mond3planeten\/","title":{"rendered":"10.10.22 Mond3Planete"},"content":{"rendered":"<p>[et_pb_section fb_built=&#8220;1&#8243; _builder_version=&#8220;4.16&#8243; _module_preset=&#8220;default&#8220; background_color=&#8220;#222222&#8243; global_colors_info=&#8220;{}&#8220;][et_pb_row _builder_version=&#8220;4.16&#8243; _module_preset=&#8220;default&#8220; global_colors_info=&#8220;{}&#8220;][et_pb_column type=&#8220;4_4&#8243; _builder_version=&#8220;4.16&#8243; _module_preset=&#8220;default&#8220; global_colors_info=&#8220;{}&#8220;][et_pb_text _builder_version=&#8220;4.18.0&#8243; _module_preset=&#8220;default&#8220; text_text_color=&#8220;#DBDBDB&#8220; header_text_color=&#8220;#DBDBDB&#8220; global_colors_info=&#8220;{}&#8220;]<\/p>\n<h1>10. Oktober 2022: Drei helle Planeten und der Mond um Mitternacht<\/h1>\n<p>[\/et_pb_text][\/et_pb_column][\/et_pb_row][et_pb_row _builder_version=&#8220;4.16&#8243; _module_preset=&#8220;default&#8220; global_colors_info=&#8220;{}&#8220;][et_pb_column type=&#8220;4_4&#8243; _builder_version=&#8220;4.16&#8243; _module_preset=&#8220;default&#8220; global_colors_info=&#8220;{}&#8220;][et_pb_image src=&#8220;https:\/\/sterneerleben.info\/beobachtungsarchiv\/wp-content\/uploads\/2022\/10\/221010_DSC_3266_planeten_mond_01-scaled.jpg&#8220; alt=&#8220;jupiter fische wassermann steinbock saturn&#8220; title_text=&#8220;221010_DSC_3266_planeten_mond_01&#8243; _builder_version=&#8220;4.18.0&#8243; _module_preset=&#8220;default&#8220; global_colors_info=&#8220;{}&#8220;][\/et_pb_image][et_pb_text _builder_version=&#8220;4.18.0&#8243; _module_preset=&#8220;default&#8220; custom_padding=&#8220;0px|||||&#8220; global_colors_info=&#8220;{}&#8220;]<span style=\"color: #ffffff;\">10.10.2022, ca. 24:00 Uhr: Wilderswil: Im Westen geht um diese Zeit der Steinbock mit dem Saturn unter. Oben links strahlt der helle Jupiter. Zu erkennen ist noch der Delfin rechts am Rand und der helle Atair vom Adler.<\/span><\/p>\n<p><span style=\"color: #ffffff;\"> Nikon D850, 2.5 s, f\/2.8, 1&#8217;600 ISO, 24 mm [24 \u2013 70 mm, Sigma] (Foto: hh).<\/span>[\/et_pb_text][et_pb_image src=&#8220;https:\/\/sterneerleben.info\/beobachtungsarchiv\/wp-content\/uploads\/2022\/10\/221010_DSC_3248_planeten_mond_02-scaled.jpg&#8220; alt=&#8220;jupiter fische wassermann steinbock saturn&#8220; title_text=&#8220;221010_DSC_3248_planeten_mond_02&#8243; _builder_version=&#8220;4.18.0&#8243; _module_preset=&#8220;default&#8220; global_colors_info=&#8220;{}&#8220;][\/et_pb_image][et_pb_text _builder_version=&#8220;4.18.0&#8243; _module_preset=&#8220;default&#8220; custom_padding=&#8220;0px|||||&#8220; global_colors_info=&#8220;{}&#8220;]<span style=\"color: #ffffff;\">Schaut man etwas weiter nach links gegen S\u00fcden, so sieht man, dass sich der Jupiter nicht merklich bewegt hat und er nach wie vor in den Fischen weilt. In welchem Tierkreissternbild sitzt der Mond? Drehen wir uns noch weiter gegen links&#8230;<\/span><\/p>\n<p><span style=\"color: #ffffff;\"> Nikon D850, 1.6 s, f\/2.8, 1&#8217;600 ISO, 24 mm [24 \u2013 70 mm, Sigma] (Foto: hh).<\/span>[\/et_pb_text][et_pb_image src=&#8220;https:\/\/sterneerleben.info\/beobachtungsarchiv\/wp-content\/uploads\/2022\/10\/221010_DSC_3256_planeten_mond_03-scaled.jpg&#8220; alt=&#8220;jupiter fische wassermann steinbock saturn&#8220; title_text=&#8220;221010_DSC_3256_planeten_mond_03&#8243; _builder_version=&#8220;4.18.0&#8243; _module_preset=&#8220;default&#8220; global_colors_info=&#8220;{}&#8220;][\/et_pb_image][et_pb_text _builder_version=&#8220;4.18.0&#8243; _module_preset=&#8220;default&#8220; custom_padding=&#8220;0px|||||&#8220; hover_enabled=&#8220;0&#8243; global_colors_info=&#8220;{}&#8220; sticky_enabled=&#8220;0&#8243;]<\/p>\n<p><span style=\"color: #ffffff;\">&#8230;so sieht man, dass der Mond schon im Widder angekommen ist. Weiter links (gegen Osten) ist bereits das Wintersternbild Stier aufgegangen. Vielleicht f\u00e4llt dir auf, dass sich im Stier ein r\u00f6tlicher &#8222;Stern&#8220; befindet, der nicht zu diesem Sternbild geh\u00f6rt. Es ist auch gar kein Stern, sondern es ist der Planet Mars, der sich nun schon weit von Jupiter und Saturn entfernt hat. Vergleiche seine Position gegen\u00fcber derjenigen vom <a href=\"https:\/\/sterneerleben.info\/beobachtungsarchiv\/28-04-22-planetenparade\/\" target=\"_blank\" rel=\"noopener\">28. April 2022<\/a>! Der Kreis markiert \u00fcbrigens das Wintersternbild Siebengestirn auch Plejaden genannt.<\/span><\/p>\n<p><span style=\"color: #ffffff;\"> Nikon D850, 1.6 s, f\/2.8, 1&#8217;600 ISO, 24 mm [24 \u2013 70 mm, Sigma] (Foto: hh).<\/span><\/p>\n<p>[\/et_pb_text][\/et_pb_column][\/et_pb_row][et_pb_row _builder_version=&#8220;4.16&#8243; _module_preset=&#8220;default&#8220; global_colors_info=&#8220;{}&#8220;][et_pb_column type=&#8220;4_4&#8243; _builder_version=&#8220;4.16&#8243; _module_preset=&#8220;default&#8220; global_colors_info=&#8220;{}&#8220;][et_pb_image src=&#8220;https:\/\/sterneerleben.info\/beobachtungsarchiv\/wp-content\/uploads\/2022\/10\/221010_DSC_3262_planeten_mond_04-scaled.jpg&#8220; alt=&#8220;jupiter fische wassermann steinbock saturn&#8220; title_text=&#8220;221010_DSC_3262_planeten_mond_04&#8243; _builder_version=&#8220;4.18.0&#8243; _module_preset=&#8220;default&#8220; global_colors_info=&#8220;{}&#8220;][\/et_pb_image][et_pb_text _builder_version=&#8220;4.18.0&#8243; _module_preset=&#8220;default&#8220; custom_padding=&#8220;0px|||||&#8220; global_colors_info=&#8220;{}&#8220;]<span style=\"color: #ffffff;\">&#8230;schaut man noch etwas mehr gegen links (Osten), so ist ein weiteres Wintersternbild zu erkennen: Der Fuhrmann mit den zwei Zicklein.<\/span><\/p>\n<p><span style=\"color: #ffffff;\"> Nikon D850, 2.0 s, f\/2.8, 1&#8217;600 ISO, 24 mm [24 \u2013 70 mm, Sigma] (Foto: hh).<\/span>[\/et_pb_text][et_pb_text _builder_version=&#8220;4.18.0&#8243; _module_preset=&#8220;default&#8220; text_font_size=&#8220;11px&#8220; global_colors_info=&#8220;{}&#8220;]<\/p>\n<p><span style=\"color: #999999;\">Aktualisiert am 11.10.2022 \/ heinz.hofer[\u00e4t]quicknet.ch<\/span><\/p>\n<p>[\/et_pb_text][\/et_pb_column][\/et_pb_row][\/et_pb_section]<\/p>\n","protected":false},"excerpt":{"rendered":"<p>10. Oktober 2022: Drei helle Planeten und der Mond um Mitternacht10.10.2022, ca. 24:00 Uhr: Wilderswil: Im Westen geht um diese Zeit der Steinbock mit dem Saturn unter. Oben links strahlt der helle Jupiter. Zu erkennen ist noch der Delfin rechts am Rand und der helle Atair vom Adler. Nikon D850, 2.5 s, f\/2.8, 1&#8217;600 ISO, [&hellip;]<\/p>\n","protected":false},"author":1,"featured_media":0,"parent":0,"menu_order":0,"comment_status":"closed","ping_status":"closed","template":"","meta":{"_et_pb_use_builder":"on","_et_pb_old_content":"","_et_gb_content_width":"","footnotes":""},"class_list":["post-1970","page","type-page","status-publish","hentry"],"_links":{"self":[{"href":"https:\/\/sterneerleben.info\/beobachtungsarchiv\/wp-json\/wp\/v2\/pages\/1970","targetHints":{"allow":["GET"]}}],"collection":[{"href":"https:\/\/sterneerleben.info\/beobachtungsarchiv\/wp-json\/wp\/v2\/pages"}],"about":[{"href":"https:\/\/sterneerleben.info\/beobachtungsarchiv\/wp-json\/wp\/v2\/types\/page"}],"author":[{"embeddable":true,"href":"https:\/\/sterneerleben.info\/beobachtungsarchiv\/wp-json\/wp\/v2\/users\/1"}],"replies":[{"embeddable":true,"href":"https:\/\/sterneerleben.info\/beobachtungsarchiv\/wp-json\/wp\/v2\/comments?post=1970"}],"version-history":[{"count":6,"href":"https:\/\/sterneerleben.info\/beobachtungsarchiv\/wp-json\/wp\/v2\/pages\/1970\/revisions"}],"predecessor-version":[{"id":1983,"href":"https:\/\/sterneerleben.info\/beobachtungsarchiv\/wp-json\/wp\/v2\/pages\/1970\/revisions\/1983"}],"wp:attachment":[{"href":"https:\/\/sterneerleben.info\/beobachtungsarchiv\/wp-json\/wp\/v2\/media?parent=1970"}],"curies":[{"name":"wp","href":"https:\/\/api.w.org\/{rel}","templated":true}]}}