{"id":1959,"date":"2022-10-08T22:50:54","date_gmt":"2022-10-08T20:50:54","guid":{"rendered":"https:\/\/sterneerleben.info\/beobachtungsarchiv\/?page_id=1959"},"modified":"2022-12-18T23:43:02","modified_gmt":"2022-12-18T22:43:02","slug":"18-12-22-mars-rueckw","status":"publish","type":"page","link":"https:\/\/sterneerleben.info\/beobachtungsarchiv\/18-12-22-mars-rueckw\/","title":{"rendered":"18.12.22 Mars r\u00fcckw"},"content":{"rendered":"<p>[et_pb_section fb_built=&#8220;1&#8243; _builder_version=&#8220;4.16&#8243; _module_preset=&#8220;default&#8220; background_color=&#8220;#222222&#8243; global_colors_info=&#8220;{}&#8220;][et_pb_row _builder_version=&#8220;4.16&#8243; _module_preset=&#8220;default&#8220; global_colors_info=&#8220;{}&#8220;][et_pb_column type=&#8220;4_4&#8243; _builder_version=&#8220;4.16&#8243; _module_preset=&#8220;default&#8220; global_colors_info=&#8220;{}&#8220;][et_pb_text _builder_version=&#8220;4.19.4&#8243; _module_preset=&#8220;default&#8220; text_text_color=&#8220;#DBDBDB&#8220; header_text_color=&#8220;#DBDBDB&#8220; global_colors_info=&#8220;{}&#8220;]<\/p>\n<h1>18. Dezember 2022: Der Mars hat umgekehrt<\/h1>\n<p>[\/et_pb_text][\/et_pb_column][\/et_pb_row][et_pb_row _builder_version=&#8220;4.16&#8243; _module_preset=&#8220;default&#8220; global_colors_info=&#8220;{}&#8220;][et_pb_column type=&#8220;4_4&#8243; _builder_version=&#8220;4.16&#8243; _module_preset=&#8220;default&#8220; global_colors_info=&#8220;{}&#8220;][et_pb_image src=&#8220;https:\/\/sterneerleben.info\/beobachtungsarchiv\/wp-content\/uploads\/2022\/12\/221217_DSC_3547_mars_arosa-scaled.jpg&#8220; alt=&#8220;jupiter fische wassermann steinbock saturn&#8220; title_text=&#8220;221217_DSC_3547_mars_arosa&#8220; _builder_version=&#8220;4.19.4&#8243; _module_preset=&#8220;default&#8220; global_colors_info=&#8220;{}&#8220;][\/et_pb_image][et_pb_text _builder_version=&#8220;4.19.4&#8243; _module_preset=&#8220;default&#8220; custom_padding=&#8220;0px|||||&#8220; hover_enabled=&#8220;0&#8243; global_colors_info=&#8220;{}&#8220; sticky_enabled=&#8220;0&#8243;]<\/p>\n<p><span style=\"color: #ffffff;\">18.12.2022, 00:39 Uhr: Camping Arosa: Blick gegen S\u00fcden: Links oben ist der kleine Hund zu sehen, gleich daneben ein Teil der Zwillinge und rechts davon der Stier und noch etwas weiter rechts sind die Plejaden auszumachen. In der Mitte steht stolz der Orion und gleich darunter streckt das H\u00e4schen seine zwei Ohren und den Schwanz \u00fcber den Berg. Links unten strahlt der hellste Fixstern, der Sirius im Grossen Hund. Der r\u00f6tliche Mars hat sich aus den H\u00f6rnern des Stiers herausbewegt. Er l\u00e4uft r\u00fcckw\u00e4rts. Vgl. <a href=\"https:\/\/sterneerleben.info\/beobachtungsarchiv\/16-11-22-faulensee\/\">&gt; Faulensee am 16. November 2022!<\/a><br \/><\/span><\/p>\n<p><span style=\"color: #ffffff;\"> Nikon D850, 6 s, f\/2.8, 3&#8217;200 ISO, 24 mm [24 \u2013 70 mm, Sigma] (Foto: hh).<\/span><\/p>\n<p>[\/et_pb_text][\/et_pb_column][\/et_pb_row][et_pb_row _builder_version=&#8220;4.16&#8243; _module_preset=&#8220;default&#8220; global_colors_info=&#8220;{}&#8220;][et_pb_column type=&#8220;4_4&#8243; _builder_version=&#8220;4.16&#8243; _module_preset=&#8220;default&#8220; global_colors_info=&#8220;{}&#8220;][et_pb_text _builder_version=&#8220;4.19.4&#8243; _module_preset=&#8220;default&#8220; text_font_size=&#8220;11px&#8220; global_colors_info=&#8220;{}&#8220;]<\/p>\n<p><span style=\"color: #999999;\">Aktualisiert am 18.12.2022 \/ heinz.hofer[\u00e4t]quicknet.ch<\/span><\/p>\n<p>[\/et_pb_text][\/et_pb_column][\/et_pb_row][\/et_pb_section]<\/p>\n","protected":false},"excerpt":{"rendered":"<p>18. Dezember 2022: Der Mars hat umgekehrt18.12.2022, 00:39 Uhr: Camping Arosa: Blick gegen S\u00fcden: Links oben ist der kleine Hund zu sehen, gleich daneben ein Teil der Zwillinge und rechts davon der Stier und noch etwas weiter rechts sind die Plejaden auszumachen. In der Mitte steht stolz der Orion und gleich darunter streckt das H\u00e4schen [&hellip;]<\/p>\n","protected":false},"author":1,"featured_media":0,"parent":0,"menu_order":0,"comment_status":"closed","ping_status":"closed","template":"","meta":{"_et_pb_use_builder":"on","_et_pb_old_content":"","_et_gb_content_width":"","footnotes":""},"class_list":["post-1959","page","type-page","status-publish","hentry"],"_links":{"self":[{"href":"https:\/\/sterneerleben.info\/beobachtungsarchiv\/wp-json\/wp\/v2\/pages\/1959","targetHints":{"allow":["GET"]}}],"collection":[{"href":"https:\/\/sterneerleben.info\/beobachtungsarchiv\/wp-json\/wp\/v2\/pages"}],"about":[{"href":"https:\/\/sterneerleben.info\/beobachtungsarchiv\/wp-json\/wp\/v2\/types\/page"}],"author":[{"embeddable":true,"href":"https:\/\/sterneerleben.info\/beobachtungsarchiv\/wp-json\/wp\/v2\/users\/1"}],"replies":[{"embeddable":true,"href":"https:\/\/sterneerleben.info\/beobachtungsarchiv\/wp-json\/wp\/v2\/comments?post=1959"}],"version-history":[{"count":10,"href":"https:\/\/sterneerleben.info\/beobachtungsarchiv\/wp-json\/wp\/v2\/pages\/1959\/revisions"}],"predecessor-version":[{"id":2053,"href":"https:\/\/sterneerleben.info\/beobachtungsarchiv\/wp-json\/wp\/v2\/pages\/1959\/revisions\/2053"}],"wp:attachment":[{"href":"https:\/\/sterneerleben.info\/beobachtungsarchiv\/wp-json\/wp\/v2\/media?parent=1959"}],"curies":[{"name":"wp","href":"https:\/\/api.w.org\/{rel}","templated":true}]}}