{"id":1900,"date":"2022-07-28T16:24:08","date_gmt":"2022-07-28T14:24:08","guid":{"rendered":"https:\/\/sterneerleben.info\/beobachtungsarchiv\/?page_id=1900"},"modified":"2022-07-28T18:45:58","modified_gmt":"2022-07-28T16:45:58","slug":"21-07-22-saturn","status":"publish","type":"page","link":"https:\/\/sterneerleben.info\/beobachtungsarchiv\/21-07-22-saturn\/","title":{"rendered":"21.07.22 Saturn"},"content":{"rendered":"<p>[et_pb_section fb_built=&#8220;1&#8243; _builder_version=&#8220;4.16&#8243; _module_preset=&#8220;default&#8220; background_color=&#8220;#222222&#8243; global_colors_info=&#8220;{}&#8220;][et_pb_row _builder_version=&#8220;4.16&#8243; _module_preset=&#8220;default&#8220; global_colors_info=&#8220;{}&#8220;][et_pb_column type=&#8220;4_4&#8243; _builder_version=&#8220;4.16&#8243; _module_preset=&#8220;default&#8220; global_colors_info=&#8220;{}&#8220;][et_pb_text _builder_version=&#8220;4.17.6&#8243; _module_preset=&#8220;default&#8220; text_text_color=&#8220;#DBDBDB&#8220; header_text_color=&#8220;#DBDBDB&#8220; global_colors_info=&#8220;{}&#8220;]<\/p>\n<h1>22. Juli 2022: Was f\u00fchrt denn Saturn im Schilde?<\/h1>\n<p>[\/et_pb_text][\/et_pb_column][\/et_pb_row][et_pb_row _builder_version=&#8220;4.16&#8243; _module_preset=&#8220;default&#8220; global_colors_info=&#8220;{}&#8220;][et_pb_column type=&#8220;4_4&#8243; _builder_version=&#8220;4.16&#8243; _module_preset=&#8220;default&#8220; global_colors_info=&#8220;{}&#8220;][et_pb_image src=&#8220;https:\/\/sterneerleben.info\/beobachtungsarchiv\/wp-content\/uploads\/2022\/07\/220721_DSC_3158_saturn_haette-Panorama_II-scaled.jpg&#8220; alt=&#8220;Saturn im Steinbock&#8220; title_text=&#8220;220721_DSC_3158_saturn_haette Panorama_II&#8220; _builder_version=&#8220;4.17.6&#8243; _module_preset=&#8220;default&#8220; global_colors_info=&#8220;{}&#8220;][\/et_pb_image][et_pb_text _builder_version=&#8220;4.17.6&#8243; _module_preset=&#8220;default&#8220; global_colors_info=&#8220;{}&#8220;]<span style=\"color: #ffffff;\">21.07.2022, 00:22 Uhr: Vildmarkscamping H\u00e4tteboda (Schweden): Blick gegen S\u00fcden: Vom Wassermann ist ganz links erst ein kleiner Ausschnitt zu erkennen. Danach folgen der Steinbock mit dem Saturn (Pfeil), der Sch\u00fctze, der Schlangentr\u00e4ger, ein Stern der Waage und durch die B\u00e4ume blinzelt noch der Arktur vom Bootes.<\/span><\/p>\n<p><span style=\"color: #ffffff;\">3 Bilder zu einem Panoramabild zusammengef\u00fcgt. Nikon D850, 8 s, f\/2.8, 3&#8217;200, ISO, 24 mm [24 \u2013 70 mm, Sigma] (Foto: hh).<\/span>[\/et_pb_text][\/et_pb_column][\/et_pb_row][et_pb_row _builder_version=&#8220;4.16&#8243; _module_preset=&#8220;default&#8220; global_colors_info=&#8220;{}&#8220;][et_pb_column type=&#8220;4_4&#8243; _builder_version=&#8220;4.16&#8243; _module_preset=&#8220;default&#8220; global_colors_info=&#8220;{}&#8220;][et_pb_image src=&#8220;https:\/\/sterneerleben.info\/beobachtungsarchiv\/wp-content\/uploads\/2022\/07\/220721_DSC_3158_saturn_haette-Panorama_II_zuschnitt-scaled.jpg&#8220; alt=&#8220;Saturn im Steinbock&#8220; title_text=&#8220;220721_DSC_3158_saturn_haette Panorama_II_zuschnitt&#8220; _builder_version=&#8220;4.17.6&#8243; _module_preset=&#8220;default&#8220; global_colors_info=&#8220;{}&#8220;][\/et_pb_image][et_pb_text _builder_version=&#8220;4.17.6&#8243; _module_preset=&#8220;default&#8220; global_colors_info=&#8220;{}&#8220;]<span style=\"color: #ffffff;\">Um die leeren schwarzen Bereiche zu entfernen, wurde obiges Bild zugeschnitten. <\/span>[\/et_pb_text][\/et_pb_column][\/et_pb_row][et_pb_row _builder_version=&#8220;4.16&#8243; _module_preset=&#8220;default&#8220; global_colors_info=&#8220;{}&#8220;][et_pb_column type=&#8220;4_4&#8243; _builder_version=&#8220;4.16&#8243; _module_preset=&#8220;default&#8220; global_colors_info=&#8220;{}&#8220;][et_pb_image src=&#8220;https:\/\/sterneerleben.info\/beobachtungsarchiv\/wp-content\/uploads\/2022\/07\/220721_DSC_3169_saturn_haette_II-scaled.jpg&#8220; alt=&#8220;Saturn im Steinbock&#8220; title_text=&#8220;220721_DSC_3169_saturn_haette_II&#8220; _builder_version=&#8220;4.17.6&#8243; _module_preset=&#8220;default&#8220; global_colors_info=&#8220;{}&#8220;][\/et_pb_image][et_pb_text _builder_version=&#8220;4.17.6&#8243; _module_preset=&#8220;default&#8220; link_option_url_new_window=&#8220;on&#8220; hover_enabled=&#8220;0&#8243; global_colors_info=&#8220;{}&#8220; sticky_enabled=&#8220;0&#8243;]<span style=\"color: #ffffff;\">00:55 Uhr: Der Steinbock ist hier etwas gr\u00f6sser abgebildet, damit sein &#8222;Irrweg&#8220; besser sichtbar wird. Vergleiche einmal die Positionen des Saturns am <a href=\"https:\/\/sterneerleben.info\/beobachtungsarchiv\/1439-2\/\" target=\"_blank\" rel=\"noopener\">&gt; 04.08.2021<\/a> und am <a href=\"https:\/\/sterneerleben.info\/beobachtungsarchiv\/25-06-22-planetenparade-voll\/\" target=\"_blank\" rel=\"noopener\">&gt; 25.06.2022<\/a> mit derjenigen von heute!\u00a0<\/span><\/p>\n<p><span style=\"color: #ffffff;\">Auf diesem Bild ist noch das fl\u00e4chenm\u00e4ssig kleinste Sternbild des gesamten Sternenhimmels <em>Der Schild<\/em> (weisse Linien) eingezeichnet.<\/span><\/p>\n<p><span style=\"color: #ffffff;\">Nikon D850, 8 s, f\/2.8, 6&#8217;400, ISO, 24 mm [24 \u2013 70 mm, Sigma] (Foto: hh).<\/span>[\/et_pb_text][\/et_pb_column][\/et_pb_row][et_pb_row _builder_version=&#8220;4.16&#8243; _module_preset=&#8220;default&#8220; global_colors_info=&#8220;{}&#8220;][et_pb_column type=&#8220;4_4&#8243; _builder_version=&#8220;4.16&#8243; _module_preset=&#8220;default&#8220; global_colors_info=&#8220;{}&#8220;][et_pb_text _builder_version=&#8220;4.17.6&#8243; _module_preset=&#8220;default&#8220; text_font_size=&#8220;11px&#8220; global_colors_info=&#8220;{}&#8220;]<\/p>\n<p><span style=\"color: #999999;\">Aktualisiert am 28.07.2022 \/ heinz.hofer[\u00e4t]quicknet.ch<\/span><\/p>\n<p>[\/et_pb_text][\/et_pb_column][\/et_pb_row][\/et_pb_section]<\/p>\n","protected":false},"excerpt":{"rendered":"<p>22. Juli 2022: Was f\u00fchrt denn Saturn im Schilde?21.07.2022, 00:22 Uhr: Vildmarkscamping H\u00e4tteboda (Schweden): Blick gegen S\u00fcden: Vom Wassermann ist ganz links erst ein kleiner Ausschnitt zu erkennen. Danach folgen der Steinbock mit dem Saturn (Pfeil), der Sch\u00fctze, der Schlangentr\u00e4ger, ein Stern der Waage und durch die B\u00e4ume blinzelt noch der Arktur vom Bootes. 3 [&hellip;]<\/p>\n","protected":false},"author":1,"featured_media":0,"parent":0,"menu_order":0,"comment_status":"closed","ping_status":"closed","template":"","meta":{"_et_pb_use_builder":"on","_et_pb_old_content":"","_et_gb_content_width":"","footnotes":""},"class_list":["post-1900","page","type-page","status-publish","hentry"],"_links":{"self":[{"href":"https:\/\/sterneerleben.info\/beobachtungsarchiv\/wp-json\/wp\/v2\/pages\/1900","targetHints":{"allow":["GET"]}}],"collection":[{"href":"https:\/\/sterneerleben.info\/beobachtungsarchiv\/wp-json\/wp\/v2\/pages"}],"about":[{"href":"https:\/\/sterneerleben.info\/beobachtungsarchiv\/wp-json\/wp\/v2\/types\/page"}],"author":[{"embeddable":true,"href":"https:\/\/sterneerleben.info\/beobachtungsarchiv\/wp-json\/wp\/v2\/users\/1"}],"replies":[{"embeddable":true,"href":"https:\/\/sterneerleben.info\/beobachtungsarchiv\/wp-json\/wp\/v2\/comments?post=1900"}],"version-history":[{"count":10,"href":"https:\/\/sterneerleben.info\/beobachtungsarchiv\/wp-json\/wp\/v2\/pages\/1900\/revisions"}],"predecessor-version":[{"id":1921,"href":"https:\/\/sterneerleben.info\/beobachtungsarchiv\/wp-json\/wp\/v2\/pages\/1900\/revisions\/1921"}],"wp:attachment":[{"href":"https:\/\/sterneerleben.info\/beobachtungsarchiv\/wp-json\/wp\/v2\/media?parent=1900"}],"curies":[{"name":"wp","href":"https:\/\/api.w.org\/{rel}","templated":true}]}}