{"id":1784,"date":"2022-05-23T22:16:39","date_gmt":"2022-05-23T20:16:39","guid":{"rendered":"https:\/\/sterneerleben.info\/beobachtungsarchiv\/?page_id=1784"},"modified":"2022-06-12T20:22:40","modified_gmt":"2022-06-12T18:22:40","slug":"28-04-22-planeten-ii","status":"publish","type":"page","link":"https:\/\/sterneerleben.info\/beobachtungsarchiv\/28-04-22-planeten-ii\/","title":{"rendered":"18.05.22 Planeten II"},"content":{"rendered":"<p>[et_pb_section fb_built=&#8220;1&#8243; _builder_version=&#8220;4.16&#8243; _module_preset=&#8220;default&#8220; background_color=&#8220;#222222&#8243; global_colors_info=&#8220;{}&#8220;][et_pb_row _builder_version=&#8220;4.16&#8243; _module_preset=&#8220;default&#8220; global_colors_info=&#8220;{}&#8220;][et_pb_column type=&#8220;4_4&#8243; _builder_version=&#8220;4.16&#8243; _module_preset=&#8220;default&#8220; global_colors_info=&#8220;{}&#8220;][et_pb_text _builder_version=&#8220;4.17.4&#8243; _module_preset=&#8220;default&#8220; text_text_color=&#8220;#DBDBDB&#8220; header_text_color=&#8220;#DBDBDB&#8220; global_colors_info=&#8220;{}&#8220;]<\/p>\n<h1>18. Mai 2022: Jupiter und Venus haben Positionen getauscht und Mars&#8230;<\/h1>\n<p>[\/et_pb_text][et_pb_image src=&#8220;https:\/\/sterneerleben.info\/beobachtungsarchiv\/wp-content\/uploads\/2022\/05\/220518_planetenparade_01-scaled.jpg&#8220; alt=&#8220;Saturn im Steinbock&#8220; title_text=&#8220;220518_planetenparade_01&#8243; _builder_version=&#8220;4.17.4&#8243; _module_preset=&#8220;default&#8220; global_colors_info=&#8220;{}&#8220;][\/et_pb_image][et_pb_text _builder_version=&#8220;4.17.4&#8243; _module_preset=&#8220;default&#8220; text_text_color=&#8220;#DBDBDB&#8220; custom_padding=&#8220;||0px|||&#8220; global_colors_info=&#8220;{}&#8220;]<\/p>\n<p><span style=\"color: #ffffff;\">18.05.2022, 04:48 Uhr: Beatenberg: Blick gegen OSO: Der Saturn h\u00e4lt sich immer noch in der N\u00e4he des Steinbocks auf, wie \u00fcbrigens schon letztes Jahr. Der Mars ist jedoch nicht mehr wie im letzten Monat in der N\u00e4he des Lambda-Sterns des Wassermanns aufzufinden!? Daf\u00fcr brennt in der Mittellegih\u00fctte nach wie vor das Licht.<\/span><\/p>\n<p><span style=\"color: #ffffff;\">Nikom D850, 2 s, f\/2.8, ISO 400, 38 mm [24 &#8211; 70 mm, Sigma] (Foto: hh).<\/span><\/p>\n<p>[\/et_pb_text][et_pb_image src=&#8220;https:\/\/sterneerleben.info\/beobachtungsarchiv\/wp-content\/uploads\/2022\/05\/220518_planetenparade_02_II-scaled.jpg&#8220; alt=&#8220;Saturn Mars Jupiter&#8220; title_text=&#8220;220518_planetenparade_02_II&#8220; _builder_version=&#8220;4.17.4&#8243; _module_preset=&#8220;default&#8220; global_colors_info=&#8220;{}&#8220;][\/et_pb_image][et_pb_text _builder_version=&#8220;4.17.4&#8243; _module_preset=&#8220;default&#8220; hover_enabled=&#8220;0&#8243; global_colors_info=&#8220;{}&#8220; sticky_enabled=&#8220;0&#8243;]<\/p>\n<p><span style=\"color: #ffffff;\">18.05.2022, 04:40 Uhr: Beatenberg: Nun drehen wir den Kopf etwas nach links gegen Osten. Jetzt kommt als erster der Mars zum Vorschein. Er hat sich deutlich vom Lamda-Stern des Wassermanns entfernt und steht nun in den Fischen. Links vom Mars ist Jupiter auszumachen. Der gestrichelte Pfeil zeigt in Richtung der Venus, die jedoch noch nicht aufgegangen ist und den Jupiter \u00fcberholt hat.<\/span><\/p>\n<p><span style=\"color: #ffffff;\">Nikon D850, 2 s, f\/2.8, 800, ISO, 38 mm [24 \u2013 70 mm, Sigma] (Foto:hh).<\/span><\/p>\n<p>[\/et_pb_text][\/et_pb_column][\/et_pb_row][et_pb_row _builder_version=&#8220;4.16&#8243; _module_preset=&#8220;default&#8220; global_colors_info=&#8220;{}&#8220;][et_pb_column type=&#8220;4_4&#8243; _builder_version=&#8220;4.16&#8243; _module_preset=&#8220;default&#8220; global_colors_info=&#8220;{}&#8220;][et_pb_text _builder_version=&#8220;4.17.4&#8243; _module_preset=&#8220;default&#8220; text_font_size=&#8220;11px&#8220; global_colors_info=&#8220;{}&#8220;]<\/p>\n<p><span style=\"color: #999999;\">Aktualisiert am 23.05.2022 \/ heinz.hofer[\u00e4t]quicknet.ch<\/span><\/p>\n<p>[\/et_pb_text][\/et_pb_column][\/et_pb_row][\/et_pb_section]<\/p>\n","protected":false},"excerpt":{"rendered":"<p>18. Mai 2022: Jupiter und Venus haben Positionen getauscht und Mars&#8230;18.05.2022, 04:48 Uhr: Beatenberg: Blick gegen OSO: Der Saturn h\u00e4lt sich immer noch in der N\u00e4he des Steinbocks auf, wie \u00fcbrigens schon letztes Jahr. Der Mars ist jedoch nicht mehr wie im letzten Monat in der N\u00e4he des Lambda-Sterns des Wassermanns aufzufinden!? Daf\u00fcr brennt in [&hellip;]<\/p>\n","protected":false},"author":1,"featured_media":0,"parent":0,"menu_order":0,"comment_status":"closed","ping_status":"closed","template":"","meta":{"_et_pb_use_builder":"on","_et_pb_old_content":"","_et_gb_content_width":"","footnotes":""},"class_list":["post-1784","page","type-page","status-publish","hentry"],"_links":{"self":[{"href":"https:\/\/sterneerleben.info\/beobachtungsarchiv\/wp-json\/wp\/v2\/pages\/1784","targetHints":{"allow":["GET"]}}],"collection":[{"href":"https:\/\/sterneerleben.info\/beobachtungsarchiv\/wp-json\/wp\/v2\/pages"}],"about":[{"href":"https:\/\/sterneerleben.info\/beobachtungsarchiv\/wp-json\/wp\/v2\/types\/page"}],"author":[{"embeddable":true,"href":"https:\/\/sterneerleben.info\/beobachtungsarchiv\/wp-json\/wp\/v2\/users\/1"}],"replies":[{"embeddable":true,"href":"https:\/\/sterneerleben.info\/beobachtungsarchiv\/wp-json\/wp\/v2\/comments?post=1784"}],"version-history":[{"count":9,"href":"https:\/\/sterneerleben.info\/beobachtungsarchiv\/wp-json\/wp\/v2\/pages\/1784\/revisions"}],"predecessor-version":[{"id":1837,"href":"https:\/\/sterneerleben.info\/beobachtungsarchiv\/wp-json\/wp\/v2\/pages\/1784\/revisions\/1837"}],"wp:attachment":[{"href":"https:\/\/sterneerleben.info\/beobachtungsarchiv\/wp-json\/wp\/v2\/media?parent=1784"}],"curies":[{"name":"wp","href":"https:\/\/api.w.org\/{rel}","templated":true}]}}