{"id":1685,"date":"2021-09-13T22:57:04","date_gmt":"2021-09-13T20:57:04","guid":{"rendered":"https:\/\/sterneerleben.info\/beobachtungsarchiv\/?page_id=1685"},"modified":"2021-09-14T14:50:20","modified_gmt":"2021-09-14T12:50:20","slug":"13-09-21-mondkind","status":"publish","type":"page","link":"https:\/\/sterneerleben.info\/beobachtungsarchiv\/13-09-21-mondkind\/","title":{"rendered":"13.09.21 Mondkind"},"content":{"rendered":"<p>[et_pb_section fb_built=&#8220;1&#8243; _builder_version=&#8220;4.9.2&#8243; _module_preset=&#8220;default&#8220; background_color=&#8220;#222222&#8243; global_colors_info=&#8220;{}&#8220;][et_pb_row _builder_version=&#8220;4.9.2&#8243; _module_preset=&#8220;default&#8220; global_colors_info=&#8220;{}&#8220;][et_pb_column type=&#8220;4_4&#8243; _builder_version=&#8220;4.9.2&#8243; _module_preset=&#8220;default&#8220; global_colors_info=&#8220;{}&#8220;][et_pb_text _builder_version=&#8220;4.10.7&#8243; _module_preset=&#8220;default&#8220; text_text_color=&#8220;#DBDBDB&#8220; header_text_color=&#8220;#DBDBDB&#8220; custom_padding=&#8220;0px|||||&#8220; global_colors_info=&#8220;{}&#8220;]<\/p>\n<h1>13. September 2021: Das Kind im Mond ist seit heute (Halbmond) wieder ganz zu sehen<\/h1>\n<p>[\/et_pb_text][et_pb_image src=&#8220;https:\/\/sterneerleben.info\/beobachtungsarchiv\/wp-content\/uploads\/2021\/09\/210913_DSC_1783_kind_im_mond_heller_web.jpg&#8220; alt=&#8220;Halbmond&#8220; title_text=&#8220;210913_DSC_1783_kind_im_mond_heller_web&#8220; _builder_version=&#8220;4.10.7&#8243; _module_preset=&#8220;default&#8220; global_colors_info=&#8220;{}&#8220;][\/et_pb_image][et_pb_text _builder_version=&#8220;4.10.7&#8243; _module_preset=&#8220;default&#8220; text_text_color=&#8220;#DBDBDB&#8220; custom_padding=&#8220;||0px|||&#8220; hover_enabled=&#8220;0&#8243; global_colors_info=&#8220;{}&#8220; sticky_enabled=&#8220;0&#8243;]<\/p>\n<p>13.09.2021, 20.47 Uhr, Neuhaus (Thunersee): Es ist Halbmond. Der Mond sieht fast wie ein Vollmond aus, da das Bild \u00fcberbelichtet wurde. Durch die \u00dcberbelichtung wurde auch die Umgebung und der Lichtstreifen im Wasser sichtbar. Auf dem n\u00e4chsten Bild, das weniger lang belichtet wurde, kann man erkennen, dass es Halbmond ist und dass das Kind mit M\u00fctze, Rucksack und Fussball wieder am Spielen ist. Im dritten Bild ist das Kind mit Linien angedeutet.<\/p>\n<p>Nikon D5: 2 s, f\/4, 640 ISO, 70 mm [24-70 mm, SIGMA] (Foto: hh).<\/p>\n<p>[\/et_pb_text][et_pb_image src=&#8220;https:\/\/sterneerleben.info\/beobachtungsarchiv\/wp-content\/uploads\/2021\/09\/210913_DSC_1780_kind_im_mond_vergroessert.jpg&#8220; alt=&#8220;Kind im Mond&#8220; title_text=&#8220;210913_DSC_1780_kind_im_mond_vergroessert&#8220; _builder_version=&#8220;4.10.7&#8243; _module_preset=&#8220;default&#8220; global_colors_info=&#8220;{}&#8220;][\/et_pb_image][et_pb_text _builder_version=&#8220;4.10.7&#8243; _module_preset=&#8220;default&#8220; text_text_color=&#8220;#DBDBDB&#8220; custom_padding=&#8220;||0px|||&#8220; global_colors_info=&#8220;{}&#8220;]<\/p>\n<p>Damit der Mond nicht \u00fcberbelichtet wird, muss viel weniger lang belichtet werden. Anstelle der 2 s wurde f\u00fcr dieses Bild eine Belichtungszeit von nur noch 1\/160 s gew\u00e4hlt.<\/p>\n<p>Nikon D5: 1\/160 s, f\/4, 640 ISO, 70 mm [24-70 mm, SIGMA] [digital vergr\u00f6ssert] (Foto: hh).<\/p>\n<p>[\/et_pb_text][et_pb_image src=&#8220;https:\/\/sterneerleben.info\/beobachtungsarchiv\/wp-content\/uploads\/2021\/09\/210913_DSC_1780_kind_im_mond_vergroessert_figur.jpg&#8220; _builder_version=&#8220;4.10.7&#8243; _module_preset=&#8220;default&#8220; alt=&#8220;kind skizziert&#8220; title_text=&#8220;210913_DSC_1780_kind_im_mond_vergroessert_figur&#8220; hover_enabled=&#8220;0&#8243; sticky_enabled=&#8220;0&#8243;][\/et_pb_image][\/et_pb_column][\/et_pb_row][et_pb_row _builder_version=&#8220;4.9.4&#8243; _module_preset=&#8220;default&#8220; global_colors_info=&#8220;{}&#8220;][et_pb_column type=&#8220;4_4&#8243; _builder_version=&#8220;4.9.4&#8243; _module_preset=&#8220;default&#8220; global_colors_info=&#8220;{}&#8220;][et_pb_text _builder_version=&#8220;4.10.7&#8243; _module_preset=&#8220;default&#8220; text_font_size=&#8220;11px&#8220; global_colors_info=&#8220;{}&#8220;]<\/p>\n<p><span style=\"color: #999999;\">Aktualisiert am 13.09.2021 \/ heinz.hofer[\u00e4t]quicknet.ch<\/span><\/p>\n<p>[\/et_pb_text][\/et_pb_column][\/et_pb_row][\/et_pb_section]<\/p>\n","protected":false},"excerpt":{"rendered":"<p>13. September 2021: Das Kind im Mond ist seit heute (Halbmond) wieder ganz zu sehen13.09.2021, 20.47 Uhr, Neuhaus (Thunersee): Es ist Halbmond. Der Mond sieht fast wie ein Vollmond aus, da das Bild \u00fcberbelichtet wurde. Durch die \u00dcberbelichtung wurde auch die Umgebung und der Lichtstreifen im Wasser sichtbar. Auf dem n\u00e4chsten Bild, das weniger lang [&hellip;]<\/p>\n","protected":false},"author":1,"featured_media":0,"parent":0,"menu_order":0,"comment_status":"closed","ping_status":"closed","template":"","meta":{"_et_pb_use_builder":"on","_et_pb_old_content":"","_et_gb_content_width":"","footnotes":""},"class_list":["post-1685","page","type-page","status-publish","hentry"],"_links":{"self":[{"href":"https:\/\/sterneerleben.info\/beobachtungsarchiv\/wp-json\/wp\/v2\/pages\/1685","targetHints":{"allow":["GET"]}}],"collection":[{"href":"https:\/\/sterneerleben.info\/beobachtungsarchiv\/wp-json\/wp\/v2\/pages"}],"about":[{"href":"https:\/\/sterneerleben.info\/beobachtungsarchiv\/wp-json\/wp\/v2\/types\/page"}],"author":[{"embeddable":true,"href":"https:\/\/sterneerleben.info\/beobachtungsarchiv\/wp-json\/wp\/v2\/users\/1"}],"replies":[{"embeddable":true,"href":"https:\/\/sterneerleben.info\/beobachtungsarchiv\/wp-json\/wp\/v2\/comments?post=1685"}],"version-history":[{"count":4,"href":"https:\/\/sterneerleben.info\/beobachtungsarchiv\/wp-json\/wp\/v2\/pages\/1685\/revisions"}],"predecessor-version":[{"id":1694,"href":"https:\/\/sterneerleben.info\/beobachtungsarchiv\/wp-json\/wp\/v2\/pages\/1685\/revisions\/1694"}],"wp:attachment":[{"href":"https:\/\/sterneerleben.info\/beobachtungsarchiv\/wp-json\/wp\/v2\/media?parent=1685"}],"curies":[{"name":"wp","href":"https:\/\/api.w.org\/{rel}","templated":true}]}}