{"id":1650,"date":"2021-08-25T14:01:53","date_gmt":"2021-08-25T12:01:53","guid":{"rendered":"https:\/\/sterneerleben.info\/beobachtungsarchiv\/?page_id=1650"},"modified":"2021-08-25T14:03:21","modified_gmt":"2021-08-25T12:03:21","slug":"03-03-07-mondfinsternis","status":"publish","type":"page","link":"https:\/\/sterneerleben.info\/beobachtungsarchiv\/03-03-07-mondfinsternis\/","title":{"rendered":"03.03.07 Mondfinster"},"content":{"rendered":"<p>[et_pb_section fb_built=&#8220;1&#8243; _builder_version=&#8220;4.9.2&#8243; _module_preset=&#8220;default&#8220; background_color=&#8220;#222222&#8243; global_colors_info=&#8220;{}&#8220;][et_pb_row _builder_version=&#8220;4.9.2&#8243; _module_preset=&#8220;default&#8220; global_colors_info=&#8220;{}&#8220;][et_pb_column type=&#8220;4_4&#8243; _builder_version=&#8220;4.9.2&#8243; _module_preset=&#8220;default&#8220; global_colors_info=&#8220;{}&#8220;][et_pb_text _builder_version=&#8220;4.10.4&#8243; _module_preset=&#8220;default&#8220; text_text_color=&#8220;#DBDBDB&#8220; header_text_color=&#8220;#DBDBDB&#8220; custom_padding=&#8220;0px|||||&#8220; hover_enabled=&#8220;0&#8243; global_colors_info=&#8220;{}&#8220; sticky_enabled=&#8220;0&#8243;]<\/p>\n<h1>03.\/04. M\u00e4rz 2007: Mondfinsternis &#8211; die geheimnisvollen Bewegungen<\/h1>\n<p>[\/et_pb_text][et_pb_image src=&#8220;https:\/\/sterneerleben.info\/beobachtungsarchiv\/wp-content\/uploads\/2021\/08\/070303_mondfinsternis_zwei_positionen_WEB.jpg&#8220; alt=&#8220;Mondfinsternis Doppelbelichtung&#8220; title_text=&#8220;070303_mondfinsternis_zwei_positionen_WEB&#8220; _builder_version=&#8220;4.10.4&#8243; _module_preset=&#8220;default&#8220; hover_enabled=&#8220;0&#8243; global_colors_info=&#8220;{}&#8220; sticky_enabled=&#8220;0&#8243;][\/et_pb_image][et_pb_text _builder_version=&#8220;4.10.4&#8243; _module_preset=&#8220;default&#8220; text_text_color=&#8220;#DBDBDB&#8220; custom_padding=&#8220;||0px|||&#8220; hover_enabled=&#8220;0&#8243; global_colors_info=&#8220;{}&#8220; sticky_enabled=&#8220;0&#8243;]<\/p>\n<p>Doppelt belichtetes Bild, Gurnigel: Die erste Aufnahme links (kleiner Mond) wurde am 03. M\u00e4rz 2007 um 22.23 Uhr gemacht. Danach wurde die Position der Kamera nicht verstellt und am 04. M\u00e4rz 2007 um 01.28 Uhr noch einmal abgedr\u00fcckt (rechter kleiner Mond). Damit die Schattengrenze auf dem Mond besser zu erkennen ist, wurden beide Bilder nachtr\u00e4glich noch vergr\u00f6ssert und ins Bild eingef\u00fcgt.<\/p>\n<p>Kannst du die Bewegung des Mondes und des Schattens anschaulich erkl\u00e4ren?<\/p>\n<p>Digitalkamera Canon D400 (Foto: Philipp Keil).<\/p>\n<p>[\/et_pb_text][\/et_pb_column][\/et_pb_row][et_pb_row _builder_version=&#8220;4.9.4&#8243; _module_preset=&#8220;default&#8220; global_colors_info=&#8220;{}&#8220;][et_pb_column type=&#8220;4_4&#8243; _builder_version=&#8220;4.9.4&#8243; _module_preset=&#8220;default&#8220; global_colors_info=&#8220;{}&#8220;][et_pb_text _builder_version=&#8220;4.10.4&#8243; _module_preset=&#8220;default&#8220; text_font_size=&#8220;11px&#8220; hover_enabled=&#8220;0&#8243; global_colors_info=&#8220;{}&#8220; sticky_enabled=&#8220;0&#8243;]<\/p>\n<p><span style=\"color: #999999;\">Aktualisiert am 25.08.2021 \/ heinz.hofer[\u00e4t]quicknet.ch<\/span><\/p>\n<p>[\/et_pb_text][\/et_pb_column][\/et_pb_row][\/et_pb_section]<\/p>\n","protected":false},"excerpt":{"rendered":"<p>03.\/04. M\u00e4rz 2007: Mondfinsternis &#8211; die geheimnisvollen BewegungenDoppelt belichtetes Bild, Gurnigel: Die erste Aufnahme links (kleiner Mond) wurde am 03. M\u00e4rz 2007 um 22.23 Uhr gemacht. Danach wurde die Position der Kamera nicht verstellt und am 04. M\u00e4rz 2007 um 01.28 Uhr noch einmal abgedr\u00fcckt (rechter kleiner Mond). Damit die Schattengrenze auf dem Mond besser [&hellip;]<\/p>\n","protected":false},"author":1,"featured_media":0,"parent":0,"menu_order":0,"comment_status":"closed","ping_status":"closed","template":"","meta":{"_et_pb_use_builder":"on","_et_pb_old_content":"","_et_gb_content_width":"","footnotes":""},"class_list":["post-1650","page","type-page","status-publish","hentry"],"_links":{"self":[{"href":"https:\/\/sterneerleben.info\/beobachtungsarchiv\/wp-json\/wp\/v2\/pages\/1650","targetHints":{"allow":["GET"]}}],"collection":[{"href":"https:\/\/sterneerleben.info\/beobachtungsarchiv\/wp-json\/wp\/v2\/pages"}],"about":[{"href":"https:\/\/sterneerleben.info\/beobachtungsarchiv\/wp-json\/wp\/v2\/types\/page"}],"author":[{"embeddable":true,"href":"https:\/\/sterneerleben.info\/beobachtungsarchiv\/wp-json\/wp\/v2\/users\/1"}],"replies":[{"embeddable":true,"href":"https:\/\/sterneerleben.info\/beobachtungsarchiv\/wp-json\/wp\/v2\/comments?post=1650"}],"version-history":[{"count":3,"href":"https:\/\/sterneerleben.info\/beobachtungsarchiv\/wp-json\/wp\/v2\/pages\/1650\/revisions"}],"predecessor-version":[{"id":1654,"href":"https:\/\/sterneerleben.info\/beobachtungsarchiv\/wp-json\/wp\/v2\/pages\/1650\/revisions\/1654"}],"wp:attachment":[{"href":"https:\/\/sterneerleben.info\/beobachtungsarchiv\/wp-json\/wp\/v2\/media?parent=1650"}],"curies":[{"name":"wp","href":"https:\/\/api.w.org\/{rel}","templated":true}]}}