{"id":1396,"date":"2021-06-17T17:46:54","date_gmt":"2021-06-17T15:46:54","guid":{"rendered":"https:\/\/sterneerleben.info\/beobachtungsarchiv\/?page_id=1396"},"modified":"2021-06-17T17:47:01","modified_gmt":"2021-06-17T15:47:01","slug":"11-03-11-mondlauf-iii","status":"publish","type":"page","link":"https:\/\/sterneerleben.info\/beobachtungsarchiv\/11-03-11-mondlauf-iii\/","title":{"rendered":"11.03.11 Mondlauf III"},"content":{"rendered":"<p>[et_pb_section fb_built=&#8220;1&#8243; _builder_version=&#8220;4.9.2&#8243; _module_preset=&#8220;default&#8220; background_color=&#8220;#222222&#8243;][et_pb_row _builder_version=&#8220;4.9.2&#8243; _module_preset=&#8220;default&#8220;][et_pb_column type=&#8220;4_4&#8243; _builder_version=&#8220;4.9.2&#8243; _module_preset=&#8220;default&#8220;][et_pb_text _builder_version=&#8220;4.9.7&#8243; _module_preset=&#8220;default&#8220; text_text_color=&#8220;#DBDBDB&#8220; header_text_color=&#8220;#DBDBDB&#8220; hover_enabled=&#8220;0&#8243; sticky_enabled=&#8220;0&#8243;]<\/p>\n<h1>11. M\u00e4rz 2011: Der Mond steht vor dem Stier<\/h1>\n<p>[\/et_pb_text][et_pb_image src=&#8220;https:\/\/sterneerleben.info\/beobachtungsarchiv\/wp-content\/uploads\/2021\/06\/110311_mondlauf_12800ISO_24mm_2_8f_0_5s_D3s_korr_web_II.jpg&#8220; alt=&#8220;Mond vor Stier&#8220; title_text=&#8220;110311_mondlauf_12800ISO_24mm_2_8f_0_5s_D3s_korr_web_II&#8220; _builder_version=&#8220;4.9.7&#8243; _module_preset=&#8220;default&#8220; hover_enabled=&#8220;0&#8243; sticky_enabled=&#8220;0&#8243;][\/et_pb_image][et_pb_text _builder_version=&#8220;4.9.7&#8243; _module_preset=&#8220;default&#8220; text_text_color=&#8220;#DBDBDB&#8220; custom_padding=&#8220;||0px|||&#8220; hover_enabled=&#8220;0&#8243; sticky_enabled=&#8220;0&#8243;]<\/p>\n<p>11.03.2011, 20.30 Uhr, Wilderswil: Auch diese Aufnahme wurde bez\u00fcglich des Mondes stark \u00fcberbelichtet. Vergleichen Sie die Stellung des Mondes in bezug auf die Sternbilder gegen\u00fcber gestern und vorgestern! Im darunter liegenden Bild sind die Sternbilder mit Strichen symbolisiert.<\/p>\n<p>Nikon 3Ds, 0.5s, f\/2.8, 12800 ISO, 24 mm (Foto: hh).<\/p>\n<p>[\/et_pb_text][et_pb_image src=&#8220;https:\/\/sterneerleben.info\/beobachtungsarchiv\/wp-content\/uploads\/2021\/06\/110311_mondlauf_12800ISO_24mm_2_8f_0_5s_D3s_korr_striche_Web_II.jpg&#8220; _builder_version=&#8220;4.9.7&#8243; _module_preset=&#8220;default&#8220; alt=&#8220;Mond vor Stier&#8220; title_text=&#8220;110311_mondlauf_12800ISO_24mm_2_8f_0_5s_D3s_korr_striche_Web_II&#8220; hover_enabled=&#8220;0&#8243; sticky_enabled=&#8220;0&#8243;][\/et_pb_image][\/et_pb_column][\/et_pb_row][et_pb_row _builder_version=&#8220;4.9.4&#8243; _module_preset=&#8220;default&#8220;][et_pb_column type=&#8220;4_4&#8243; _builder_version=&#8220;4.9.4&#8243; _module_preset=&#8220;default&#8220;][et_pb_text _builder_version=&#8220;4.9.7&#8243; _module_preset=&#8220;default&#8220; text_font_size=&#8220;11px&#8220;]<\/p>\n<p><span style=\"color: #999999;\">Aktualisiert am 17.06.2021 \/ heinz.hofer[\u00e4t]quicknet.ch<\/span><\/p>\n<p>[\/et_pb_text][\/et_pb_column][\/et_pb_row][\/et_pb_section]<\/p>\n","protected":false},"excerpt":{"rendered":"<p>11. M\u00e4rz 2011: Der Mond steht vor dem Stier11.03.2011, 20.30 Uhr, Wilderswil: Auch diese Aufnahme wurde bez\u00fcglich des Mondes stark \u00fcberbelichtet. Vergleichen Sie die Stellung des Mondes in bezug auf die Sternbilder gegen\u00fcber gestern und vorgestern! Im darunter liegenden Bild sind die Sternbilder mit Strichen symbolisiert. Nikon 3Ds, 0.5s, f\/2.8, 12800 ISO, 24 mm (Foto: [&hellip;]<\/p>\n","protected":false},"author":1,"featured_media":0,"parent":0,"menu_order":0,"comment_status":"closed","ping_status":"closed","template":"","meta":{"_et_pb_use_builder":"on","_et_pb_old_content":"","_et_gb_content_width":"","footnotes":""},"class_list":["post-1396","page","type-page","status-publish","hentry"],"_links":{"self":[{"href":"https:\/\/sterneerleben.info\/beobachtungsarchiv\/wp-json\/wp\/v2\/pages\/1396","targetHints":{"allow":["GET"]}}],"collection":[{"href":"https:\/\/sterneerleben.info\/beobachtungsarchiv\/wp-json\/wp\/v2\/pages"}],"about":[{"href":"https:\/\/sterneerleben.info\/beobachtungsarchiv\/wp-json\/wp\/v2\/types\/page"}],"author":[{"embeddable":true,"href":"https:\/\/sterneerleben.info\/beobachtungsarchiv\/wp-json\/wp\/v2\/users\/1"}],"replies":[{"embeddable":true,"href":"https:\/\/sterneerleben.info\/beobachtungsarchiv\/wp-json\/wp\/v2\/comments?post=1396"}],"version-history":[{"count":2,"href":"https:\/\/sterneerleben.info\/beobachtungsarchiv\/wp-json\/wp\/v2\/pages\/1396\/revisions"}],"predecessor-version":[{"id":1399,"href":"https:\/\/sterneerleben.info\/beobachtungsarchiv\/wp-json\/wp\/v2\/pages\/1396\/revisions\/1399"}],"wp:attachment":[{"href":"https:\/\/sterneerleben.info\/beobachtungsarchiv\/wp-json\/wp\/v2\/media?parent=1396"}],"curies":[{"name":"wp","href":"https:\/\/api.w.org\/{rel}","templated":true}]}}