{"id":1391,"date":"2021-06-17T17:41:08","date_gmt":"2021-06-17T15:41:08","guid":{"rendered":"https:\/\/sterneerleben.info\/beobachtungsarchiv\/?page_id=1391"},"modified":"2021-06-17T17:41:16","modified_gmt":"2021-06-17T15:41:16","slug":"10-03-11-mondlauf-ii","status":"publish","type":"page","link":"https:\/\/sterneerleben.info\/beobachtungsarchiv\/10-03-11-mondlauf-ii\/","title":{"rendered":"10.03.11 Mondlauf II"},"content":{"rendered":"<p>[et_pb_section fb_built=&#8220;1&#8243; _builder_version=&#8220;4.9.2&#8243; _module_preset=&#8220;default&#8220; background_color=&#8220;#222222&#8243;][et_pb_row _builder_version=&#8220;4.9.2&#8243; _module_preset=&#8220;default&#8220;][et_pb_column type=&#8220;4_4&#8243; _builder_version=&#8220;4.9.2&#8243; _module_preset=&#8220;default&#8220;][et_pb_text _builder_version=&#8220;4.9.7&#8243; _module_preset=&#8220;default&#8220; text_text_color=&#8220;#DBDBDB&#8220; header_text_color=&#8220;#DBDBDB&#8220; hover_enabled=&#8220;0&#8243; sticky_enabled=&#8220;0&#8243;]<\/p>\n<h1>10. M\u00e4rz 2011: Der Mond steht vor den Plejaden<\/h1>\n<p>[\/et_pb_text][et_pb_image src=&#8220;https:\/\/sterneerleben.info\/beobachtungsarchiv\/wp-content\/uploads\/2021\/06\/110310_mondlauf_12800ISO_24mm_2_8f_1s_D3s_korr_web_II.jpg&#8220; alt=&#8220;Mond bei den Plejaden&#8220; title_text=&#8220;110310_mondlauf_12800ISO_24mm_2_8f_1s_D3s_korr_web_II&#8220; _builder_version=&#8220;4.9.7&#8243; _module_preset=&#8220;default&#8220; hover_enabled=&#8220;0&#8243; sticky_enabled=&#8220;0&#8243;][\/et_pb_image][et_pb_text _builder_version=&#8220;4.9.7&#8243; _module_preset=&#8220;default&#8220; text_text_color=&#8220;#DBDBDB&#8220; custom_padding=&#8220;||0px|||&#8220; hover_enabled=&#8220;0&#8243; sticky_enabled=&#8220;0&#8243;]<\/p>\n<p>10.03.2011, 22.21 Uhr, Wilderswil: Auch diese Aufnahme wurde bez\u00fcglich des Mondes stark \u00fcberbelichtet. Vergleiche die Stellung des Mondes in bezug auf die Sternbilder gegen\u00fcber gestern! Im darunter liegenden Bild sind die Sternbilder mit Strichen symbolisiert.<\/p>\n<p>Nikon 3Ds, 1s, f\/2.8, 12800 ISO, 24 mm (Foto: hh).<\/p>\n<p>[\/et_pb_text][et_pb_image src=&#8220;https:\/\/sterneerleben.info\/beobachtungsarchiv\/wp-content\/uploads\/2021\/06\/110309_mondlauf_12800ISO_24mm_2_8f_1s_D3s_korr_striche._web_II.jpg&#8220; alt=&#8220;Mond im Widder&#8220; title_text=&#8220;110309_mondlauf_12800ISO_24mm_2_8f_1s_D3s_korr_striche._web_II&#8220; _builder_version=&#8220;4.9.7&#8243; _module_preset=&#8220;default&#8220;][\/et_pb_image][\/et_pb_column][\/et_pb_row][et_pb_row _builder_version=&#8220;4.9.4&#8243; _module_preset=&#8220;default&#8220;][et_pb_column type=&#8220;4_4&#8243; _builder_version=&#8220;4.9.4&#8243; _module_preset=&#8220;default&#8220;][et_pb_text _builder_version=&#8220;4.9.7&#8243; _module_preset=&#8220;default&#8220; text_font_size=&#8220;11px&#8220;]<\/p>\n<p><span style=\"color: #999999;\">Aktualisiert am 17.06.2021 \/ heinz.hofer[\u00e4t]quicknet.ch<\/span><\/p>\n<p>[\/et_pb_text][\/et_pb_column][\/et_pb_row][\/et_pb_section]<\/p>\n","protected":false},"excerpt":{"rendered":"<p>10. M\u00e4rz 2011: Der Mond steht vor den Plejaden10.03.2011, 22.21 Uhr, Wilderswil: Auch diese Aufnahme wurde bez\u00fcglich des Mondes stark \u00fcberbelichtet. Vergleiche die Stellung des Mondes in bezug auf die Sternbilder gegen\u00fcber gestern! Im darunter liegenden Bild sind die Sternbilder mit Strichen symbolisiert. Nikon 3Ds, 1s, f\/2.8, 12800 ISO, 24 mm (Foto: hh).Aktualisiert am 17.06.2021 [&hellip;]<\/p>\n","protected":false},"author":1,"featured_media":0,"parent":0,"menu_order":0,"comment_status":"closed","ping_status":"closed","template":"","meta":{"_et_pb_use_builder":"on","_et_pb_old_content":"","_et_gb_content_width":"","footnotes":""},"class_list":["post-1391","page","type-page","status-publish","hentry"],"_links":{"self":[{"href":"https:\/\/sterneerleben.info\/beobachtungsarchiv\/wp-json\/wp\/v2\/pages\/1391","targetHints":{"allow":["GET"]}}],"collection":[{"href":"https:\/\/sterneerleben.info\/beobachtungsarchiv\/wp-json\/wp\/v2\/pages"}],"about":[{"href":"https:\/\/sterneerleben.info\/beobachtungsarchiv\/wp-json\/wp\/v2\/types\/page"}],"author":[{"embeddable":true,"href":"https:\/\/sterneerleben.info\/beobachtungsarchiv\/wp-json\/wp\/v2\/users\/1"}],"replies":[{"embeddable":true,"href":"https:\/\/sterneerleben.info\/beobachtungsarchiv\/wp-json\/wp\/v2\/comments?post=1391"}],"version-history":[{"count":2,"href":"https:\/\/sterneerleben.info\/beobachtungsarchiv\/wp-json\/wp\/v2\/pages\/1391\/revisions"}],"predecessor-version":[{"id":1393,"href":"https:\/\/sterneerleben.info\/beobachtungsarchiv\/wp-json\/wp\/v2\/pages\/1391\/revisions\/1393"}],"wp:attachment":[{"href":"https:\/\/sterneerleben.info\/beobachtungsarchiv\/wp-json\/wp\/v2\/media?parent=1391"}],"curies":[{"name":"wp","href":"https:\/\/api.w.org\/{rel}","templated":true}]}}