{"id":1338,"date":"2021-06-17T11:38:36","date_gmt":"2021-06-17T09:38:36","guid":{"rendered":"https:\/\/sterneerleben.info\/beobachtungsarchiv\/?page_id=1338"},"modified":"2021-06-17T11:38:36","modified_gmt":"2021-06-17T09:38:36","slug":"10-11","status":"publish","type":"page","link":"https:\/\/sterneerleben.info\/beobachtungsarchiv\/10-11\/","title":{"rendered":"10\/11"},"content":{"rendered":"<p>[et_pb_section fb_built=&#8220;1&#8243; _builder_version=&#8220;4.9.2&#8243; _module_preset=&#8220;default&#8220; background_color=&#8220;#222222&#8243;][et_pb_row _builder_version=&#8220;4.9.2&#8243; _module_preset=&#8220;default&#8220;][et_pb_column type=&#8220;4_4&#8243; _builder_version=&#8220;4.9.2&#8243; _module_preset=&#8220;default&#8220;][et_pb_text _builder_version=&#8220;4.9.7&#8243; _module_preset=&#8220;default&#8220; text_text_color=&#8220;#DBDBDB&#8220; header_text_color=&#8220;#DBDBDB&#8220; hover_enabled=&#8220;0&#8243; sticky_enabled=&#8220;0&#8243;]<\/p>\n<h1>Beobachtungsarchiv der Sterne-erleben-Veranstaltungen 2010\/11<\/h1>\n<p>[\/et_pb_text][et_pb_text _builder_version=&#8220;4.9.4&#8243; _module_preset=&#8220;default&#8220; text_text_color=&#8220;#DBDBDB&#8220; text_font_size=&#8220;18px&#8220;]<\/p>\n<p>Ausgewaehlte Fotos zu den Beobachtungsaufgaben der Sterne-erleben-Kurse werden hier archiviert.<br \/>Will man den zeitlichen Ablauf der Phaenomene studieren, ist es sinnvoll, sich jeweils von unten nach oben durch das Men\u00fc zu navigieren. Viel Vergn\u00fcgen!<\/p>\n<p>[\/et_pb_text][et_pb_image src=&#8220;https:\/\/sterneerleben.info\/beobachtungsarchiv\/wp-content\/uploads\/2021\/06\/110308_sonnenflecken_IMG_0588_web_II.jpg&#8220; alt=&#8220;Sonnenflecken&#8220; title_text=&#8220;110308_sonnenflecken_IMG_0588_web_II&#8220; _builder_version=&#8220;4.9.7&#8243; _module_preset=&#8220;default&#8220; hover_enabled=&#8220;0&#8243; sticky_enabled=&#8220;0&#8243;][\/et_pb_image][et_pb_text _builder_version=&#8220;4.9.7&#8243; _module_preset=&#8220;default&#8220; text_text_color=&#8220;#DBDBDB&#8220; custom_padding=&#8220;||0px|||&#8220; hover_enabled=&#8220;0&#8243; sticky_enabled=&#8220;0&#8243;]<\/p>\n<p>08.03.2011, 16.15 Uhr, Marzili: &#8222;Intensive Sonnenaktivit\u00e4t. 3 riesige Sonnenfleckengruppen bedecken die Sonne&#8220; (astro.info). Zum Gr\u00f6ssenvergleich ist oben links die Erde symbolisiert.<br \/>Canon EOS 60D, 1\/200 s, 200 ISO, 2000 mm (Celestron C8) (Foto: hh).<\/p>\n<p>[\/et_pb_text][\/et_pb_column][\/et_pb_row][et_pb_row _builder_version=&#8220;4.9.4&#8243; _module_preset=&#8220;default&#8220;][et_pb_column type=&#8220;4_4&#8243; _builder_version=&#8220;4.9.4&#8243; _module_preset=&#8220;default&#8220;][et_pb_text _builder_version=&#8220;4.9.4&#8243; _module_preset=&#8220;default&#8220; text_font_size=&#8220;11px&#8220;]<\/p>\n<p><span style=\"color: #999999;\">Aktualisiert am 01.06.2021 \/ heinz.hofer[\u00e4t]quicknet.ch<\/span><\/p>\n<p>[\/et_pb_text][\/et_pb_column][\/et_pb_row][\/et_pb_section]<\/p>\n","protected":false},"excerpt":{"rendered":"<p>Beobachtungsarchiv der Sterne-erleben-Veranstaltungen 2010\/11Ausgewaehlte Fotos zu den Beobachtungsaufgaben der Sterne-erleben-Kurse werden hier archiviert.Will man den zeitlichen Ablauf der Phaenomene studieren, ist es sinnvoll, sich jeweils von unten nach oben durch das Men\u00fc zu navigieren. Viel Vergn\u00fcgen!08.03.2011, 16.15 Uhr, Marzili: &#8222;Intensive Sonnenaktivit\u00e4t. 3 riesige Sonnenfleckengruppen bedecken die Sonne&#8220; (astro.info). Zum Gr\u00f6ssenvergleich ist oben links die Erde [&hellip;]<\/p>\n","protected":false},"author":1,"featured_media":0,"parent":0,"menu_order":0,"comment_status":"closed","ping_status":"closed","template":"","meta":{"_et_pb_use_builder":"on","_et_pb_old_content":"","_et_gb_content_width":"","footnotes":""},"class_list":["post-1338","page","type-page","status-publish","hentry"],"_links":{"self":[{"href":"https:\/\/sterneerleben.info\/beobachtungsarchiv\/wp-json\/wp\/v2\/pages\/1338","targetHints":{"allow":["GET"]}}],"collection":[{"href":"https:\/\/sterneerleben.info\/beobachtungsarchiv\/wp-json\/wp\/v2\/pages"}],"about":[{"href":"https:\/\/sterneerleben.info\/beobachtungsarchiv\/wp-json\/wp\/v2\/types\/page"}],"author":[{"embeddable":true,"href":"https:\/\/sterneerleben.info\/beobachtungsarchiv\/wp-json\/wp\/v2\/users\/1"}],"replies":[{"embeddable":true,"href":"https:\/\/sterneerleben.info\/beobachtungsarchiv\/wp-json\/wp\/v2\/comments?post=1338"}],"version-history":[{"count":3,"href":"https:\/\/sterneerleben.info\/beobachtungsarchiv\/wp-json\/wp\/v2\/pages\/1338\/revisions"}],"predecessor-version":[{"id":1343,"href":"https:\/\/sterneerleben.info\/beobachtungsarchiv\/wp-json\/wp\/v2\/pages\/1338\/revisions\/1343"}],"wp:attachment":[{"href":"https:\/\/sterneerleben.info\/beobachtungsarchiv\/wp-json\/wp\/v2\/media?parent=1338"}],"curies":[{"name":"wp","href":"https:\/\/api.w.org\/{rel}","templated":true}]}}