{"id":1317,"date":"2021-06-13T19:42:19","date_gmt":"2021-06-13T17:42:19","guid":{"rendered":"https:\/\/sterneerleben.info\/beobachtungsarchiv\/?page_id=1317"},"modified":"2022-04-29T14:17:51","modified_gmt":"2022-04-29T12:17:51","slug":"21-2","status":"publish","type":"page","link":"https:\/\/sterneerleben.info\/beobachtungsarchiv\/21-2\/","title":{"rendered":"21\/22"},"content":{"rendered":"<p>[et_pb_section fb_built=&#8220;1&#8243; _builder_version=&#8220;4.16&#8243; _module_preset=&#8220;default&#8220; background_color=&#8220;#222222&#8243; global_colors_info=&#8220;{}&#8220;][et_pb_row _builder_version=&#8220;4.16&#8243; _module_preset=&#8220;default&#8220; global_colors_info=&#8220;{}&#8220;][et_pb_column type=&#8220;4_4&#8243; _builder_version=&#8220;4.16&#8243; _module_preset=&#8220;default&#8220; global_colors_info=&#8220;{}&#8220;][et_pb_text _builder_version=&#8220;4.17.3&#8243; _module_preset=&#8220;default&#8220; text_text_color=&#8220;#DBDBDB&#8220; header_text_color=&#8220;#DBDBDB&#8220; hover_enabled=&#8220;0&#8243; global_colors_info=&#8220;{}&#8220; sticky_enabled=&#8220;0&#8243;]<\/p>\n<h1>Beobachtungsarchiv der Sterne-erleben-Veranstaltungen 2021\/22<\/h1>\n<p>[\/et_pb_text][et_pb_text _builder_version=&#8220;4.16&#8243; _module_preset=&#8220;default&#8220; text_text_color=&#8220;#DBDBDB&#8220; text_font_size=&#8220;18px&#8220; global_colors_info=&#8220;{}&#8220;]<\/p>\n<p>Ausgewaehlte Fotos zu den Beobachtungsaufgaben der Sterne-erleben-Kurse werden hier archiviert.<br \/>Will man den zeitlichen Ablauf der Phaenomene studieren, ist es sinnvoll, sich jeweils von unten nach oben durch das Men\u00fc zu navigieren. Viel Vergn\u00fcgen!<\/p>\n<p>[\/et_pb_text][et_pb_image src=&#8220;https:\/\/sterneerleben.info\/beobachtungsarchiv\/wp-content\/uploads\/2021\/06\/210613_saturn_jupi_DSC_9223_24mm_II_striche_web.jpg&#8220; alt=&#8220;Jupiter und Saturn im Steinbock&#8220; title_text=&#8220;210613_saturn_jupi_DSC_9223_24mm_II_striche_web&#8220; _builder_version=&#8220;4.16&#8243; _module_preset=&#8220;default&#8220; global_colors_info=&#8220;{}&#8220;][\/et_pb_image][et_pb_text _builder_version=&#8220;4.16&#8243; _module_preset=&#8220;default&#8220; text_text_color=&#8220;#DBDBDB&#8220; custom_padding=&#8220;5px||0px|||&#8220; global_colors_info=&#8220;{}&#8220;]<\/p>\n<p>13.06.2021, 03.58 Uhr, Wilderswil: Blick gegen S\u00fcden. Der Saturn sitzt noch im Steinbock (oberer Rand), der Mars hingegen hat den Steinbock schon verlassen.<br \/>Nikon D5: 1\/2 s, f\/2.8, 3200 ISO, 24 mm [14-24 mm Sigma] (Foto: hh).<\/p>\n<p>[\/et_pb_text][\/et_pb_column][\/et_pb_row][et_pb_row _builder_version=&#8220;4.16&#8243; _module_preset=&#8220;default&#8220; global_colors_info=&#8220;{}&#8220;][et_pb_column type=&#8220;4_4&#8243; _builder_version=&#8220;4.16&#8243; _module_preset=&#8220;default&#8220; global_colors_info=&#8220;{}&#8220;][et_pb_text _builder_version=&#8220;4.16&#8243; _module_preset=&#8220;default&#8220; text_font_size=&#8220;11px&#8220; global_colors_info=&#8220;{}&#8220;]<\/p>\n<p><span style=\"color: #999999;\">Aktualisiert am 13.06.2021 \/ heinz.hofer[\u00e4t]quicknet.ch<\/span><\/p>\n<p>[\/et_pb_text][\/et_pb_column][\/et_pb_row][\/et_pb_section]<\/p>\n","protected":false},"excerpt":{"rendered":"<p>Beobachtungsarchiv der Sterne-erleben-Veranstaltungen 2021\/22Ausgewaehlte Fotos zu den Beobachtungsaufgaben der Sterne-erleben-Kurse werden hier archiviert.Will man den zeitlichen Ablauf der Phaenomene studieren, ist es sinnvoll, sich jeweils von unten nach oben durch das Men\u00fc zu navigieren. Viel Vergn\u00fcgen!13.06.2021, 03.58 Uhr, Wilderswil: Blick gegen S\u00fcden. Der Saturn sitzt noch im Steinbock (oberer Rand), der Mars hingegen hat den [&hellip;]<\/p>\n","protected":false},"author":1,"featured_media":0,"parent":0,"menu_order":0,"comment_status":"closed","ping_status":"closed","template":"","meta":{"_et_pb_use_builder":"on","_et_pb_old_content":"","_et_gb_content_width":"","footnotes":""},"class_list":["post-1317","page","type-page","status-publish","hentry"],"_links":{"self":[{"href":"https:\/\/sterneerleben.info\/beobachtungsarchiv\/wp-json\/wp\/v2\/pages\/1317","targetHints":{"allow":["GET"]}}],"collection":[{"href":"https:\/\/sterneerleben.info\/beobachtungsarchiv\/wp-json\/wp\/v2\/pages"}],"about":[{"href":"https:\/\/sterneerleben.info\/beobachtungsarchiv\/wp-json\/wp\/v2\/types\/page"}],"author":[{"embeddable":true,"href":"https:\/\/sterneerleben.info\/beobachtungsarchiv\/wp-json\/wp\/v2\/users\/1"}],"replies":[{"embeddable":true,"href":"https:\/\/sterneerleben.info\/beobachtungsarchiv\/wp-json\/wp\/v2\/comments?post=1317"}],"version-history":[{"count":5,"href":"https:\/\/sterneerleben.info\/beobachtungsarchiv\/wp-json\/wp\/v2\/pages\/1317\/revisions"}],"predecessor-version":[{"id":1764,"href":"https:\/\/sterneerleben.info\/beobachtungsarchiv\/wp-json\/wp\/v2\/pages\/1317\/revisions\/1764"}],"wp:attachment":[{"href":"https:\/\/sterneerleben.info\/beobachtungsarchiv\/wp-json\/wp\/v2\/media?parent=1317"}],"curies":[{"name":"wp","href":"https:\/\/api.w.org\/{rel}","templated":true}]}}