{"id":1280,"date":"2021-06-12T13:06:03","date_gmt":"2021-06-12T11:06:03","guid":{"rendered":"https:\/\/sterneerleben.info\/beobachtungsarchiv\/?page_id=1280"},"modified":"2021-06-12T13:10:03","modified_gmt":"2021-06-12T11:10:03","slug":"180421-drei-planeten","status":"publish","type":"page","link":"https:\/\/sterneerleben.info\/beobachtungsarchiv\/180421-drei-planeten\/","title":{"rendered":"21.04.18 Drei Planeten"},"content":{"rendered":"<p>[et_pb_section fb_built=&#8220;1&#8243; _builder_version=&#8220;4.9.2&#8243; _module_preset=&#8220;default&#8220; background_color=&#8220;#222222&#8243;][et_pb_row _builder_version=&#8220;4.9.2&#8243; _module_preset=&#8220;default&#8220;][et_pb_column type=&#8220;4_4&#8243; _builder_version=&#8220;4.9.2&#8243; _module_preset=&#8220;default&#8220;][et_pb_text _builder_version=&#8220;4.9.6&#8243; _module_preset=&#8220;default&#8220; text_text_color=&#8220;#DBDBDB&#8220; header_text_color=&#8220;#DBDBDB&#8220; custom_padding=&#8220;0px|||||&#8220;]<\/p>\n<h1>18. April 2018: Mars hat nach dem Jupiter nun auch schon den Saturn besucht<\/h1>\n<p>[\/et_pb_text][et_pb_image src=&#8220;https:\/\/sterneerleben.info\/beobachtungsarchiv\/wp-content\/uploads\/2021\/06\/180421_mars_saturn_jupiter_DSC_6227_striche_web.jpg&#8220; alt=&#8220;Mars Saturn Jupiter&#8220; title_text=&#8220;180421_mars_saturn_jupiter_DSC_6227_striche_web&#8220; _builder_version=&#8220;4.9.6&#8243; _module_preset=&#8220;default&#8220;][\/et_pb_image][et_pb_text _builder_version=&#8220;4.9.6&#8243; _module_preset=&#8220;default&#8220; text_text_color=&#8220;#DBDBDB&#8220; custom_padding=&#8220;||0px|||&#8220; hover_enabled=&#8220;0&#8243; sticky_enabled=&#8220;0&#8243;]<\/p>\n<p>21.04.2012, 02.35 Uhr, Schilthorn: Zu sehen sind die Tierkreissternbilder Sch\u00fctze, Skorpion und Waage. Die drei hellen Objekte sind von links nach rechts die Planeten Mars (links vom Sch\u00fctzen), Saturn (im Sch\u00fctzen) und Jupiter (in der Waage).<\/p>\n<p>Nikon D5: 1\/13 s, f\/2.8, 6400 ISO, 24 mm [14-24 mm] (Foto: hh).<\/p>\n<p>[\/et_pb_text][\/et_pb_column][\/et_pb_row][et_pb_row _builder_version=&#8220;4.9.4&#8243; _module_preset=&#8220;default&#8220;][et_pb_column type=&#8220;4_4&#8243; _builder_version=&#8220;4.9.4&#8243; _module_preset=&#8220;default&#8220;][et_pb_text _builder_version=&#8220;4.9.6&#8243; _module_preset=&#8220;default&#8220; text_font_size=&#8220;11px&#8220;]<\/p>\n<p><span style=\"color: #999999;\">Aktualisiert am 12.06.2021 \/ heinz.hofer[\u00e4t]quicknet.ch<\/span><\/p>\n<p>[\/et_pb_text][\/et_pb_column][\/et_pb_row][\/et_pb_section]<\/p>\n","protected":false},"excerpt":{"rendered":"<p>18. April 2018: Mars hat nach dem Jupiter nun auch schon den Saturn besucht21.04.2012, 02.35 Uhr, Schilthorn: Zu sehen sind die Tierkreissternbilder Sch\u00fctze, Skorpion und Waage. Die drei hellen Objekte sind von links nach rechts die Planeten Mars (links vom Sch\u00fctzen), Saturn (im Sch\u00fctzen) und Jupiter (in der Waage). Nikon D5: 1\/13 s, f\/2.8, 6400 [&hellip;]<\/p>\n","protected":false},"author":1,"featured_media":0,"parent":0,"menu_order":0,"comment_status":"closed","ping_status":"closed","template":"","meta":{"_et_pb_use_builder":"on","_et_pb_old_content":"","_et_gb_content_width":"","footnotes":""},"class_list":["post-1280","page","type-page","status-publish","hentry"],"_links":{"self":[{"href":"https:\/\/sterneerleben.info\/beobachtungsarchiv\/wp-json\/wp\/v2\/pages\/1280","targetHints":{"allow":["GET"]}}],"collection":[{"href":"https:\/\/sterneerleben.info\/beobachtungsarchiv\/wp-json\/wp\/v2\/pages"}],"about":[{"href":"https:\/\/sterneerleben.info\/beobachtungsarchiv\/wp-json\/wp\/v2\/types\/page"}],"author":[{"embeddable":true,"href":"https:\/\/sterneerleben.info\/beobachtungsarchiv\/wp-json\/wp\/v2\/users\/1"}],"replies":[{"embeddable":true,"href":"https:\/\/sterneerleben.info\/beobachtungsarchiv\/wp-json\/wp\/v2\/comments?post=1280"}],"version-history":[{"count":4,"href":"https:\/\/sterneerleben.info\/beobachtungsarchiv\/wp-json\/wp\/v2\/pages\/1280\/revisions"}],"predecessor-version":[{"id":1289,"href":"https:\/\/sterneerleben.info\/beobachtungsarchiv\/wp-json\/wp\/v2\/pages\/1280\/revisions\/1289"}],"wp:attachment":[{"href":"https:\/\/sterneerleben.info\/beobachtungsarchiv\/wp-json\/wp\/v2\/media?parent=1280"}],"curies":[{"name":"wp","href":"https:\/\/api.w.org\/{rel}","templated":true}]}}