{"id":1263,"date":"2021-06-03T21:50:20","date_gmt":"2021-06-03T19:50:20","guid":{"rendered":"https:\/\/sterneerleben.info\/beobachtungsarchiv\/?page_id=1263"},"modified":"2021-08-22T13:17:40","modified_gmt":"2021-08-22T11:17:40","slug":"27-12-2012-mondwanderung-iii","status":"publish","type":"page","link":"https:\/\/sterneerleben.info\/beobachtungsarchiv\/27-12-2012-mondwanderung-iii\/","title":{"rendered":"27.12.12 Mondvaga III"},"content":{"rendered":"<p>[et_pb_section fb_built=&#8220;1&#8243; _builder_version=&#8220;4.9.2&#8243; _module_preset=&#8220;default&#8220; background_color=&#8220;#222222&#8243;][et_pb_row _builder_version=&#8220;4.9.2&#8243; _module_preset=&#8220;default&#8220;][et_pb_column type=&#8220;4_4&#8243; _builder_version=&#8220;4.9.2&#8243; _module_preset=&#8220;default&#8220;][et_pb_text _builder_version=&#8220;4.9.4&#8243; _module_preset=&#8220;default&#8220; text_text_color=&#8220;#DBDBDB&#8220; header_text_color=&#8220;#DBDBDB&#8220; custom_padding=&#8220;0px|||||&#8220; hover_enabled=&#8220;0&#8243; sticky_enabled=&#8220;0&#8243;]<\/p>\n<h1>27.12.2012: 24 Stunden sp\u00e4ter hat der Mond die H\u00f6rner des Stiers schon wieder verlassen<\/h1>\n<p>[\/et_pb_text][et_pb_image src=&#8220;https:\/\/sterneerleben.info\/beobachtungsarchiv\/wp-content\/uploads\/2021\/06\/121227_2159_jupi_mond_kiel_oslo_web_II.jpg&#8220; alt=&#8220;Mond vor den Zwillingen&#8220; title_text=&#8220;121227_2159_jupi_mond_kiel_oslo_web_II&#8220; _builder_version=&#8220;4.9.4&#8243; _module_preset=&#8220;default&#8220; hover_enabled=&#8220;0&#8243; sticky_enabled=&#8220;0&#8243;][\/et_pb_image][et_pb_text _builder_version=&#8220;4.9.4&#8243; _module_preset=&#8220;default&#8220; text_text_color=&#8220;#DBDBDB&#8220; custom_padding=&#8220;||0px|||&#8220; hover_enabled=&#8220;0&#8243; sticky_enabled=&#8220;0&#8243;]<\/p>\n<p>27.12.2012, 21.59 Uhr, F\u00e4hre (Kiel-Oslo, st\u00fcrmische See): Etwas mehr als 24 Stunden sp\u00e4ter steht Jupiter immer noch vor den H\u00f6rnern des Stiers. Der Mond hat sich jedoch schon wieder aus den H\u00f6rnern bewegt und steht nun bereits vor den F\u00fcssen der Zwillinge. Unten auf dem Bild sind noch die Schultern des Orions zu sehen.<br \/>Nikon D4: 1\/20 s, f\/2.8, 6&#8217;400 ISO, 45 mm [24-70 mm] (Foto: hh).<\/p>\n<p>[\/et_pb_text][et_pb_image src=&#8220;https:\/\/sterneerleben.info\/beobachtungsarchiv\/wp-content\/uploads\/2021\/06\/121227_2159_jupi_mond_kiel_oslo_striche_web_II.jpg&#8220; alt=&#8220;Mond vor den Zwillingen&#8220; title_text=&#8220;121227_2159_jupi_mond_kiel_oslo_striche_web_II&#8220; _builder_version=&#8220;4.9.4&#8243; _module_preset=&#8220;default&#8220; hover_enabled=&#8220;0&#8243; sticky_enabled=&#8220;0&#8243;][\/et_pb_image][\/et_pb_column][\/et_pb_row][et_pb_row _builder_version=&#8220;4.9.4&#8243; _module_preset=&#8220;default&#8220;][et_pb_column type=&#8220;4_4&#8243; _builder_version=&#8220;4.9.4&#8243; _module_preset=&#8220;default&#8220;][et_pb_text _builder_version=&#8220;4.9.4&#8243; _module_preset=&#8220;default&#8220; text_font_size=&#8220;11px&#8220;]<\/p>\n<p><span style=\"color: #999999;\">Aktualisiert am 03.06.2021 \/ heinz.hofer[\u00e4t]quicknet.ch<\/span><\/p>\n<p>[\/et_pb_text][\/et_pb_column][\/et_pb_row][\/et_pb_section]<\/p>\n","protected":false},"excerpt":{"rendered":"<p>27.12.2012: 24 Stunden sp\u00e4ter hat der Mond die H\u00f6rner des Stiers schon wieder verlassen27.12.2012, 21.59 Uhr, F\u00e4hre (Kiel-Oslo, st\u00fcrmische See): Etwas mehr als 24 Stunden sp\u00e4ter steht Jupiter immer noch vor den H\u00f6rnern des Stiers. Der Mond hat sich jedoch schon wieder aus den H\u00f6rnern bewegt und steht nun bereits vor den F\u00fcssen der Zwillinge. [&hellip;]<\/p>\n","protected":false},"author":1,"featured_media":0,"parent":0,"menu_order":0,"comment_status":"closed","ping_status":"closed","template":"","meta":{"_et_pb_use_builder":"on","_et_pb_old_content":"","_et_gb_content_width":"","footnotes":""},"class_list":["post-1263","page","type-page","status-publish","hentry"],"_links":{"self":[{"href":"https:\/\/sterneerleben.info\/beobachtungsarchiv\/wp-json\/wp\/v2\/pages\/1263","targetHints":{"allow":["GET"]}}],"collection":[{"href":"https:\/\/sterneerleben.info\/beobachtungsarchiv\/wp-json\/wp\/v2\/pages"}],"about":[{"href":"https:\/\/sterneerleben.info\/beobachtungsarchiv\/wp-json\/wp\/v2\/types\/page"}],"author":[{"embeddable":true,"href":"https:\/\/sterneerleben.info\/beobachtungsarchiv\/wp-json\/wp\/v2\/users\/1"}],"replies":[{"embeddable":true,"href":"https:\/\/sterneerleben.info\/beobachtungsarchiv\/wp-json\/wp\/v2\/comments?post=1263"}],"version-history":[{"count":6,"href":"https:\/\/sterneerleben.info\/beobachtungsarchiv\/wp-json\/wp\/v2\/pages\/1263\/revisions"}],"predecessor-version":[{"id":1491,"href":"https:\/\/sterneerleben.info\/beobachtungsarchiv\/wp-json\/wp\/v2\/pages\/1263\/revisions\/1491"}],"wp:attachment":[{"href":"https:\/\/sterneerleben.info\/beobachtungsarchiv\/wp-json\/wp\/v2\/media?parent=1263"}],"curies":[{"name":"wp","href":"https:\/\/api.w.org\/{rel}","templated":true}]}}