{"id":1257,"date":"2021-06-03T21:47:44","date_gmt":"2021-06-03T19:47:44","guid":{"rendered":"https:\/\/sterneerleben.info\/beobachtungsarchiv\/?page_id=1257"},"modified":"2021-06-03T21:56:56","modified_gmt":"2021-06-03T19:56:56","slug":"26-12-12-mondwanderung-ii","status":"publish","type":"page","link":"https:\/\/sterneerleben.info\/beobachtungsarchiv\/26-12-12-mondwanderung-ii\/","title":{"rendered":"26.12.12 Mondvaga II"},"content":{"rendered":"<p>[et_pb_section fb_built=&#8220;1&#8243; _builder_version=&#8220;4.9.2&#8243; _module_preset=&#8220;default&#8220; background_color=&#8220;#222222&#8243;][et_pb_row _builder_version=&#8220;4.9.2&#8243; _module_preset=&#8220;default&#8220;][et_pb_column type=&#8220;4_4&#8243; _builder_version=&#8220;4.9.2&#8243; _module_preset=&#8220;default&#8220;][et_pb_text _builder_version=&#8220;4.9.4&#8243; _module_preset=&#8220;default&#8220; text_text_color=&#8220;#DBDBDB&#8220; header_text_color=&#8220;#DBDBDB&#8220; custom_padding=&#8220;0px|||||&#8220;]<\/p>\n<h1>26. Dez. 2012: Der Mond wanderte in den letzten 27 Stunden zwischen die H\u00f6rner des Stiers<\/h1>\n<p>[\/et_pb_text][et_pb_image src=&#8220;https:\/\/sterneerleben.info\/beobachtungsarchiv\/wp-content\/uploads\/2021\/06\/121226_2133_jupi_mond_kirchheim_web_II.jpg&#8220; alt=&#8220;Mond zwischen den H\u00f6rnern&#8220; title_text=&#8220;121226_2133_jupi_mond_kirchheim_web_II&#8220; _builder_version=&#8220;4.9.4&#8243; _module_preset=&#8220;default&#8220;][\/et_pb_image][et_pb_text _builder_version=&#8220;4.9.4&#8243; _module_preset=&#8220;default&#8220; text_text_color=&#8220;#DBDBDB&#8220; custom_padding=&#8220;||0px|||&#8220; hover_enabled=&#8220;0&#8243; sticky_enabled=&#8220;0&#8243;]<\/p>\n<p>26.12.2012, 21.33 Uhr, Leuchtturm B\u00fclk (N\u00e4he Kiel): Jupiter steht immer noch vor den H\u00f6rnern des Stiers. Der Mond hat sich jedoch innerhalb von 27 Stunden deutlich verschoben, weshalb er manchmal der gr\u00f6sste Vagabund am Himmelsgew\u00f6lbe genannt wird. In der linken Bildh\u00e4lfte ist nach wie vor der Fuhrmann mit den beiden Zicklein auszumachen.<br \/>Nikon D4: 1\/25 s, f\/2.8, 12&#8217;800 ISO, 48 mm [24-70 mm] (Foto: hh).<\/p>\n<p>[\/et_pb_text][et_pb_image src=&#8220;https:\/\/sterneerleben.info\/beobachtungsarchiv\/wp-content\/uploads\/2021\/06\/121226_2133_jupi_mond_kirchheim_striche_web_II.jpg&#8220; alt=&#8220;Mond zwischen den H\u00f6rnern&#8220; title_text=&#8220;121226_2133_jupi_mond_kirchheim_striche_web_II&#8220; _builder_version=&#8220;4.9.4&#8243; _module_preset=&#8220;default&#8220;][\/et_pb_image][\/et_pb_column][\/et_pb_row][et_pb_row _builder_version=&#8220;4.9.4&#8243; _module_preset=&#8220;default&#8220;][et_pb_column type=&#8220;4_4&#8243; _builder_version=&#8220;4.9.4&#8243; _module_preset=&#8220;default&#8220;][et_pb_text _builder_version=&#8220;4.9.4&#8243; _module_preset=&#8220;default&#8220; text_font_size=&#8220;11px&#8220;]<\/p>\n<p><span style=\"color: #999999;\">Aktualisiert am 03.06.2021 \/ heinz.hofer[\u00e4t]quicknet.ch<\/span><\/p>\n<p>[\/et_pb_text][\/et_pb_column][\/et_pb_row][\/et_pb_section]<\/p>\n","protected":false},"excerpt":{"rendered":"<p>26. Dez. 2012: Der Mond wanderte in den letzten 27 Stunden zwischen die H\u00f6rner des Stiers26.12.2012, 21.33 Uhr, Leuchtturm B\u00fclk (N\u00e4he Kiel): Jupiter steht immer noch vor den H\u00f6rnern des Stiers. Der Mond hat sich jedoch innerhalb von 27 Stunden deutlich verschoben, weshalb er manchmal der gr\u00f6sste Vagabund am Himmelsgew\u00f6lbe genannt wird. In der linken [&hellip;]<\/p>\n","protected":false},"author":1,"featured_media":0,"parent":0,"menu_order":0,"comment_status":"closed","ping_status":"closed","template":"","meta":{"_et_pb_use_builder":"on","_et_pb_old_content":"","_et_gb_content_width":"","footnotes":""},"class_list":["post-1257","page","type-page","status-publish","hentry"],"_links":{"self":[{"href":"https:\/\/sterneerleben.info\/beobachtungsarchiv\/wp-json\/wp\/v2\/pages\/1257","targetHints":{"allow":["GET"]}}],"collection":[{"href":"https:\/\/sterneerleben.info\/beobachtungsarchiv\/wp-json\/wp\/v2\/pages"}],"about":[{"href":"https:\/\/sterneerleben.info\/beobachtungsarchiv\/wp-json\/wp\/v2\/types\/page"}],"author":[{"embeddable":true,"href":"https:\/\/sterneerleben.info\/beobachtungsarchiv\/wp-json\/wp\/v2\/users\/1"}],"replies":[{"embeddable":true,"href":"https:\/\/sterneerleben.info\/beobachtungsarchiv\/wp-json\/wp\/v2\/comments?post=1257"}],"version-history":[{"count":6,"href":"https:\/\/sterneerleben.info\/beobachtungsarchiv\/wp-json\/wp\/v2\/pages\/1257\/revisions"}],"predecessor-version":[{"id":1276,"href":"https:\/\/sterneerleben.info\/beobachtungsarchiv\/wp-json\/wp\/v2\/pages\/1257\/revisions\/1276"}],"wp:attachment":[{"href":"https:\/\/sterneerleben.info\/beobachtungsarchiv\/wp-json\/wp\/v2\/media?parent=1257"}],"curies":[{"name":"wp","href":"https:\/\/api.w.org\/{rel}","templated":true}]}}