{"id":1230,"date":"2021-06-03T20:31:26","date_gmt":"2021-06-03T18:31:26","guid":{"rendered":"https:\/\/sterneerleben.info\/beobachtungsarchiv\/?page_id=1230"},"modified":"2021-06-03T20:33:06","modified_gmt":"2021-06-03T18:33:06","slug":"11-12-12-orion-kopfstand","status":"publish","type":"page","link":"https:\/\/sterneerleben.info\/beobachtungsarchiv\/11-12-12-orion-kopfstand\/","title":{"rendered":"11.12.12 Orion verkehrt"},"content":{"rendered":"<p>[et_pb_section fb_built=&#8220;1&#8243; _builder_version=&#8220;4.9.2&#8243; _module_preset=&#8220;default&#8220; background_color=&#8220;#222222&#8243;][et_pb_row _builder_version=&#8220;4.9.2&#8243; _module_preset=&#8220;default&#8220;][et_pb_column type=&#8220;4_4&#8243; _builder_version=&#8220;4.9.2&#8243; _module_preset=&#8220;default&#8220;][et_pb_text _builder_version=&#8220;4.9.4&#8243; _module_preset=&#8220;default&#8220; text_text_color=&#8220;#DBDBDB&#8220; header_text_color=&#8220;#DBDBDB&#8220; custom_padding=&#8220;0px|||||&#8220; hover_enabled=&#8220;0&#8243; sticky_enabled=&#8220;0&#8243;]<\/p>\n<h1>13. Dez. 2012: Orion steht von der S\u00fcdhalbkugel betrachtet auf dem Kopf<\/h1>\n<p>[\/et_pb_text][et_pb_image src=&#8220;https:\/\/sterneerleben.info\/beobachtungsarchiv\/wp-content\/uploads\/2021\/06\/121211_orion_auf_dem-Kopf_N_S_web_II.jpg&#8220; alt=&#8220;Orion auf der S\u00fcdhalbkugel&#8220; title_text=&#8220;121211_orion_auf_dem Kopf_N_S_web_II&#8220; _builder_version=&#8220;4.9.4&#8243; _module_preset=&#8220;default&#8220; hover_enabled=&#8220;0&#8243; sticky_enabled=&#8220;0&#8243;][\/et_pb_image][et_pb_text _builder_version=&#8220;4.9.4&#8243; _module_preset=&#8220;default&#8220; text_text_color=&#8220;#DBDBDB&#8220; custom_padding=&#8220;||0px|||&#8220; hover_enabled=&#8220;0&#8243; sticky_enabled=&#8220;0&#8243;]<\/p>\n<p>13.12.2012, Neuseeland: &#8220; Ist doch der tapfere Orion tats\u00e4chlich auf dem Kopf gelandet&#8230;&#8220; Dieses Bild hat uns Beat Kr\u00e4henb\u00fchl (Programmierer der Lernsoftware &#8222;Sternbilder kennen lernen&#8220;) geschickt. Ganz herzlichen Dank!<\/p>\n<p>Unten rechts ist der Orion so hineinkopiert wie wir ihn von der Nordhalbkugel aus zu sehen bekommen.<\/p>\n<p>[\/et_pb_text][\/et_pb_column][\/et_pb_row][et_pb_row _builder_version=&#8220;4.9.4&#8243; _module_preset=&#8220;default&#8220;][et_pb_column type=&#8220;4_4&#8243; _builder_version=&#8220;4.9.4&#8243; _module_preset=&#8220;default&#8220;][et_pb_text _builder_version=&#8220;4.9.4&#8243; _module_preset=&#8220;default&#8220; text_font_size=&#8220;11px&#8220;]<\/p>\n<p><span style=\"color: #999999;\">Aktualisiert am 03.06.2021 \/ heinz.hofer[\u00e4t]quicknet.ch<\/span><\/p>\n<p>[\/et_pb_text][\/et_pb_column][\/et_pb_row][\/et_pb_section]<\/p>\n","protected":false},"excerpt":{"rendered":"<p>13. Dez. 2012: Orion steht von der S\u00fcdhalbkugel betrachtet auf dem Kopf13.12.2012, Neuseeland: &#8220; Ist doch der tapfere Orion tats\u00e4chlich auf dem Kopf gelandet&#8230;&#8220; Dieses Bild hat uns Beat Kr\u00e4henb\u00fchl (Programmierer der Lernsoftware &#8222;Sternbilder kennen lernen&#8220;) geschickt. Ganz herzlichen Dank! Unten rechts ist der Orion so hineinkopiert wie wir ihn von der Nordhalbkugel aus zu [&hellip;]<\/p>\n","protected":false},"author":1,"featured_media":0,"parent":0,"menu_order":0,"comment_status":"closed","ping_status":"closed","template":"","meta":{"_et_pb_use_builder":"on","_et_pb_old_content":"","_et_gb_content_width":"","footnotes":""},"class_list":["post-1230","page","type-page","status-publish","hentry"],"_links":{"self":[{"href":"https:\/\/sterneerleben.info\/beobachtungsarchiv\/wp-json\/wp\/v2\/pages\/1230","targetHints":{"allow":["GET"]}}],"collection":[{"href":"https:\/\/sterneerleben.info\/beobachtungsarchiv\/wp-json\/wp\/v2\/pages"}],"about":[{"href":"https:\/\/sterneerleben.info\/beobachtungsarchiv\/wp-json\/wp\/v2\/types\/page"}],"author":[{"embeddable":true,"href":"https:\/\/sterneerleben.info\/beobachtungsarchiv\/wp-json\/wp\/v2\/users\/1"}],"replies":[{"embeddable":true,"href":"https:\/\/sterneerleben.info\/beobachtungsarchiv\/wp-json\/wp\/v2\/comments?post=1230"}],"version-history":[{"count":4,"href":"https:\/\/sterneerleben.info\/beobachtungsarchiv\/wp-json\/wp\/v2\/pages\/1230\/revisions"}],"predecessor-version":[{"id":1236,"href":"https:\/\/sterneerleben.info\/beobachtungsarchiv\/wp-json\/wp\/v2\/pages\/1230\/revisions\/1236"}],"wp:attachment":[{"href":"https:\/\/sterneerleben.info\/beobachtungsarchiv\/wp-json\/wp\/v2\/media?parent=1230"}],"curies":[{"name":"wp","href":"https:\/\/api.w.org\/{rel}","templated":true}]}}