{"id":1215,"date":"2021-06-03T17:10:39","date_gmt":"2021-06-03T15:10:39","guid":{"rendered":"https:\/\/sterneerleben.info\/beobachtungsarchiv\/?page_id=1215"},"modified":"2021-06-03T17:10:47","modified_gmt":"2021-06-03T15:10:47","slug":"01-04-12-gefahrenmeer","status":"publish","type":"page","link":"https:\/\/sterneerleben.info\/beobachtungsarchiv\/01-04-12-gefahrenmeer\/","title":{"rendered":"01.04.12 Gefahrenmeer"},"content":{"rendered":"<p>[et_pb_section fb_built=&#8220;1&#8243; _builder_version=&#8220;4.9.2&#8243; _module_preset=&#8220;default&#8220; background_color=&#8220;#222222&#8243;][et_pb_row _builder_version=&#8220;4.9.2&#8243; _module_preset=&#8220;default&#8220;][et_pb_column type=&#8220;4_4&#8243; _builder_version=&#8220;4.9.2&#8243; _module_preset=&#8220;default&#8220;][et_pb_text _builder_version=&#8220;4.9.4&#8243; _module_preset=&#8220;default&#8220; text_text_color=&#8220;#DBDBDB&#8220; header_text_color=&#8220;#DBDBDB&#8220; custom_padding=&#8220;0px|||||&#8220; hover_enabled=&#8220;0&#8243; sticky_enabled=&#8220;0&#8243;]<\/p>\n<h1>01. April 2012: Das Meer der Gefahren f\u00e4llt fast \u00fcber den Mondrand<\/h1>\n<p>[\/et_pb_text][et_pb_image src=&#8220;https:\/\/sterneerleben.info\/beobachtungsarchiv\/wp-content\/uploads\/2021\/06\/120401_mond_2131uhr_web_II.jpg&#8220; alt=&#8220;Meer der Gefahren&#8220; title_text=&#8220;120401_mond_2131uhr_web_II&#8220; _builder_version=&#8220;4.9.4&#8243; _module_preset=&#8220;default&#8220; hover_enabled=&#8220;0&#8243; sticky_enabled=&#8220;0&#8243;][\/et_pb_image][et_pb_text _builder_version=&#8220;4.9.4&#8243; _module_preset=&#8220;default&#8220; text_text_color=&#8220;#DBDBDB&#8220; custom_padding=&#8220;||0px|||&#8220; hover_enabled=&#8220;0&#8243; sticky_enabled=&#8220;0&#8243;]<\/p>\n<p>01.04.2012, 21.31 Uhr, Wilderswil: Zwei spezielle Ph\u00e4nomene sind auf dem Mond zu beobachten:<br \/>Einerseits die extreme randst\u00e4ndige Lage des Meeres der Gefahren (rundes Meer oben rechts). Der Mond wendet uns zwar immer die gleiche Seite zu. Er wackelt jedoch leicht hin und her, so dass das erw\u00e4hnte Meer manchmal n\u00e4her (wie auf diesem Bild) und dann wieder weiter vom &#8222;Abgrund&#8220; entfernt ist. Diesem Ph\u00e4nomen hat das Meer wohl auch seinen Namen zu verdanken. Unterhalb des Meeres ist \u00fcbrigens der Fussballspieler mit Hut auszumachen.<br \/>Andererseits taucht bei dieser Mondphase oben links beim \u00dcbergang in den Schattenbereich langsam der so genannte &#8222;Goldene Henkel&#8220; auf (nur ganz schwach zu erkennen). Dabei ragen Spitzen eines Ringgebirges in die Mondnacht hinein und bilden dieses auff\u00e4llige Merkmal.<\/p>\n<p>Nikon D3s: 1\/500 s, f\/8, 800 ISO, 400 mm (Foto: hh).<\/p>\n<p>Etwas mehr als zwei Stunden sp\u00e4ter (24.00 Uhr) ist der &#8222;Goldene Henkel&#8220; noch besser zu sehen (siehe Bild unten!).<\/p>\n<p>[\/et_pb_text][et_pb_image src=&#8220;https:\/\/sterneerleben.info\/beobachtungsarchiv\/wp-content\/uploads\/2021\/06\/120401_mond_2400uhr_web_II.jpg&#8220; alt=&#8220;Goldener Henkel&#8220; title_text=&#8220;120401_mond_2400uhr_web_II&#8220; _builder_version=&#8220;4.9.4&#8243; _module_preset=&#8220;default&#8220; hover_enabled=&#8220;0&#8243; sticky_enabled=&#8220;0&#8243;][\/et_pb_image][\/et_pb_column][\/et_pb_row][et_pb_row _builder_version=&#8220;4.9.4&#8243; _module_preset=&#8220;default&#8220;][et_pb_column type=&#8220;4_4&#8243; _builder_version=&#8220;4.9.4&#8243; _module_preset=&#8220;default&#8220;][et_pb_text _builder_version=&#8220;4.9.4&#8243; _module_preset=&#8220;default&#8220; text_font_size=&#8220;11px&#8220; hover_enabled=&#8220;0&#8243; sticky_enabled=&#8220;0&#8243;]<\/p>\n<p><span style=\"color: #999999;\">Aktualisiert am 03.06.2021 \/ heinz.hofer[\u00e4t]quicknet.ch<\/span><\/p>\n<p>[\/et_pb_text][\/et_pb_column][\/et_pb_row][\/et_pb_section]<\/p>\n","protected":false},"excerpt":{"rendered":"<p>01. April 2012: Das Meer der Gefahren f\u00e4llt fast \u00fcber den Mondrand01.04.2012, 21.31 Uhr, Wilderswil: Zwei spezielle Ph\u00e4nomene sind auf dem Mond zu beobachten:Einerseits die extreme randst\u00e4ndige Lage des Meeres der Gefahren (rundes Meer oben rechts). Der Mond wendet uns zwar immer die gleiche Seite zu. Er wackelt jedoch leicht hin und her, so dass [&hellip;]<\/p>\n","protected":false},"author":1,"featured_media":0,"parent":0,"menu_order":0,"comment_status":"closed","ping_status":"closed","template":"","meta":{"_et_pb_use_builder":"on","_et_pb_old_content":"","_et_gb_content_width":"","footnotes":""},"class_list":["post-1215","page","type-page","status-publish","hentry"],"_links":{"self":[{"href":"https:\/\/sterneerleben.info\/beobachtungsarchiv\/wp-json\/wp\/v2\/pages\/1215","targetHints":{"allow":["GET"]}}],"collection":[{"href":"https:\/\/sterneerleben.info\/beobachtungsarchiv\/wp-json\/wp\/v2\/pages"}],"about":[{"href":"https:\/\/sterneerleben.info\/beobachtungsarchiv\/wp-json\/wp\/v2\/types\/page"}],"author":[{"embeddable":true,"href":"https:\/\/sterneerleben.info\/beobachtungsarchiv\/wp-json\/wp\/v2\/users\/1"}],"replies":[{"embeddable":true,"href":"https:\/\/sterneerleben.info\/beobachtungsarchiv\/wp-json\/wp\/v2\/comments?post=1215"}],"version-history":[{"count":2,"href":"https:\/\/sterneerleben.info\/beobachtungsarchiv\/wp-json\/wp\/v2\/pages\/1215\/revisions"}],"predecessor-version":[{"id":1219,"href":"https:\/\/sterneerleben.info\/beobachtungsarchiv\/wp-json\/wp\/v2\/pages\/1215\/revisions\/1219"}],"wp:attachment":[{"href":"https:\/\/sterneerleben.info\/beobachtungsarchiv\/wp-json\/wp\/v2\/media?parent=1215"}],"curies":[{"name":"wp","href":"https:\/\/api.w.org\/{rel}","templated":true}]}}