{"id":118,"date":"2021-05-16T09:45:25","date_gmt":"2021-05-16T07:45:25","guid":{"rendered":"https:\/\/sterneerleben.info\/beobachtungsarchiv\/?page_id=118"},"modified":"2022-11-04T00:14:08","modified_gmt":"2022-11-03T23:14:08","slug":"118-2","status":"publish","type":"page","link":"https:\/\/sterneerleben.info\/beobachtungsarchiv\/","title":{"rendered":"Home"},"content":{"rendered":"<p>[et_pb_section fb_built=&#8220;1&#8243; _builder_version=&#8220;4.19.0&#8243; _module_preset=&#8220;default&#8220; background_color=&#8220;#222222&#8243; hover_enabled=&#8220;0&#8243; global_colors_info=&#8220;{}&#8220; sticky_enabled=&#8220;0&#8243;][et_pb_row _builder_version=&#8220;4.16&#8243; _module_preset=&#8220;default&#8220; global_colors_info=&#8220;{}&#8220;][et_pb_column type=&#8220;4_4&#8243; _builder_version=&#8220;4.16&#8243; _module_preset=&#8220;default&#8220; global_colors_info=&#8220;{}&#8220;][et_pb_text _builder_version=&#8220;4.16&#8243; _module_preset=&#8220;default&#8220; text_text_color=&#8220;#DBDBDB&#8220; header_text_color=&#8220;#DBDBDB&#8220; global_colors_info=&#8220;{}&#8220;]<\/p>\n<h1>Fotos zu den Beobachtungsaufgaben der Sterne-erleben-Veranstaltungen<\/h1>\n<p>[\/et_pb_text][et_pb_text _builder_version=&#8220;4.16&#8243; _module_preset=&#8220;default&#8220; text_text_color=&#8220;#DBDBDB&#8220; text_font_size=&#8220;18px&#8220; custom_padding=&#8220;||0px|||&#8220; global_colors_info=&#8220;{}&#8220;]<\/p>\n<p>Ausgew\u00e4hlte Fotos zu den Beobachtungsaufgaben der Sterne-erleben-Veranstaltungen werden hier archiviert. W\u00e4hle einfach oben rechts im Men\u00fc das gew\u00fcnschte Beobachtungsjahr und Datum aus!<\/p>\n<p>Viel Vergn\u00fcgen! Heinz Hofer<\/p>\n<p>[\/et_pb_text][et_pb_text _builder_version=&#8220;4.16&#8243; _module_preset=&#8220;default&#8220; global_colors_info=&#8220;{}&#8220;]<\/p>\n<p><span style=\"color: #ffff00;\">Diese Site ersetzt die Site <a href=\"https:\/\/sterneerleben.info\/beobachtungsarchiv_old\/\" target=\"_blank\" rel=\"noopener\">https:\/\/sterneerleben.info\/beobachtungsarchiv_old<\/a><br \/><\/span><\/p>\n<p>[\/et_pb_text][et_pb_image src=&#8220;https:\/\/sterneerleben.info\/beobachtungsarchiv\/wp-content\/uploads\/2021\/05\/home.jpg&#8220; title_text=&#8220;home&#8220; _builder_version=&#8220;4.16&#8243; _module_preset=&#8220;default&#8220; global_colors_info=&#8220;{}&#8220;][\/et_pb_image][\/et_pb_column][\/et_pb_row][et_pb_row _builder_version=&#8220;4.16&#8243; _module_preset=&#8220;default&#8220; global_colors_info=&#8220;{}&#8220;][et_pb_column type=&#8220;4_4&#8243; _builder_version=&#8220;4.16&#8243; _module_preset=&#8220;default&#8220; global_colors_info=&#8220;{}&#8220;][et_pb_text _builder_version=&#8220;4.16&#8243; _module_preset=&#8220;default&#8220; text_font_size=&#8220;11px&#8220; global_colors_info=&#8220;{}&#8220;]<\/p>\n<p><span style=\"color: #999999;\">Aktualisiert am 18.05.2021 \/ heinz.hofer[\u00e4t]quicknet.ch<\/span><\/p>\n<p>[\/et_pb_text][\/et_pb_column][\/et_pb_row][\/et_pb_section]<\/p>\n","protected":false},"excerpt":{"rendered":"<p>Fotos zu den Beobachtungsaufgaben der Sterne-erleben-VeranstaltungenAusgew\u00e4hlte Fotos zu den Beobachtungsaufgaben der Sterne-erleben-Veranstaltungen werden hier archiviert. W\u00e4hle einfach oben rechts im Men\u00fc das gew\u00fcnschte Beobachtungsjahr und Datum aus! Viel Vergn\u00fcgen! Heinz HoferDiese Site ersetzt die Site https:\/\/sterneerleben.info\/beobachtungsarchiv_oldAktualisiert am 18.05.2021 \/ heinz.hofer[\u00e4t]quicknet.ch<\/p>\n","protected":false},"author":1,"featured_media":0,"parent":0,"menu_order":0,"comment_status":"closed","ping_status":"closed","template":"","meta":{"_et_pb_use_builder":"on","_et_pb_old_content":"","_et_gb_content_width":"","footnotes":""},"class_list":["post-118","page","type-page","status-publish","hentry"],"_links":{"self":[{"href":"https:\/\/sterneerleben.info\/beobachtungsarchiv\/wp-json\/wp\/v2\/pages\/118","targetHints":{"allow":["GET"]}}],"collection":[{"href":"https:\/\/sterneerleben.info\/beobachtungsarchiv\/wp-json\/wp\/v2\/pages"}],"about":[{"href":"https:\/\/sterneerleben.info\/beobachtungsarchiv\/wp-json\/wp\/v2\/types\/page"}],"author":[{"embeddable":true,"href":"https:\/\/sterneerleben.info\/beobachtungsarchiv\/wp-json\/wp\/v2\/users\/1"}],"replies":[{"embeddable":true,"href":"https:\/\/sterneerleben.info\/beobachtungsarchiv\/wp-json\/wp\/v2\/comments?post=118"}],"version-history":[{"count":10,"href":"https:\/\/sterneerleben.info\/beobachtungsarchiv\/wp-json\/wp\/v2\/pages\/118\/revisions"}],"predecessor-version":[{"id":1989,"href":"https:\/\/sterneerleben.info\/beobachtungsarchiv\/wp-json\/wp\/v2\/pages\/118\/revisions\/1989"}],"wp:attachment":[{"href":"https:\/\/sterneerleben.info\/beobachtungsarchiv\/wp-json\/wp\/v2\/media?parent=118"}],"curies":[{"name":"wp","href":"https:\/\/api.w.org\/{rel}","templated":true}]}}