{"id":1109,"date":"2021-05-31T22:08:49","date_gmt":"2021-05-31T20:08:49","guid":{"rendered":"https:\/\/sterneerleben.info\/beobachtungsarchiv\/?page_id=1109"},"modified":"2021-05-31T22:08:55","modified_gmt":"2021-05-31T20:08:55","slug":"01-03-12-mondhoerner","status":"publish","type":"page","link":"https:\/\/sterneerleben.info\/beobachtungsarchiv\/01-03-12-mondhoerner\/","title":{"rendered":"01.03.12 Mondh\u00f6rner"},"content":{"rendered":"<p>[et_pb_section fb_built=&#8220;1&#8243; _builder_version=&#8220;4.9.2&#8243; _module_preset=&#8220;default&#8220; background_color=&#8220;#222222&#8243;][et_pb_row _builder_version=&#8220;4.9.2&#8243; _module_preset=&#8220;default&#8220;][et_pb_column type=&#8220;4_4&#8243; _builder_version=&#8220;4.9.2&#8243; _module_preset=&#8220;default&#8220;][et_pb_text _builder_version=&#8220;4.9.4&#8243; _module_preset=&#8220;default&#8220; text_text_color=&#8220;#DBDBDB&#8220; header_text_color=&#8220;#DBDBDB&#8220; custom_padding=&#8220;0px|||||&#8220; hover_enabled=&#8220;0&#8243; sticky_enabled=&#8220;0&#8243;]<\/p>\n<h1>01. M\u00e4rz 2012: Der Mond steht zwischen den H\u00f6rnern des Stiers<\/h1>\n<p>[\/et_pb_text][et_pb_image src=&#8220;https:\/\/sterneerleben.info\/beobachtungsarchiv\/wp-content\/uploads\/2021\/05\/120301_mond_jupi_web_II.jpg&#8220; alt=&#8220;Mond zwischen den H\u00f6rnern&#8220; title_text=&#8220;120301_mond_jupi_web_II&#8220; _builder_version=&#8220;4.9.4&#8243; _module_preset=&#8220;default&#8220; hover_enabled=&#8220;0&#8243; sticky_enabled=&#8220;0&#8243;][\/et_pb_image][et_pb_text _builder_version=&#8220;4.9.4&#8243; _module_preset=&#8220;default&#8220; text_text_color=&#8220;#DBDBDB&#8220; custom_padding=&#8220;||0px|||&#8220; hover_enabled=&#8220;0&#8243; sticky_enabled=&#8220;0&#8243;]<\/p>\n<p>01.03.2012, 21.27 Uhr, Wilderswil: Orion, Mond, Stier, Siebengestirn und knapp \u00fcber dem Horizont der Jupiter (vgl. 24., 26., 27. und 29.02.12!).<br \/>Nikon D3s: 0.62 s, f\/2, 6400 ISO, 24 mm (Foto: hh).<\/p>\n<p>[\/et_pb_text][et_pb_image src=&#8220;https:\/\/sterneerleben.info\/beobachtungsarchiv\/wp-content\/uploads\/2021\/05\/120301_mond_jupi_striche_web_II.jpg&#8220; alt=&#8220;Mond zwischen den H\u00f6rnern&#8220; title_text=&#8220;120301_mond_jupi_striche_web_II&#8220; _builder_version=&#8220;4.9.4&#8243; _module_preset=&#8220;default&#8220; hover_enabled=&#8220;0&#8243; sticky_enabled=&#8220;0&#8243;][\/et_pb_image][\/et_pb_column][\/et_pb_row][et_pb_row _builder_version=&#8220;4.9.4&#8243; _module_preset=&#8220;default&#8220;][et_pb_column type=&#8220;4_4&#8243; _builder_version=&#8220;4.9.4&#8243; _module_preset=&#8220;default&#8220;][et_pb_text _builder_version=&#8220;4.9.4&#8243; _module_preset=&#8220;default&#8220; text_font_size=&#8220;11px&#8220;]<\/p>\n<p><span style=\"color: #999999;\">Aktualisiert am 27.05.2021 \/ heinz.hofer[\u00e4t]quicknet.ch<\/span><\/p>\n<p>[\/et_pb_text][\/et_pb_column][\/et_pb_row][\/et_pb_section]<\/p>\n","protected":false},"excerpt":{"rendered":"<p>01. M\u00e4rz 2012: Der Mond steht zwischen den H\u00f6rnern des Stiers01.03.2012, 21.27 Uhr, Wilderswil: Orion, Mond, Stier, Siebengestirn und knapp \u00fcber dem Horizont der Jupiter (vgl. 24., 26., 27. und 29.02.12!).Nikon D3s: 0.62 s, f\/2, 6400 ISO, 24 mm (Foto: hh).Aktualisiert am 27.05.2021 \/ heinz.hofer[\u00e4t]quicknet.ch<\/p>\n","protected":false},"author":1,"featured_media":0,"parent":0,"menu_order":0,"comment_status":"closed","ping_status":"closed","template":"","meta":{"_et_pb_use_builder":"on","_et_pb_old_content":"","_et_gb_content_width":"","footnotes":""},"class_list":["post-1109","page","type-page","status-publish","hentry"],"_links":{"self":[{"href":"https:\/\/sterneerleben.info\/beobachtungsarchiv\/wp-json\/wp\/v2\/pages\/1109","targetHints":{"allow":["GET"]}}],"collection":[{"href":"https:\/\/sterneerleben.info\/beobachtungsarchiv\/wp-json\/wp\/v2\/pages"}],"about":[{"href":"https:\/\/sterneerleben.info\/beobachtungsarchiv\/wp-json\/wp\/v2\/types\/page"}],"author":[{"embeddable":true,"href":"https:\/\/sterneerleben.info\/beobachtungsarchiv\/wp-json\/wp\/v2\/users\/1"}],"replies":[{"embeddable":true,"href":"https:\/\/sterneerleben.info\/beobachtungsarchiv\/wp-json\/wp\/v2\/comments?post=1109"}],"version-history":[{"count":3,"href":"https:\/\/sterneerleben.info\/beobachtungsarchiv\/wp-json\/wp\/v2\/pages\/1109\/revisions"}],"predecessor-version":[{"id":1114,"href":"https:\/\/sterneerleben.info\/beobachtungsarchiv\/wp-json\/wp\/v2\/pages\/1109\/revisions\/1114"}],"wp:attachment":[{"href":"https:\/\/sterneerleben.info\/beobachtungsarchiv\/wp-json\/wp\/v2\/media?parent=1109"}],"curies":[{"name":"wp","href":"https:\/\/api.w.org\/{rel}","templated":true}]}}