{"id":1004,"date":"2021-05-30T21:33:48","date_gmt":"2021-05-30T19:33:48","guid":{"rendered":"https:\/\/sterneerleben.info\/beobachtungsarchiv\/?page_id=1004"},"modified":"2021-05-30T21:34:48","modified_gmt":"2021-05-30T19:34:48","slug":"09-04-13-jupiter","status":"publish","type":"page","link":"https:\/\/sterneerleben.info\/beobachtungsarchiv\/09-04-13-jupiter\/","title":{"rendered":"09.04.13 Jupiter"},"content":{"rendered":"<p>[et_pb_section fb_built=&#8220;1&#8243; _builder_version=&#8220;4.9.2&#8243; _module_preset=&#8220;default&#8220; background_color=&#8220;#222222&#8243;][et_pb_row _builder_version=&#8220;4.9.2&#8243; _module_preset=&#8220;default&#8220;][et_pb_column type=&#8220;4_4&#8243; _builder_version=&#8220;4.9.2&#8243; _module_preset=&#8220;default&#8220;][et_pb_text _builder_version=&#8220;4.9.4&#8243; _module_preset=&#8220;default&#8220; text_text_color=&#8220;#DBDBDB&#8220; header_text_color=&#8220;#DBDBDB&#8220; custom_padding=&#8220;0px|||||&#8220; hover_enabled=&#8220;0&#8243; sticky_enabled=&#8220;0&#8243;]<\/p>\n<h1>09. April 2013: Jupiter hat seine Laufrichtung ge\u00e4ndert und steht wieder zwischen den H\u00f6rnern des Stiers<\/h1>\n<p>[\/et_pb_text][et_pb_image src=&#8220;https:\/\/sterneerleben.info\/beobachtungsarchiv\/wp-content\/uploads\/2021\/05\/130409_jupiter_DSC_2122_web_II.jpg&#8220; alt=&#8220;Jupiter im Stier&#8220; title_text=&#8220;130409_jupiter_DSC_2122_web_II&#8220; _builder_version=&#8220;4.9.4&#8243; _module_preset=&#8220;default&#8220; hover_enabled=&#8220;0&#8243; sticky_enabled=&#8220;0&#8243;][\/et_pb_image][et_pb_text _builder_version=&#8220;4.9.4&#8243; _module_preset=&#8220;default&#8220; text_text_color=&#8220;#DBDBDB&#8220; custom_padding=&#8220;||0px|||&#8220; hover_enabled=&#8220;0&#8243; sticky_enabled=&#8220;0&#8243;]<\/p>\n<p>09.04.2013, 23.17 Uhr, Runde (No): Jupiter hat seine Bewegunsrichtung ge\u00e4ndert. Er steht nun wieder zwischen den H\u00f6rnern des Stiers. Vergleiche die Position mit denjenigen vom &#8222;12.12.12 Wandelstern&#8220; und vom &#8222;07.11.12 Heller Stern&#8220;!<br \/>Nikon D800: 4 s, f\/2.8, 3&#8217;200 ISO, 35 mm [24-70 mm] (Foto: hh).<\/p>\n<p>[\/et_pb_text][et_pb_image src=&#8220;https:\/\/sterneerleben.info\/beobachtungsarchiv\/wp-content\/uploads\/2021\/05\/130409_jupiter_DSC_2122_striche_web_II.jpg&#8220; _builder_version=&#8220;4.9.4&#8243; _module_preset=&#8220;default&#8220; alt=&#8220;Jupiter im Stier&#8220; title_text=&#8220;130409_jupiter_DSC_2122_striche_web_II&#8220; hover_enabled=&#8220;0&#8243; sticky_enabled=&#8220;0&#8243;][\/et_pb_image][\/et_pb_column][\/et_pb_row][et_pb_row _builder_version=&#8220;4.9.4&#8243; _module_preset=&#8220;default&#8220;][et_pb_column type=&#8220;4_4&#8243; _builder_version=&#8220;4.9.4&#8243; _module_preset=&#8220;default&#8220;][et_pb_text _builder_version=&#8220;4.9.4&#8243; _module_preset=&#8220;default&#8220; text_font_size=&#8220;11px&#8220; hover_enabled=&#8220;0&#8243; sticky_enabled=&#8220;0&#8243;]<\/p>\n<p><span style=\"color: #999999;\">Aktualisiert am 30.05.2021 \/ heinz.hofer[\u00e4t]quicknet.ch<\/span><\/p>\n<p>[\/et_pb_text][\/et_pb_column][\/et_pb_row][\/et_pb_section]<\/p>\n","protected":false},"excerpt":{"rendered":"<p>09. April 2013: Jupiter hat seine Laufrichtung ge\u00e4ndert und steht wieder zwischen den H\u00f6rnern des Stiers09.04.2013, 23.17 Uhr, Runde (No): Jupiter hat seine Bewegunsrichtung ge\u00e4ndert. Er steht nun wieder zwischen den H\u00f6rnern des Stiers. Vergleiche die Position mit denjenigen vom &#8222;12.12.12 Wandelstern&#8220; und vom &#8222;07.11.12 Heller Stern&#8220;!Nikon D800: 4 s, f\/2.8, 3&#8217;200 ISO, 35 mm [&hellip;]<\/p>\n","protected":false},"author":1,"featured_media":0,"parent":0,"menu_order":0,"comment_status":"closed","ping_status":"closed","template":"","meta":{"_et_pb_use_builder":"on","_et_pb_old_content":"","_et_gb_content_width":"","footnotes":""},"class_list":["post-1004","page","type-page","status-publish","hentry"],"_links":{"self":[{"href":"https:\/\/sterneerleben.info\/beobachtungsarchiv\/wp-json\/wp\/v2\/pages\/1004","targetHints":{"allow":["GET"]}}],"collection":[{"href":"https:\/\/sterneerleben.info\/beobachtungsarchiv\/wp-json\/wp\/v2\/pages"}],"about":[{"href":"https:\/\/sterneerleben.info\/beobachtungsarchiv\/wp-json\/wp\/v2\/types\/page"}],"author":[{"embeddable":true,"href":"https:\/\/sterneerleben.info\/beobachtungsarchiv\/wp-json\/wp\/v2\/users\/1"}],"replies":[{"embeddable":true,"href":"https:\/\/sterneerleben.info\/beobachtungsarchiv\/wp-json\/wp\/v2\/comments?post=1004"}],"version-history":[{"count":3,"href":"https:\/\/sterneerleben.info\/beobachtungsarchiv\/wp-json\/wp\/v2\/pages\/1004\/revisions"}],"predecessor-version":[{"id":1010,"href":"https:\/\/sterneerleben.info\/beobachtungsarchiv\/wp-json\/wp\/v2\/pages\/1004\/revisions\/1010"}],"wp:attachment":[{"href":"https:\/\/sterneerleben.info\/beobachtungsarchiv\/wp-json\/wp\/v2\/media?parent=1004"}],"curies":[{"name":"wp","href":"https:\/\/api.w.org\/{rel}","templated":true}]}}